{"id":8821,"date":"2022-09-19T16:22:30","date_gmt":"2022-09-19T16:22:30","guid":{"rendered":"https:\/\/testing.carbonactivatedeurope.com\/uslugi\/consulting\/"},"modified":"2025-04-02T02:39:39","modified_gmt":"2025-04-02T02:39:39","slug":"doradztwo","status":"publish","type":"page","link":"https:\/\/www.carbonactivatedeurope.com\/pl\/uslugi\/doradztwo\/","title":{"rendered":"Doradztwo"},"content":{"rendered":"\t\t<div data-elementor-type=\"wp-post\" data-elementor-id=\"8821\" class=\"elementor elementor-8821 elementor-1404\">\n\t\t\t\t\t\t<section class=\"elementor-section elementor-top-section elementor-element elementor-element-39dabc18 elementor-section-content-middle elementor-section-boxed elementor-section-height-default elementor-section-height-default\" data-id=\"39dabc18\" data-element_type=\"section\" data-e-type=\"section\" data-settings=\"{&quot;background_background&quot;:&quot;classic&quot;}\">\n\t\t\t\t\t\t\t<div class=\"elementor-background-overlay\"><\/div>\n\t\t\t\t\t\t\t<div class=\"elementor-container elementor-column-gap-no\">\n\t\t\t\t\t<div class=\"elementor-column elementor-col-100 elementor-top-column elementor-element elementor-element-f60585f\" data-id=\"f60585f\" data-element_type=\"column\" data-e-type=\"column\">\n\t\t\t<div class=\"elementor-widget-wrap elementor-element-populated\">\n\t\t\t\t\t\t<div class=\"elementor-element elementor-element-438af913 elementor-invisible elementor-widget elementor-widget-heading\" data-id=\"438af913\" data-element_type=\"widget\" data-e-type=\"widget\" data-settings=\"{&quot;_animation&quot;:&quot;fadeIn&quot;}\" data-widget_type=\"heading.default\">\n\t\t\t\t<div class=\"elementor-widget-container\">\n\t\t\t\t\t<h1 class=\"elementor-heading-title elementor-size-default\">Us\u0142ugi konsultingowe<\/h1>\t\t\t\t<\/div>\n\t\t\t\t<\/div>\n\t\t\t\t\t<\/div>\n\t\t<\/div>\n\t\t\t\t\t<\/div>\n\t\t<\/section>\n\t\t\t\t<section class=\"elementor-section elementor-top-section elementor-element elementor-element-f320f14 elementor-section-boxed elementor-section-height-default elementor-section-height-default\" data-id=\"f320f14\" data-element_type=\"section\" data-e-type=\"section\">\n\t\t\t\t\t\t<div class=\"elementor-container elementor-column-gap-default\">\n\t\t\t\t\t<div class=\"elementor-column elementor-col-100 elementor-top-column elementor-element elementor-element-44eb5e5\" data-id=\"44eb5e5\" data-element_type=\"column\" data-e-type=\"column\">\n\t\t\t<div class=\"elementor-widget-wrap elementor-element-populated\">\n\t\t\t\t\t\t<div class=\"elementor-element elementor-element-c399a54 elementor-widget elementor-widget-heading\" data-id=\"c399a54\" data-element_type=\"widget\" data-e-type=\"widget\" data-widget_type=\"heading.default\">\n\t\t\t\t<div class=\"elementor-widget-container\">\n\t\t\t\t\t<h2 class=\"elementor-heading-title elementor-size-default\">Jak dobra\u0107 w\u0119giel aktywny do procesu?<\/h2>\t\t\t\t<\/div>\n\t\t\t\t<\/div>\n\t\t\t\t\t<\/div>\n\t\t<\/div>\n\t\t\t\t\t<\/div>\n\t\t<\/section>\n\t\t\t\t<section class=\"elementor-section elementor-top-section elementor-element elementor-element-aac7692 elementor-section-boxed elementor-section-height-default elementor-section-height-default\" data-id=\"aac7692\" data-element_type=\"section\" data-e-type=\"section\">\n\t\t\t\t\t\t<div class=\"elementor-container elementor-column-gap-default\">\n\t\t\t\t\t<div class=\"elementor-column elementor-col-100 elementor-top-column elementor-element elementor-element-81298eb\" data-id=\"81298eb\" data-element_type=\"column\" data-e-type=\"column\">\n\t\t\t<div class=\"elementor-widget-wrap elementor-element-populated\">\n\t\t\t\t\t\t<div class=\"elementor-element elementor-element-21b8a88 elementor-widget elementor-widget-text-editor\" data-id=\"21b8a88\" data-element_type=\"widget\" data-e-type=\"widget\" data-widget_type=\"text-editor.default\">\n\t\t\t\t<div class=\"elementor-widget-container\">\n\t\t\t\t\t\t\t\t\t<p>Ch\u0119tnie s\u0142uchamy naszych klient\u00f3w i poznajemy ich problemy techniczne, aby m\u00f3c na podstawie tej wiedzy zaproponowa\u0107 skuteczne adsorbenty. Konsultacje tego rodzaju s\u0105 cz\u0119sto punktem wyj\u015bcia dla naszej wsp\u00f3\u0142pracy. Pomo\u017cemy wybra\u0107 odpowiedni w\u0119giel, aby uzyska\u0107 najlepsze wyniki. Opr\u00f3cz dostarczania r\u00f3\u017cnych produkt\u00f3w mo\u017cemy zaoferowa\u0107 naszym klientom specjalistyczne doradztwo we wszystkich kwestiach zwi\u0105zanych z produktami z w\u0119glem aktywnym. Us\u0142ugi te mo\u017cemy \u015bwiadczy\u0107 dzi\u0119ki do\u015bwiadczonemu zespo\u0142owi, kt\u00f3ry dysponuje specjalistyczn\u0105 wiedz\u0105 bran\u017cow\u0105. Dodatkow\u0105 pomoc\u0105 w naszej dzia\u0142alno\u015bci doradczej jest tak\u017ce dost\u0119p do w\u0142asnego laboratorium bada\u0144 nad w\u0119glem aktywnym, wyposa\u017conego we wszystkie najnowsze urz\u0105dzenia.<\/p>\t\t\t\t\t\t\t\t<\/div>\n\t\t\t\t<\/div>\n\t\t\t\t\t<\/div>\n\t\t<\/div>\n\t\t\t\t\t<\/div>\n\t\t<\/section>\n\t\t\t\t<section class=\"elementor-section elementor-top-section elementor-element elementor-element-1e9ab4d elementor-section-boxed elementor-section-height-default elementor-section-height-default\" data-id=\"1e9ab4d\" data-element_type=\"section\" data-e-type=\"section\" data-settings=\"{&quot;background_background&quot;:&quot;classic&quot;}\">\n\t\t\t\t\t\t<div class=\"elementor-container elementor-column-gap-default\">\n\t\t\t\t\t<div class=\"elementor-column elementor-col-33 elementor-top-column elementor-element elementor-element-92f6502\" data-id=\"92f6502\" data-element_type=\"column\" data-e-type=\"column\">\n\t\t\t<div class=\"elementor-widget-wrap elementor-element-populated\">\n\t\t\t\t\t\t<div class=\"elementor-element elementor-element-671c541 elementor-widget elementor-widget-text-editor\" data-id=\"671c541\" data-element_type=\"widget\" data-e-type=\"widget\" data-widget_type=\"text-editor.default\">\n\t\t\t\t<div class=\"elementor-widget-container\">\n\t\t\t\t\t\t\t\t\t<h2 class=\"text-uppercase\">Co jeszcze mo\u017cemy zaoferowa\u0107?<\/h2><p>Nasze us\u0142ugi konsultingowe koncentruj\u0105 si\u0119 na obszarach oczyszczania gaz\u00f3w i \u015bciek\u00f3w, adsorpcji, w\u0119gla aktywnego, chemisorpcji, w\u0119gli i produkt\u00f3w sorbentowych. Oferujemy naszym klientom:<\/p><p>\u00a0<\/p><ul><li>doradztwo w zakresie technologii procesowych,<\/li><li>optymalizacj\u0119 proces\u00f3w,<\/li><li>koncepcje proces\u00f3w,<\/li><li>in\u017cynieri\u0119,<\/li><li>pomoc w pr\u00f3bach terenowych,<\/li><li>media filtracyjne dostosowane do wymaga\u0144 klienta.<\/li><\/ul><p>Carbon Activated Europe dysponuje ekspertami i zasi\u0119giem na ca\u0142ym \u015bwiecie, kt\u00f3re pozwalaj\u0105 pom\u00f3c w realizacji ka\u017cdego projektu, niezale\u017cnie od jego rozmiaru czy lokalizacji. Nasze wysoko wykwalifikowane zespo\u0142y wnosz\u0105 do ka\u017cdego projektu niepowtarzalne po\u0142\u0105czenie do\u015bwiadczenia technicznego, naukowego, prawnego i praktycznego.<\/p>\t\t\t\t\t\t\t\t<\/div>\n\t\t\t\t<\/div>\n\t\t\t\t\t<\/div>\n\t\t<\/div>\n\t\t\t\t<div class=\"elementor-column elementor-col-66 elementor-top-column elementor-element elementor-element-9eec7cb\" data-id=\"9eec7cb\" data-element_type=\"column\" data-e-type=\"column\">\n\t\t\t<div class=\"elementor-widget-wrap elementor-element-populated\">\n\t\t\t\t\t\t<div class=\"elementor-element elementor-element-097bb46 elementor-widget elementor-widget-image\" data-id=\"097bb46\" data-element_type=\"widget\" data-e-type=\"widget\" data-widget_type=\"image.default\">\n\t\t\t\t<div class=\"elementor-widget-container\">\n\t\t\t\t\t\t\t\t\t\t\t\t\t\t\t<img decoding=\"async\" src=\"https:\/\/www.carbonactivatedeurope.com\/wp-content\/uploads\/elementor\/thumbs\/consultancy-riwi4823ia1ssnc7so0o0705rl33u5pfv6nfz3m05e.webp\" title=\"consultancy\" alt=\"consultancy\" loading=\"lazy\" \/>\t\t\t\t\t\t\t\t\t\t\t\t\t\t\t<\/div>\n\t\t\t\t<\/div>\n\t\t\t\t\t<\/div>\n\t\t<\/div>\n\t\t\t\t\t<\/div>\n\t\t<\/section>\n\t\t\t\t<section class=\"elementor-section elementor-top-section elementor-element elementor-element-78978b6 elementor-section-boxed elementor-section-height-default elementor-section-height-default\" data-id=\"78978b6\" data-element_type=\"section\" data-e-type=\"section\" data-settings=\"{&quot;background_background&quot;:&quot;classic&quot;}\">\n\t\t\t\t\t\t<div class=\"elementor-container elementor-column-gap-default\">\n\t\t\t\t\t<div class=\"elementor-column elementor-col-100 elementor-top-column elementor-element elementor-element-f6d9a4e\" data-id=\"f6d9a4e\" data-element_type=\"column\" data-e-type=\"column\">\n\t\t\t<div class=\"elementor-widget-wrap elementor-element-populated\">\n\t\t\t\t\t\t<div class=\"elementor-element elementor-element-38a4c4f elementor-widget elementor-widget-text-editor\" data-id=\"38a4c4f\" data-element_type=\"widget\" data-e-type=\"widget\" data-widget_type=\"text-editor.default\">\n\t\t\t\t<div class=\"elementor-widget-container\">\n\t\t\t\t\t\t\t\t\t<h2>Firma do\u015b\u0107 du\u017ca, by sprosta\u0107 zadaniu, i do\u015b\u0107 ma\u0142a, by troszczy\u0107 si\u0119 o klienta\u2026<\/h2>\n\t\t\t\t\t\t\t\t<\/div>\n\t\t\t\t<\/div>\n\t\t\t\t\t<\/div>\n\t\t<\/div>\n\t\t\t\t\t<\/div>\n\t\t<\/section>\n\t\t\t\t<section class=\"elementor-section elementor-top-section elementor-element elementor-element-372dd51 elementor-section-boxed elementor-section-height-default elementor-section-height-default\" data-id=\"372dd51\" data-element_type=\"section\" data-e-type=\"section\">\n\t\t\t\t\t\t<div class=\"elementor-container elementor-column-gap-default\">\n\t\t\t\t\t<div class=\"elementor-column elementor-col-100 elementor-top-column elementor-element elementor-element-14a5e54\" data-id=\"14a5e54\" data-element_type=\"column\" data-e-type=\"column\" data-settings=\"{&quot;background_background&quot;:&quot;classic&quot;}\">\n\t\t\t<div class=\"elementor-widget-wrap elementor-element-populated\">\n\t\t\t\t\t\t<div class=\"elementor-element elementor-element-601aab7 elementor-widget elementor-widget-heading\" data-id=\"601aab7\" data-element_type=\"widget\" data-e-type=\"widget\" data-widget_type=\"heading.default\">\n\t\t\t\t<div class=\"elementor-widget-container\">\n\t\t\t\t\t<h2 class=\"elementor-heading-title elementor-size-default\">Nasze specjalistyczne doradztwo techniczne i testy laboratoryjne pozwalaj\u0105 zaoferowa\u0107 produkt dostosowany do specyfikacji projektu. Skontaktuj si\u0119 z naszymi ekspertami ju\u017c dzi\u015b.<\/h2>\t\t\t\t<\/div>\n\t\t\t\t<\/div>\n\t\t\t\t<div class=\"elementor-element elementor-element-2b15c1d elementor-align-center elementor-tablet-align-center consulting-contact-btn elementor-widget elementor-widget-button\" data-id=\"2b15c1d\" data-element_type=\"widget\" data-e-type=\"widget\" data-widget_type=\"button.default\">\n\t\t\t\t<div class=\"elementor-widget-container\">\n\t\t\t\t\t\t\t\t\t<div class=\"elementor-button-wrapper\">\n\t\t\t\t\t<a class=\"elementor-button elementor-button-link elementor-size-md\" href=\"\/pl\/kontakt\/\">\n\t\t\t\t\t\t<span class=\"elementor-button-content-wrapper\">\n\t\t\t\t\t\t\t\t\t<span class=\"elementor-button-text\">Skontaktuj si\u0119 z nami<\/span>\n\t\t\t\t\t<\/span>\n\t\t\t\t\t<\/a>\n\t\t\t\t<\/div>\n\t\t\t\t\t\t\t\t<\/div>\n\t\t\t\t<\/div>\n\t\t\t\t\t<\/div>\n\t\t<\/div>\n\t\t\t\t\t<\/div>\n\t\t<\/section>\n\t\t\t\t<\/div>\n\t\t","protected":false},"excerpt":{"rendered":"<p>Us\u0142ugi konsultingowe Jak dobra\u0107 w\u0119giel aktywny do procesu? Ch\u0119tnie s\u0142uchamy naszych klient\u00f3w i poznajemy ich problemy techniczne, aby m\u00f3c na podstawie tej wiedzy zaproponowa\u0107 skuteczne adsorbenty. Konsultacje tego rodzaju s\u0105 cz\u0119sto punktem wyj\u015bcia dla naszej wsp\u00f3\u0142pracy. Pomo\u017cemy wybra\u0107 odpowiedni w\u0119giel, aby uzyska\u0107 najlepsze wyniki. Opr\u00f3cz dostarczania r\u00f3\u017cnych produkt\u00f3w mo\u017cemy zaoferowa\u0107 naszym klientom specjalistyczne doradztwo we [&hellip;]<\/p>\n","protected":false},"author":5,"featured_media":0,"parent":8761,"menu_order":0,"comment_status":"closed","ping_status":"closed","template":"","meta":{"_monsterinsights_skip_tracking":false,"_monsterinsights_sitenote_active":false,"_monsterinsights_sitenote_note":"","_monsterinsights_sitenote_category":0,"site-sidebar-layout":"no-sidebar","site-content-layout":"page-builder","ast-site-content-layout":"full-width-container","site-content-style":"unboxed","site-sidebar-style":"unboxed","ast-global-header-display":"","ast-banner-title-visibility":"","ast-main-header-display":"","ast-hfb-above-header-display":"","ast-hfb-below-header-display":"","ast-hfb-mobile-header-display":"","site-post-title":"disabled","ast-breadcrumbs-content":"","ast-featured-img":"disabled","footer-sml-layout":"","theme-transparent-header-meta":"enabled","adv-header-id-meta":"","stick-header-meta":"","header-above-stick-meta":"","header-main-stick-meta":"","header-below-stick-meta":"","astra-migrate-meta-layouts":"default","ast-page-background-enabled":"default","ast-page-background-meta":{"desktop":{"background-color":"","background-image":"","background-repeat":"repeat","background-position":"center center","background-size":"auto","background-attachment":"scroll","background-type":"","background-media":"","overlay-type":"","overlay-color":"","overlay-gradient":""},"tablet":{"background-color":"","background-image":"","background-repeat":"repeat","background-position":"center center","background-size":"auto","background-attachment":"scroll","background-type":"","background-media":"","overlay-type":"","overlay-color":"","overlay-gradient":""},"mobile":{"background-color":"","background-image":"","background-repeat":"repeat","background-position":"center center","background-size":"auto","background-attachment":"scroll","background-type":"","background-media":"","overlay-type":"","overlay-color":"","overlay-gradient":""}},"ast-content-background-meta":{"desktop":{"background-color":"var(--ast-global-color-5)","background-image":"","background-repeat":"repeat","background-position":"center center","background-size":"auto","background-attachment":"scroll","background-type":"","background-media":"","overlay-type":"","overlay-color":"","overlay-gradient":""},"tablet":{"background-color":"var(--ast-global-color-5)","background-image":"","background-repeat":"repeat","background-position":"center center","background-size":"auto","background-attachment":"scroll","background-type":"","background-media":"","overlay-type":"","overlay-color":"","overlay-gradient":""},"mobile":{"background-color":"var(--ast-global-color-5)","background-image":"","background-repeat":"repeat","background-position":"center center","background-size":"auto","background-attachment":"scroll","background-type":"","background-media":"","overlay-type":"","overlay-color":"","overlay-gradient":""}},"footnotes":""},"class_list":["post-8821","page","type-page","status-publish","hentry"],"yoast_head":"<!-- This site is optimized with the Yoast SEO plugin v26.9 - https:\/\/yoast.com\/product\/yoast-seo-wordpress\/ -->\n<title>Doradztwo - Carbon Activated Europe<\/title>\n<meta name=\"robots\" content=\"index, follow, max-snippet:-1, max-image-preview:large, max-video-preview:-1\" \/>\n<link rel=\"canonical\" href=\"https:\/\/www.carbonactivatedeurope.com\/pl\/uslugi\/doradztwo\/\" \/>\n<meta property=\"og:locale\" content=\"pl_PL\" \/>\n<meta property=\"og:type\" content=\"article\" \/>\n<meta property=\"og:title\" content=\"Doradztwo - Carbon Activated Europe\" \/>\n<meta property=\"og:description\" content=\"Us\u0142ugi konsultingowe Jak dobra\u0107 w\u0119giel aktywny do procesu? Ch\u0119tnie s\u0142uchamy naszych klient\u00f3w i poznajemy ich problemy techniczne, aby m\u00f3c na podstawie tej wiedzy zaproponowa\u0107 skuteczne adsorbenty. Konsultacje tego rodzaju s\u0105 cz\u0119sto punktem wyj\u015bcia dla naszej wsp\u00f3\u0142pracy. Pomo\u017cemy wybra\u0107 odpowiedni w\u0119giel, aby uzyska\u0107 najlepsze wyniki. Opr\u00f3cz dostarczania r\u00f3\u017cnych produkt\u00f3w mo\u017cemy zaoferowa\u0107 naszym klientom specjalistyczne doradztwo we [&hellip;]\" \/>\n<meta property=\"og:url\" content=\"https:\/\/www.carbonactivatedeurope.com\/pl\/uslugi\/doradztwo\/\" \/>\n<meta property=\"og:site_name\" content=\"Carbon Activated Europe\" \/>\n<meta property=\"article:modified_time\" content=\"2025-04-02T02:39:39+00:00\" \/>\n<meta property=\"og:image\" content=\"https:\/\/www.carbonactivatedeurope.com\/wp-content\/uploads\/2025\/04\/consultancy-150x150.webp\" \/>\n<meta name=\"twitter:card\" content=\"summary_large_image\" \/>\n<meta name=\"twitter:label1\" content=\"Szacowany czas czytania\" \/>\n\t<meta name=\"twitter:data1\" content=\"2 minuty\" \/>\n<script type=\"application\/ld+json\" class=\"yoast-schema-graph\">{\"@context\":\"https:\/\/schema.org\",\"@graph\":[{\"@type\":\"WebPage\",\"@id\":\"https:\/\/www.carbonactivatedeurope.com\/pl\/uslugi\/doradztwo\/\",\"url\":\"https:\/\/www.carbonactivatedeurope.com\/pl\/uslugi\/doradztwo\/\",\"name\":\"Doradztwo - Carbon Activated Europe\",\"isPartOf\":{\"@id\":\"https:\/\/www.carbonactivatedeurope.com\/pl\/#website\"},\"primaryImageOfPage\":{\"@id\":\"https:\/\/www.carbonactivatedeurope.com\/pl\/uslugi\/doradztwo\/#primaryimage\"},\"image\":{\"@id\":\"https:\/\/www.carbonactivatedeurope.com\/pl\/uslugi\/doradztwo\/#primaryimage\"},\"thumbnailUrl\":\"https:\/\/www.carbonactivatedeurope.com\/wp-content\/uploads\/2025\/04\/consultancy-150x150.webp\",\"datePublished\":\"2022-09-19T16:22:30+00:00\",\"dateModified\":\"2025-04-02T02:39:39+00:00\",\"breadcrumb\":{\"@id\":\"https:\/\/www.carbonactivatedeurope.com\/pl\/uslugi\/doradztwo\/#breadcrumb\"},\"inLanguage\":\"pl-PL\",\"potentialAction\":[{\"@type\":\"ReadAction\",\"target\":[\"https:\/\/www.carbonactivatedeurope.com\/pl\/uslugi\/doradztwo\/\"]}]},{\"@type\":\"ImageObject\",\"inLanguage\":\"pl-PL\",\"@id\":\"https:\/\/www.carbonactivatedeurope.com\/pl\/uslugi\/doradztwo\/#primaryimage\",\"url\":\"https:\/\/www.carbonactivatedeurope.com\/wp-content\/uploads\/2025\/04\/consultancy-150x150.webp\",\"contentUrl\":\"https:\/\/www.carbonactivatedeurope.com\/wp-content\/uploads\/2025\/04\/consultancy-150x150.webp\"},{\"@type\":\"BreadcrumbList\",\"@id\":\"https:\/\/www.carbonactivatedeurope.com\/pl\/uslugi\/doradztwo\/#breadcrumb\",\"itemListElement\":[{\"@type\":\"ListItem\",\"position\":1,\"name\":\"Home\",\"item\":\"https:\/\/www.carbonactivatedeurope.com\/pl\/\"},{\"@type\":\"ListItem\",\"position\":2,\"name\":\"Us\u0142ugi\",\"item\":\"https:\/\/www.carbonactivatedeurope.com\/pl\/uslugi\/\"},{\"@type\":\"ListItem\",\"position\":3,\"name\":\"Doradztwo\"}]},{\"@type\":\"WebSite\",\"@id\":\"https:\/\/www.carbonactivatedeurope.com\/pl\/#website\",\"url\":\"https:\/\/www.carbonactivatedeurope.com\/pl\/\",\"name\":\"Carbon Activated Europe\",\"description\":\"\",\"publisher\":{\"@id\":\"https:\/\/www.carbonactivatedeurope.com\/pl\/#organization\"},\"potentialAction\":[{\"@type\":\"SearchAction\",\"target\":{\"@type\":\"EntryPoint\",\"urlTemplate\":\"https:\/\/www.carbonactivatedeurope.com\/pl\/?s={search_term_string}\"},\"query-input\":{\"@type\":\"PropertyValueSpecification\",\"valueRequired\":true,\"valueName\":\"search_term_string\"}}],\"inLanguage\":\"pl-PL\"},{\"@type\":\"Organization\",\"@id\":\"https:\/\/www.carbonactivatedeurope.com\/pl\/#organization\",\"name\":\"Carbon Activated Europe\",\"url\":\"https:\/\/www.carbonactivatedeurope.com\/pl\/\",\"logo\":{\"@type\":\"ImageObject\",\"inLanguage\":\"pl-PL\",\"@id\":\"https:\/\/www.carbonactivatedeurope.com\/pl\/#\/schema\/logo\/image\/\",\"url\":\"https:\/\/www.carbonactivatedeurope.com\/wp-content\/uploads\/2022\/07\/CAE-Logo-Blue.png\",\"contentUrl\":\"https:\/\/www.carbonactivatedeurope.com\/wp-content\/uploads\/2022\/07\/CAE-Logo-Blue.png\",\"width\":554,\"height\":275,\"caption\":\"Carbon Activated Europe\"},\"image\":{\"@id\":\"https:\/\/www.carbonactivatedeurope.com\/pl\/#\/schema\/logo\/image\/\"},\"sameAs\":[\"https:\/\/www.linkedin.com\/company\/carbon-activated-europe\/posts\/?feedView=all\"]}]}<\/script>\n<!-- \/ Yoast SEO plugin. -->","yoast_head_json":{"title":"Doradztwo - Carbon Activated Europe","robots":{"index":"index","follow":"follow","max-snippet":"max-snippet:-1","max-image-preview":"max-image-preview:large","max-video-preview":"max-video-preview:-1"},"canonical":"https:\/\/www.carbonactivatedeurope.com\/pl\/uslugi\/doradztwo\/","og_locale":"pl_PL","og_type":"article","og_title":"Doradztwo - Carbon Activated Europe","og_description":"Us\u0142ugi konsultingowe Jak dobra\u0107 w\u0119giel aktywny do procesu? Ch\u0119tnie s\u0142uchamy naszych klient\u00f3w i poznajemy ich problemy techniczne, aby m\u00f3c na podstawie tej wiedzy zaproponowa\u0107 skuteczne adsorbenty. Konsultacje tego rodzaju s\u0105 cz\u0119sto punktem wyj\u015bcia dla naszej wsp\u00f3\u0142pracy. Pomo\u017cemy wybra\u0107 odpowiedni w\u0119giel, aby uzyska\u0107 najlepsze wyniki. Opr\u00f3cz dostarczania r\u00f3\u017cnych produkt\u00f3w mo\u017cemy zaoferowa\u0107 naszym klientom specjalistyczne doradztwo we [&hellip;]","og_url":"https:\/\/www.carbonactivatedeurope.com\/pl\/uslugi\/doradztwo\/","og_site_name":"Carbon Activated Europe","article_modified_time":"2025-04-02T02:39:39+00:00","og_image":[{"url":"https:\/\/www.carbonactivatedeurope.com\/wp-content\/uploads\/2025\/04\/consultancy-150x150.webp","type":"","width":"","height":""}],"twitter_card":"summary_large_image","twitter_misc":{"Szacowany czas czytania":"2 minuty"},"schema":{"@context":"https:\/\/schema.org","@graph":[{"@type":"WebPage","@id":"https:\/\/www.carbonactivatedeurope.com\/pl\/uslugi\/doradztwo\/","url":"https:\/\/www.carbonactivatedeurope.com\/pl\/uslugi\/doradztwo\/","name":"Doradztwo - Carbon Activated Europe","isPartOf":{"@id":"https:\/\/www.carbonactivatedeurope.com\/pl\/#website"},"primaryImageOfPage":{"@id":"https:\/\/www.carbonactivatedeurope.com\/pl\/uslugi\/doradztwo\/#primaryimage"},"image":{"@id":"https:\/\/www.carbonactivatedeurope.com\/pl\/uslugi\/doradztwo\/#primaryimage"},"thumbnailUrl":"https:\/\/www.carbonactivatedeurope.com\/wp-content\/uploads\/2025\/04\/consultancy-150x150.webp","datePublished":"2022-09-19T16:22:30+00:00","dateModified":"2025-04-02T02:39:39+00:00","breadcrumb":{"@id":"https:\/\/www.carbonactivatedeurope.com\/pl\/uslugi\/doradztwo\/#breadcrumb"},"inLanguage":"pl-PL","potentialAction":[{"@type":"ReadAction","target":["https:\/\/www.carbonactivatedeurope.com\/pl\/uslugi\/doradztwo\/"]}]},{"@type":"ImageObject","inLanguage":"pl-PL","@id":"https:\/\/www.carbonactivatedeurope.com\/pl\/uslugi\/doradztwo\/#primaryimage","url":"https:\/\/www.carbonactivatedeurope.com\/wp-content\/uploads\/2025\/04\/consultancy-150x150.webp","contentUrl":"https:\/\/www.carbonactivatedeurope.com\/wp-content\/uploads\/2025\/04\/consultancy-150x150.webp"},{"@type":"BreadcrumbList","@id":"https:\/\/www.carbonactivatedeurope.com\/pl\/uslugi\/doradztwo\/#breadcrumb","itemListElement":[{"@type":"ListItem","position":1,"name":"Home","item":"https:\/\/www.carbonactivatedeurope.com\/pl\/"},{"@type":"ListItem","position":2,"name":"Us\u0142ugi","item":"https:\/\/www.carbonactivatedeurope.com\/pl\/uslugi\/"},{"@type":"ListItem","position":3,"name":"Doradztwo"}]},{"@type":"WebSite","@id":"https:\/\/www.carbonactivatedeurope.com\/pl\/#website","url":"https:\/\/www.carbonactivatedeurope.com\/pl\/","name":"Carbon Activated Europe","description":"","publisher":{"@id":"https:\/\/www.carbonactivatedeurope.com\/pl\/#organization"},"potentialAction":[{"@type":"SearchAction","target":{"@type":"EntryPoint","urlTemplate":"https:\/\/www.carbonactivatedeurope.com\/pl\/?s={search_term_string}"},"query-input":{"@type":"PropertyValueSpecification","valueRequired":true,"valueName":"search_term_string"}}],"inLanguage":"pl-PL"},{"@type":"Organization","@id":"https:\/\/www.carbonactivatedeurope.com\/pl\/#organization","name":"Carbon Activated Europe","url":"https:\/\/www.carbonactivatedeurope.com\/pl\/","logo":{"@type":"ImageObject","inLanguage":"pl-PL","@id":"https:\/\/www.carbonactivatedeurope.com\/pl\/#\/schema\/logo\/image\/","url":"https:\/\/www.carbonactivatedeurope.com\/wp-content\/uploads\/2022\/07\/CAE-Logo-Blue.png","contentUrl":"https:\/\/www.carbonactivatedeurope.com\/wp-content\/uploads\/2022\/07\/CAE-Logo-Blue.png","width":554,"height":275,"caption":"Carbon Activated Europe"},"image":{"@id":"https:\/\/www.carbonactivatedeurope.com\/pl\/#\/schema\/logo\/image\/"},"sameAs":["https:\/\/www.linkedin.com\/company\/carbon-activated-europe\/posts\/?feedView=all"]}]}},"_links":{"self":[{"href":"https:\/\/www.carbonactivatedeurope.com\/pl\/wp-json\/wp\/v2\/pages\/8821","targetHints":{"allow":["GET"]}}],"collection":[{"href":"https:\/\/www.carbonactivatedeurope.com\/pl\/wp-json\/wp\/v2\/pages"}],"about":[{"href":"https:\/\/www.carbonactivatedeurope.com\/pl\/wp-json\/wp\/v2\/types\/page"}],"author":[{"embeddable":true,"href":"https:\/\/www.carbonactivatedeurope.com\/pl\/wp-json\/wp\/v2\/users\/5"}],"replies":[{"embeddable":true,"href":"https:\/\/www.carbonactivatedeurope.com\/pl\/wp-json\/wp\/v2\/comments?post=8821"}],"version-history":[{"count":8,"href":"https:\/\/www.carbonactivatedeurope.com\/pl\/wp-json\/wp\/v2\/pages\/8821\/revisions"}],"predecessor-version":[{"id":16142,"href":"https:\/\/www.carbonactivatedeurope.com\/pl\/wp-json\/wp\/v2\/pages\/8821\/revisions\/16142"}],"up":[{"embeddable":true,"href":"https:\/\/www.carbonactivatedeurope.com\/pl\/wp-json\/wp\/v2\/pages\/8761"}],"wp:attachment":[{"href":"https:\/\/www.carbonactivatedeurope.com\/pl\/wp-json\/wp\/v2\/media?parent=8821"}],"curies":[{"name":"wp","href":"https:\/\/api.w.org\/{rel}","templated":true}]}}