{"id":8757,"date":"2022-09-19T14:08:01","date_gmt":"2022-09-19T14:08:01","guid":{"rendered":"https:\/\/testing.carbonactivatedeurope.com\/serwis-wymiany\/"},"modified":"2025-04-02T02:36:19","modified_gmt":"2025-04-02T02:36:19","slug":"usluga-wymiany","status":"publish","type":"page","link":"https:\/\/www.carbonactivatedeurope.com\/pl\/uslugi\/usluga-wymiany\/","title":{"rendered":"Us\u0142uga wymiany"},"content":{"rendered":"\t\t<div data-elementor-type=\"wp-post\" data-elementor-id=\"8757\" class=\"elementor elementor-8757 elementor-1169\">\n\t\t\t\t\t\t<section class=\"elementor-section elementor-top-section elementor-element elementor-element-39dabc18 elementor-section-content-middle elementor-section-boxed elementor-section-height-default elementor-section-height-default\" data-id=\"39dabc18\" data-element_type=\"section\" data-e-type=\"section\" data-settings=\"{&quot;background_background&quot;:&quot;classic&quot;}\">\n\t\t\t\t\t\t\t<div class=\"elementor-background-overlay\"><\/div>\n\t\t\t\t\t\t\t<div class=\"elementor-container elementor-column-gap-no\">\n\t\t\t\t\t<div class=\"elementor-column elementor-col-100 elementor-top-column elementor-element elementor-element-f60585f\" data-id=\"f60585f\" data-element_type=\"column\" data-e-type=\"column\">\n\t\t\t<div class=\"elementor-widget-wrap elementor-element-populated\">\n\t\t\t\t\t\t<div class=\"elementor-element elementor-element-438af913 elementor-invisible elementor-widget elementor-widget-heading\" data-id=\"438af913\" data-element_type=\"widget\" data-e-type=\"widget\" data-settings=\"{&quot;_animation&quot;:&quot;fadeIn&quot;}\" data-widget_type=\"heading.default\">\n\t\t\t\t<div class=\"elementor-widget-container\">\n\t\t\t\t\t<h1 class=\"elementor-heading-title elementor-size-default\">Us\u0142uga wymiany<\/h1>\t\t\t\t<\/div>\n\t\t\t\t<\/div>\n\t\t\t\t\t<\/div>\n\t\t<\/div>\n\t\t\t\t\t<\/div>\n\t\t<\/section>\n\t\t\t\t<section class=\"elementor-section elementor-top-section elementor-element elementor-element-f320f14 elementor-section-boxed elementor-section-height-default elementor-section-height-default\" data-id=\"f320f14\" data-element_type=\"section\" data-e-type=\"section\">\n\t\t\t\t\t\t<div class=\"elementor-container elementor-column-gap-default\">\n\t\t\t\t\t<div class=\"elementor-column elementor-col-100 elementor-top-column elementor-element elementor-element-44eb5e5\" data-id=\"44eb5e5\" data-element_type=\"column\" data-e-type=\"column\">\n\t\t\t<div class=\"elementor-widget-wrap elementor-element-populated\">\n\t\t\t\t\t\t<div class=\"elementor-element elementor-element-c399a54 elementor-widget elementor-widget-heading\" data-id=\"c399a54\" data-element_type=\"widget\" data-e-type=\"widget\" data-widget_type=\"heading.default\">\n\t\t\t\t<div class=\"elementor-widget-container\">\n\t\t\t\t\t<h2 class=\"elementor-heading-title elementor-size-default\">Us\u0142uga wymiany \u017ar\u00f3d\u0142a<\/h2>\t\t\t\t<\/div>\n\t\t\t\t<\/div>\n\t\t\t\t\t<\/div>\n\t\t<\/div>\n\t\t\t\t\t<\/div>\n\t\t<\/section>\n\t\t\t\t<section class=\"elementor-section elementor-top-section elementor-element elementor-element-aac7692 elementor-section-boxed elementor-section-height-default elementor-section-height-default\" data-id=\"aac7692\" data-element_type=\"section\" data-e-type=\"section\">\n\t\t\t\t\t\t<div class=\"elementor-container elementor-column-gap-default\">\n\t\t\t\t\t<div class=\"elementor-column elementor-col-100 elementor-top-column elementor-element elementor-element-81298eb\" data-id=\"81298eb\" data-element_type=\"column\" data-e-type=\"column\">\n\t\t\t<div class=\"elementor-widget-wrap elementor-element-populated\">\n\t\t\t\t\t\t<div class=\"elementor-element elementor-element-21b8a88 elementor-widget elementor-widget-text-editor\" data-id=\"21b8a88\" data-element_type=\"widget\" data-e-type=\"widget\" data-widget_type=\"text-editor.default\">\n\t\t\t\t<div class=\"elementor-widget-container\">\n\t\t\t\t\t\t\t\t\tGwarantujemy profesjonalny i bezpieczny transport zu\u017cytego w\u0119gla, korzystaj\u0105c z naszych mobilnych system\u00f3w ss\u0105cych i transportowych, aby wyeliminowa\u0107 wszelkie mo\u017cliwe zanieczyszczenie py\u0142em otaczaj\u0105cego obszaru.\n W naszych zak\u0142adach termicznie przywracamy pierwotny poziom adsorpcji w\u0119gla i dodajemy w\u0119giel pierwotny, aby uzupe\u0142ni\u0107 straty obj\u0119to\u015bci podczas procesu. Zregenerowany w\u0119giel jest nast\u0119pnie transportowany z powrotem do zak\u0142adu klienta w celu ponownego wykorzystania.\t\t\t\t\t\t\t\t<\/div>\n\t\t\t\t<\/div>\n\t\t\t\t\t<\/div>\n\t\t<\/div>\n\t\t\t\t\t<\/div>\n\t\t<\/section>\n\t\t\t\t<section class=\"elementor-section elementor-top-section elementor-element elementor-element-1e9ab4d elementor-section-boxed elementor-section-height-default elementor-section-height-default\" data-id=\"1e9ab4d\" data-element_type=\"section\" data-e-type=\"section\" data-settings=\"{&quot;background_background&quot;:&quot;classic&quot;}\">\n\t\t\t\t\t\t<div class=\"elementor-container elementor-column-gap-default\">\n\t\t\t\t\t<div class=\"elementor-column elementor-col-33 elementor-top-column elementor-element elementor-element-92f6502\" data-id=\"92f6502\" data-element_type=\"column\" data-e-type=\"column\">\n\t\t\t<div class=\"elementor-widget-wrap elementor-element-populated\">\n\t\t\t\t\t\t<div class=\"elementor-element elementor-element-671c541 elementor-widget elementor-widget-text-editor\" data-id=\"671c541\" data-element_type=\"widget\" data-e-type=\"widget\" data-widget_type=\"text-editor.default\">\n\t\t\t\t<div class=\"elementor-widget-container\">\n\t\t\t\t\t\t\t\t\t<h4 class=\"page-header\">WZNOWIENIE DZIA\u0141ALNO\u015aCI DZI\u0118KI SZYBKIEJ WYMIANIE Z UDZIA\u0141EM FIRMOWEGO CERTYFIKOWANEGO PERSONELU I SPRZ\u0118TU<\/h4>\n<ul type=\"square\">\n<li>Profesjonalny demonta\u017c i ponowny monta\u017c obudowy filtra, je\u015bli wymaga tego dost\u0119p do filtra<\/li>\n<li>Bezpy\u0142owe usuwanie zu\u017cytego w\u0119gla za pomoc\u0105 naszych mobilnych urz\u0105dze\u0144 ss\u0105cych<\/li>\n<li>Kontrola wzrokowa filtra<\/li>\n<li>Pobranie pr\u00f3bek zu\u017cytego w\u0119gla<\/li>\n<li>Uzupe\u0142nienie filtra lub zbiornika \u015bwie\u017cym w\u0119glem \u2013 dodatkowe usuwanie py\u0142u<\/li>\n<li>Test szczelno\u015bci<\/li>\n<li>Transport zu\u017cytego w\u0119gla do naszego zak\u0142adu recyklingu w celu reaktywacji<\/li>\n<li>Analiza w celu wskazania sposob\u00f3w optymalizacji procesu<\/li>\n<\/ul>\n\t\t\t\t\t\t\t\t<\/div>\n\t\t\t\t<\/div>\n\t\t\t\t\t<\/div>\n\t\t<\/div>\n\t\t\t\t<div class=\"elementor-column elementor-col-66 elementor-top-column elementor-element elementor-element-9eec7cb\" data-id=\"9eec7cb\" data-element_type=\"column\" data-e-type=\"column\">\n\t\t\t<div class=\"elementor-widget-wrap elementor-element-populated\">\n\t\t\t\t\t\t<div class=\"elementor-element elementor-element-097bb46 elementor-widget elementor-widget-image\" data-id=\"097bb46\" data-element_type=\"widget\" data-e-type=\"widget\" data-widget_type=\"image.default\">\n\t\t\t\t<div class=\"elementor-widget-container\">\n\t\t\t\t\t\t\t\t\t\t\t\t\t\t\t<img decoding=\"async\" src=\"https:\/\/www.carbonactivatedeurope.com\/wp-content\/uploads\/elementor\/thumbs\/changeout-service-riwi4823ia1ssnc7so0o0705rl33u5pfv6nfz3m05e.webp\" title=\"changeout-service\" alt=\"changeout-service\" loading=\"lazy\" \/>\t\t\t\t\t\t\t\t\t\t\t\t\t\t\t<\/div>\n\t\t\t\t<\/div>\n\t\t\t\t\t<\/div>\n\t\t<\/div>\n\t\t\t\t\t<\/div>\n\t\t<\/section>\n\t\t\t\t<section class=\"elementor-section elementor-top-section elementor-element elementor-element-d128c92 elementor-section-boxed elementor-section-height-default elementor-section-height-default\" data-id=\"d128c92\" data-element_type=\"section\" data-e-type=\"section\" data-settings=\"{&quot;background_background&quot;:&quot;classic&quot;}\">\n\t\t\t\t\t\t<div class=\"elementor-container elementor-column-gap-default\">\n\t\t\t\t\t<div class=\"elementor-column elementor-col-100 elementor-top-column elementor-element elementor-element-0920468\" data-id=\"0920468\" data-element_type=\"column\" data-e-type=\"column\">\n\t\t\t<div class=\"elementor-widget-wrap elementor-element-populated\">\n\t\t\t\t\t\t<div class=\"elementor-element elementor-element-515d1b1 elementor-widget elementor-widget-heading\" data-id=\"515d1b1\" data-element_type=\"widget\" data-e-type=\"widget\" data-widget_type=\"heading.default\">\n\t\t\t\t<div class=\"elementor-widget-container\">\n\t\t\t\t\t<h2 class=\"elementor-heading-title elementor-size-default\">Nasze doradztwo techniczne i testy laboratoryjne pozwalaj\u0105 zaoferowa\u0107 produkt dostosowany do specyfikacji projektu. Skontaktuj si\u0119 z naszymi ekspertami ju\u017c dzi\u015b.<\/h2>\t\t\t\t<\/div>\n\t\t\t\t<\/div>\n\t\t\t\t<div class=\"elementor-element elementor-element-78b8064 elementor-align-center elementor-widget elementor-widget-button\" data-id=\"78b8064\" data-element_type=\"widget\" data-e-type=\"widget\" data-widget_type=\"button.default\">\n\t\t\t\t<div class=\"elementor-widget-container\">\n\t\t\t\t\t\t\t\t\t<div class=\"elementor-button-wrapper\">\n\t\t\t\t\t<a class=\"elementor-button elementor-button-link elementor-size-md\" href=\"\/pl\/kontakt\/\">\n\t\t\t\t\t\t<span class=\"elementor-button-content-wrapper\">\n\t\t\t\t\t\t\t\t\t<span class=\"elementor-button-text\">Skontaktuj si\u0119 z nami<\/span>\n\t\t\t\t\t<\/span>\n\t\t\t\t\t<\/a>\n\t\t\t\t<\/div>\n\t\t\t\t\t\t\t\t<\/div>\n\t\t\t\t<\/div>\n\t\t\t\t\t<\/div>\n\t\t<\/div>\n\t\t\t\t\t<\/div>\n\t\t<\/section>\n\t\t\t\t<\/div>\n\t\t","protected":false},"excerpt":{"rendered":"<p>Us\u0142uga wymiany Us\u0142uga wymiany \u017ar\u00f3d\u0142a Gwarantujemy profesjonalny i bezpieczny transport zu\u017cytego w\u0119gla, korzystaj\u0105c z naszych mobilnych system\u00f3w ss\u0105cych i transportowych, aby wyeliminowa\u0107 wszelkie mo\u017cliwe zanieczyszczenie py\u0142em otaczaj\u0105cego obszaru. W naszych zak\u0142adach termicznie przywracamy pierwotny poziom adsorpcji w\u0119gla i dodajemy w\u0119giel pierwotny, aby uzupe\u0142ni\u0107 straty obj\u0119to\u015bci podczas procesu. Zregenerowany w\u0119giel jest nast\u0119pnie transportowany z powrotem do [&hellip;]<\/p>\n","protected":false},"author":5,"featured_media":0,"parent":8761,"menu_order":0,"comment_status":"closed","ping_status":"closed","template":"","meta":{"_monsterinsights_skip_tracking":false,"_monsterinsights_sitenote_active":false,"_monsterinsights_sitenote_note":"","_monsterinsights_sitenote_category":0,"site-sidebar-layout":"no-sidebar","site-content-layout":"page-builder","ast-site-content-layout":"full-width-container","site-content-style":"unboxed","site-sidebar-style":"unboxed","ast-global-header-display":"","ast-banner-title-visibility":"","ast-main-header-display":"","ast-hfb-above-header-display":"","ast-hfb-below-header-display":"","ast-hfb-mobile-header-display":"","site-post-title":"disabled","ast-breadcrumbs-content":"","ast-featured-img":"disabled","footer-sml-layout":"","theme-transparent-header-meta":"enabled","adv-header-id-meta":"","stick-header-meta":"","header-above-stick-meta":"","header-main-stick-meta":"","header-below-stick-meta":"","astra-migrate-meta-layouts":"default","ast-page-background-enabled":"default","ast-page-background-meta":{"desktop":{"background-color":"","background-image":"","background-repeat":"repeat","background-position":"center center","background-size":"auto","background-attachment":"scroll","background-type":"","background-media":"","overlay-type":"","overlay-color":"","overlay-gradient":""},"tablet":{"background-color":"","background-image":"","background-repeat":"repeat","background-position":"center center","background-size":"auto","background-attachment":"scroll","background-type":"","background-media":"","overlay-type":"","overlay-color":"","overlay-gradient":""},"mobile":{"background-color":"","background-image":"","background-repeat":"repeat","background-position":"center center","background-size":"auto","background-attachment":"scroll","background-type":"","background-media":"","overlay-type":"","overlay-color":"","overlay-gradient":""}},"ast-content-background-meta":{"desktop":{"background-color":"var(--ast-global-color-5)","background-image":"","background-repeat":"repeat","background-position":"center center","background-size":"auto","background-attachment":"scroll","background-type":"","background-media":"","overlay-type":"","overlay-color":"","overlay-gradient":""},"tablet":{"background-color":"var(--ast-global-color-5)","background-image":"","background-repeat":"repeat","background-position":"center center","background-size":"auto","background-attachment":"scroll","background-type":"","background-media":"","overlay-type":"","overlay-color":"","overlay-gradient":""},"mobile":{"background-color":"var(--ast-global-color-5)","background-image":"","background-repeat":"repeat","background-position":"center center","background-size":"auto","background-attachment":"scroll","background-type":"","background-media":"","overlay-type":"","overlay-color":"","overlay-gradient":""}},"footnotes":""},"class_list":["post-8757","page","type-page","status-publish","hentry"],"yoast_head":"<!-- This site is optimized with the Yoast SEO plugin v26.9 - https:\/\/yoast.com\/product\/yoast-seo-wordpress\/ -->\n<title>Us\u0142uga wymiany - Carbon Activated Europe<\/title>\n<meta name=\"robots\" content=\"index, follow, max-snippet:-1, max-image-preview:large, max-video-preview:-1\" \/>\n<link rel=\"canonical\" href=\"https:\/\/www.carbonactivatedeurope.com\/pl\/uslugi\/usluga-wymiany\/\" \/>\n<meta property=\"og:locale\" content=\"pl_PL\" \/>\n<meta property=\"og:type\" content=\"article\" \/>\n<meta property=\"og:title\" content=\"Us\u0142uga wymiany - Carbon Activated Europe\" \/>\n<meta property=\"og:description\" content=\"Us\u0142uga wymiany Us\u0142uga wymiany \u017ar\u00f3d\u0142a Gwarantujemy profesjonalny i bezpieczny transport zu\u017cytego w\u0119gla, korzystaj\u0105c z naszych mobilnych system\u00f3w ss\u0105cych i transportowych, aby wyeliminowa\u0107 wszelkie mo\u017cliwe zanieczyszczenie py\u0142em otaczaj\u0105cego obszaru. W naszych zak\u0142adach termicznie przywracamy pierwotny poziom adsorpcji w\u0119gla i dodajemy w\u0119giel pierwotny, aby uzupe\u0142ni\u0107 straty obj\u0119to\u015bci podczas procesu. Zregenerowany w\u0119giel jest nast\u0119pnie transportowany z powrotem do [&hellip;]\" \/>\n<meta property=\"og:url\" content=\"https:\/\/www.carbonactivatedeurope.com\/pl\/uslugi\/usluga-wymiany\/\" \/>\n<meta property=\"og:site_name\" content=\"Carbon Activated Europe\" \/>\n<meta property=\"article:modified_time\" content=\"2025-04-02T02:36:19+00:00\" \/>\n<meta property=\"og:image\" content=\"https:\/\/www.carbonactivatedeurope.com\/wp-content\/uploads\/2025\/04\/changeout-service-150x150.webp\" \/>\n<meta name=\"twitter:card\" content=\"summary_large_image\" \/>\n<meta name=\"twitter:label1\" content=\"Szacowany czas czytania\" \/>\n\t<meta name=\"twitter:data1\" content=\"2 minuty\" \/>\n<script type=\"application\/ld+json\" class=\"yoast-schema-graph\">{\"@context\":\"https:\/\/schema.org\",\"@graph\":[{\"@type\":\"WebPage\",\"@id\":\"https:\/\/www.carbonactivatedeurope.com\/pl\/uslugi\/usluga-wymiany\/\",\"url\":\"https:\/\/www.carbonactivatedeurope.com\/pl\/uslugi\/usluga-wymiany\/\",\"name\":\"Us\u0142uga wymiany - Carbon Activated Europe\",\"isPartOf\":{\"@id\":\"https:\/\/www.carbonactivatedeurope.com\/pl\/#website\"},\"primaryImageOfPage\":{\"@id\":\"https:\/\/www.carbonactivatedeurope.com\/pl\/uslugi\/usluga-wymiany\/#primaryimage\"},\"image\":{\"@id\":\"https:\/\/www.carbonactivatedeurope.com\/pl\/uslugi\/usluga-wymiany\/#primaryimage\"},\"thumbnailUrl\":\"https:\/\/www.carbonactivatedeurope.com\/wp-content\/uploads\/2025\/04\/changeout-service-150x150.webp\",\"datePublished\":\"2022-09-19T14:08:01+00:00\",\"dateModified\":\"2025-04-02T02:36:19+00:00\",\"breadcrumb\":{\"@id\":\"https:\/\/www.carbonactivatedeurope.com\/pl\/uslugi\/usluga-wymiany\/#breadcrumb\"},\"inLanguage\":\"pl-PL\",\"potentialAction\":[{\"@type\":\"ReadAction\",\"target\":[\"https:\/\/www.carbonactivatedeurope.com\/pl\/uslugi\/usluga-wymiany\/\"]}]},{\"@type\":\"ImageObject\",\"inLanguage\":\"pl-PL\",\"@id\":\"https:\/\/www.carbonactivatedeurope.com\/pl\/uslugi\/usluga-wymiany\/#primaryimage\",\"url\":\"https:\/\/www.carbonactivatedeurope.com\/wp-content\/uploads\/2025\/04\/changeout-service-150x150.webp\",\"contentUrl\":\"https:\/\/www.carbonactivatedeurope.com\/wp-content\/uploads\/2025\/04\/changeout-service-150x150.webp\"},{\"@type\":\"BreadcrumbList\",\"@id\":\"https:\/\/www.carbonactivatedeurope.com\/pl\/uslugi\/usluga-wymiany\/#breadcrumb\",\"itemListElement\":[{\"@type\":\"ListItem\",\"position\":1,\"name\":\"Home\",\"item\":\"https:\/\/www.carbonactivatedeurope.com\/pl\/\"},{\"@type\":\"ListItem\",\"position\":2,\"name\":\"Us\u0142ugi\",\"item\":\"https:\/\/www.carbonactivatedeurope.com\/pl\/uslugi\/\"},{\"@type\":\"ListItem\",\"position\":3,\"name\":\"Us\u0142uga wymiany\"}]},{\"@type\":\"WebSite\",\"@id\":\"https:\/\/www.carbonactivatedeurope.com\/pl\/#website\",\"url\":\"https:\/\/www.carbonactivatedeurope.com\/pl\/\",\"name\":\"Carbon Activated Europe\",\"description\":\"\",\"publisher\":{\"@id\":\"https:\/\/www.carbonactivatedeurope.com\/pl\/#organization\"},\"potentialAction\":[{\"@type\":\"SearchAction\",\"target\":{\"@type\":\"EntryPoint\",\"urlTemplate\":\"https:\/\/www.carbonactivatedeurope.com\/pl\/?s={search_term_string}\"},\"query-input\":{\"@type\":\"PropertyValueSpecification\",\"valueRequired\":true,\"valueName\":\"search_term_string\"}}],\"inLanguage\":\"pl-PL\"},{\"@type\":\"Organization\",\"@id\":\"https:\/\/www.carbonactivatedeurope.com\/pl\/#organization\",\"name\":\"Carbon Activated Europe\",\"url\":\"https:\/\/www.carbonactivatedeurope.com\/pl\/\",\"logo\":{\"@type\":\"ImageObject\",\"inLanguage\":\"pl-PL\",\"@id\":\"https:\/\/www.carbonactivatedeurope.com\/pl\/#\/schema\/logo\/image\/\",\"url\":\"https:\/\/www.carbonactivatedeurope.com\/wp-content\/uploads\/2022\/07\/CAE-Logo-Blue.png\",\"contentUrl\":\"https:\/\/www.carbonactivatedeurope.com\/wp-content\/uploads\/2022\/07\/CAE-Logo-Blue.png\",\"width\":554,\"height\":275,\"caption\":\"Carbon Activated Europe\"},\"image\":{\"@id\":\"https:\/\/www.carbonactivatedeurope.com\/pl\/#\/schema\/logo\/image\/\"},\"sameAs\":[\"https:\/\/www.linkedin.com\/company\/carbon-activated-europe\/posts\/?feedView=all\"]}]}<\/script>\n<!-- \/ Yoast SEO plugin. -->","yoast_head_json":{"title":"Us\u0142uga wymiany - Carbon Activated Europe","robots":{"index":"index","follow":"follow","max-snippet":"max-snippet:-1","max-image-preview":"max-image-preview:large","max-video-preview":"max-video-preview:-1"},"canonical":"https:\/\/www.carbonactivatedeurope.com\/pl\/uslugi\/usluga-wymiany\/","og_locale":"pl_PL","og_type":"article","og_title":"Us\u0142uga wymiany - Carbon Activated Europe","og_description":"Us\u0142uga wymiany Us\u0142uga wymiany \u017ar\u00f3d\u0142a Gwarantujemy profesjonalny i bezpieczny transport zu\u017cytego w\u0119gla, korzystaj\u0105c z naszych mobilnych system\u00f3w ss\u0105cych i transportowych, aby wyeliminowa\u0107 wszelkie mo\u017cliwe zanieczyszczenie py\u0142em otaczaj\u0105cego obszaru. W naszych zak\u0142adach termicznie przywracamy pierwotny poziom adsorpcji w\u0119gla i dodajemy w\u0119giel pierwotny, aby uzupe\u0142ni\u0107 straty obj\u0119to\u015bci podczas procesu. Zregenerowany w\u0119giel jest nast\u0119pnie transportowany z powrotem do [&hellip;]","og_url":"https:\/\/www.carbonactivatedeurope.com\/pl\/uslugi\/usluga-wymiany\/","og_site_name":"Carbon Activated Europe","article_modified_time":"2025-04-02T02:36:19+00:00","og_image":[{"url":"https:\/\/www.carbonactivatedeurope.com\/wp-content\/uploads\/2025\/04\/changeout-service-150x150.webp","type":"","width":"","height":""}],"twitter_card":"summary_large_image","twitter_misc":{"Szacowany czas czytania":"2 minuty"},"schema":{"@context":"https:\/\/schema.org","@graph":[{"@type":"WebPage","@id":"https:\/\/www.carbonactivatedeurope.com\/pl\/uslugi\/usluga-wymiany\/","url":"https:\/\/www.carbonactivatedeurope.com\/pl\/uslugi\/usluga-wymiany\/","name":"Us\u0142uga wymiany - Carbon Activated Europe","isPartOf":{"@id":"https:\/\/www.carbonactivatedeurope.com\/pl\/#website"},"primaryImageOfPage":{"@id":"https:\/\/www.carbonactivatedeurope.com\/pl\/uslugi\/usluga-wymiany\/#primaryimage"},"image":{"@id":"https:\/\/www.carbonactivatedeurope.com\/pl\/uslugi\/usluga-wymiany\/#primaryimage"},"thumbnailUrl":"https:\/\/www.carbonactivatedeurope.com\/wp-content\/uploads\/2025\/04\/changeout-service-150x150.webp","datePublished":"2022-09-19T14:08:01+00:00","dateModified":"2025-04-02T02:36:19+00:00","breadcrumb":{"@id":"https:\/\/www.carbonactivatedeurope.com\/pl\/uslugi\/usluga-wymiany\/#breadcrumb"},"inLanguage":"pl-PL","potentialAction":[{"@type":"ReadAction","target":["https:\/\/www.carbonactivatedeurope.com\/pl\/uslugi\/usluga-wymiany\/"]}]},{"@type":"ImageObject","inLanguage":"pl-PL","@id":"https:\/\/www.carbonactivatedeurope.com\/pl\/uslugi\/usluga-wymiany\/#primaryimage","url":"https:\/\/www.carbonactivatedeurope.com\/wp-content\/uploads\/2025\/04\/changeout-service-150x150.webp","contentUrl":"https:\/\/www.carbonactivatedeurope.com\/wp-content\/uploads\/2025\/04\/changeout-service-150x150.webp"},{"@type":"BreadcrumbList","@id":"https:\/\/www.carbonactivatedeurope.com\/pl\/uslugi\/usluga-wymiany\/#breadcrumb","itemListElement":[{"@type":"ListItem","position":1,"name":"Home","item":"https:\/\/www.carbonactivatedeurope.com\/pl\/"},{"@type":"ListItem","position":2,"name":"Us\u0142ugi","item":"https:\/\/www.carbonactivatedeurope.com\/pl\/uslugi\/"},{"@type":"ListItem","position":3,"name":"Us\u0142uga wymiany"}]},{"@type":"WebSite","@id":"https:\/\/www.carbonactivatedeurope.com\/pl\/#website","url":"https:\/\/www.carbonactivatedeurope.com\/pl\/","name":"Carbon Activated Europe","description":"","publisher":{"@id":"https:\/\/www.carbonactivatedeurope.com\/pl\/#organization"},"potentialAction":[{"@type":"SearchAction","target":{"@type":"EntryPoint","urlTemplate":"https:\/\/www.carbonactivatedeurope.com\/pl\/?s={search_term_string}"},"query-input":{"@type":"PropertyValueSpecification","valueRequired":true,"valueName":"search_term_string"}}],"inLanguage":"pl-PL"},{"@type":"Organization","@id":"https:\/\/www.carbonactivatedeurope.com\/pl\/#organization","name":"Carbon Activated Europe","url":"https:\/\/www.carbonactivatedeurope.com\/pl\/","logo":{"@type":"ImageObject","inLanguage":"pl-PL","@id":"https:\/\/www.carbonactivatedeurope.com\/pl\/#\/schema\/logo\/image\/","url":"https:\/\/www.carbonactivatedeurope.com\/wp-content\/uploads\/2022\/07\/CAE-Logo-Blue.png","contentUrl":"https:\/\/www.carbonactivatedeurope.com\/wp-content\/uploads\/2022\/07\/CAE-Logo-Blue.png","width":554,"height":275,"caption":"Carbon Activated Europe"},"image":{"@id":"https:\/\/www.carbonactivatedeurope.com\/pl\/#\/schema\/logo\/image\/"},"sameAs":["https:\/\/www.linkedin.com\/company\/carbon-activated-europe\/posts\/?feedView=all"]}]}},"_links":{"self":[{"href":"https:\/\/www.carbonactivatedeurope.com\/pl\/wp-json\/wp\/v2\/pages\/8757","targetHints":{"allow":["GET"]}}],"collection":[{"href":"https:\/\/www.carbonactivatedeurope.com\/pl\/wp-json\/wp\/v2\/pages"}],"about":[{"href":"https:\/\/www.carbonactivatedeurope.com\/pl\/wp-json\/wp\/v2\/types\/page"}],"author":[{"embeddable":true,"href":"https:\/\/www.carbonactivatedeurope.com\/pl\/wp-json\/wp\/v2\/users\/5"}],"replies":[{"embeddable":true,"href":"https:\/\/www.carbonactivatedeurope.com\/pl\/wp-json\/wp\/v2\/comments?post=8757"}],"version-history":[{"count":8,"href":"https:\/\/www.carbonactivatedeurope.com\/pl\/wp-json\/wp\/v2\/pages\/8757\/revisions"}],"predecessor-version":[{"id":16133,"href":"https:\/\/www.carbonactivatedeurope.com\/pl\/wp-json\/wp\/v2\/pages\/8757\/revisions\/16133"}],"up":[{"embeddable":true,"href":"https:\/\/www.carbonactivatedeurope.com\/pl\/wp-json\/wp\/v2\/pages\/8761"}],"wp:attachment":[{"href":"https:\/\/www.carbonactivatedeurope.com\/pl\/wp-json\/wp\/v2\/media?parent=8757"}],"curies":[{"name":"wp","href":"https:\/\/api.w.org\/{rel}","templated":true}]}}