{"id":8699,"date":"2022-09-19T14:59:50","date_gmt":"2022-09-19T14:59:50","guid":{"rendered":"https:\/\/testing.carbonactivatedeurope.com\/badania-laboratoryjne\/"},"modified":"2025-04-02T02:37:18","modified_gmt":"2025-04-02T02:37:18","slug":"badania-laboratoryjne","status":"publish","type":"page","link":"https:\/\/www.carbonactivatedeurope.com\/pl\/uslugi\/badania-laboratoryjne\/","title":{"rendered":"Testy laboratoryjne"},"content":{"rendered":"\t\t<div data-elementor-type=\"wp-post\" data-elementor-id=\"8699\" class=\"elementor elementor-8699 elementor-1233\">\n\t\t\t\t\t\t<section class=\"elementor-section elementor-top-section elementor-element elementor-element-39dabc18 elementor-section-content-middle elementor-section-boxed elementor-section-height-default elementor-section-height-default\" data-id=\"39dabc18\" data-element_type=\"section\" data-e-type=\"section\" data-settings=\"{&quot;background_background&quot;:&quot;classic&quot;}\">\n\t\t\t\t\t\t\t<div class=\"elementor-background-overlay\"><\/div>\n\t\t\t\t\t\t\t<div class=\"elementor-container elementor-column-gap-no\">\n\t\t\t\t\t<div class=\"elementor-column elementor-col-100 elementor-top-column elementor-element elementor-element-f60585f\" data-id=\"f60585f\" data-element_type=\"column\" data-e-type=\"column\">\n\t\t\t<div class=\"elementor-widget-wrap elementor-element-populated\">\n\t\t\t\t\t\t<div class=\"elementor-element elementor-element-438af913 elementor-invisible elementor-widget elementor-widget-heading\" data-id=\"438af913\" data-element_type=\"widget\" data-e-type=\"widget\" data-settings=\"{&quot;_animation&quot;:&quot;fadeIn&quot;}\" data-widget_type=\"heading.default\">\n\t\t\t\t<div class=\"elementor-widget-container\">\n\t\t\t\t\t<h1 class=\"elementor-heading-title elementor-size-default\">Testy laboratoryjne<\/h1>\t\t\t\t<\/div>\n\t\t\t\t<\/div>\n\t\t\t\t\t<\/div>\n\t\t<\/div>\n\t\t\t\t\t<\/div>\n\t\t<\/section>\n\t\t\t\t<section class=\"elementor-section elementor-top-section elementor-element elementor-element-f320f14 elementor-section-boxed elementor-section-height-default elementor-section-height-default\" data-id=\"f320f14\" data-element_type=\"section\" data-e-type=\"section\">\n\t\t\t\t\t\t<div class=\"elementor-container elementor-column-gap-default\">\n\t\t\t\t\t<div class=\"elementor-column elementor-col-100 elementor-top-column elementor-element elementor-element-44eb5e5\" data-id=\"44eb5e5\" data-element_type=\"column\" data-e-type=\"column\">\n\t\t\t<div class=\"elementor-widget-wrap elementor-element-populated\">\n\t\t\t\t\t\t<div class=\"elementor-element elementor-element-c399a54 elementor-widget elementor-widget-heading\" data-id=\"c399a54\" data-element_type=\"widget\" data-e-type=\"widget\" data-widget_type=\"heading.default\">\n\t\t\t\t<div class=\"elementor-widget-container\">\n\t\t\t\t\t<h2 class=\"elementor-heading-title elementor-size-default\">Mamy dwa w\u0142asne laboratoria przeznaczone do testowania produkt\u00f3w z w\u0119glem aktywnym<\/h2>\t\t\t\t<\/div>\n\t\t\t\t<\/div>\n\t\t\t\t\t<\/div>\n\t\t<\/div>\n\t\t\t\t\t<\/div>\n\t\t<\/section>\n\t\t\t\t<section class=\"elementor-section elementor-top-section elementor-element elementor-element-aac7692 elementor-section-boxed elementor-section-height-default elementor-section-height-default\" data-id=\"aac7692\" data-element_type=\"section\" data-e-type=\"section\">\n\t\t\t\t\t\t<div class=\"elementor-container elementor-column-gap-default\">\n\t\t\t\t\t<div class=\"elementor-column elementor-col-100 elementor-top-column elementor-element elementor-element-81298eb\" data-id=\"81298eb\" data-element_type=\"column\" data-e-type=\"column\">\n\t\t\t<div class=\"elementor-widget-wrap elementor-element-populated\">\n\t\t\t\t\t\t<div class=\"elementor-element elementor-element-21b8a88 elementor-widget elementor-widget-text-editor\" data-id=\"21b8a88\" data-element_type=\"widget\" data-e-type=\"widget\" data-widget_type=\"text-editor.default\">\n\t\t\t\t<div class=\"elementor-widget-container\">\n\t\t\t\t\t\t\t\t\tW naszych o\u015brodkach badawczo-rozwojowych w Bristolu i Los Angeles oferujemy testowanie jako\u015bci wszystkich otrzymywanych i wysy\u0142anych produkt\u00f3w z w\u0119glem. Nasze laboratoria s\u0105 r\u00f3wnie\u017c w stanie testowa\u0107 pr\u00f3bki od klient\u00f3w, aby zidentyfikowa\u0107 obecnie u\u017cywane rodzaje w\u0119gla lub pom\u00f3c w zarekomendowaniu produkt\u00f3w o lepszych parametrach. Podczas naszych bada\u0144 korzystamy wy\u0142\u0105cznie z najlepszego sprz\u0119tu.\n To kolejny poziom wsparcia, kt\u00f3ry oferujemy naszym klientom, aby zapewni\u0107 wysok\u0105 jako\u015b\u0107 produkt\u00f3w i rzetelne doradztwo techniczne.\t\t\t\t\t\t\t\t<\/div>\n\t\t\t\t<\/div>\n\t\t\t\t\t<\/div>\n\t\t<\/div>\n\t\t\t\t\t<\/div>\n\t\t<\/section>\n\t\t\t\t<section class=\"elementor-section elementor-top-section elementor-element elementor-element-1e9ab4d elementor-section-boxed elementor-section-height-default elementor-section-height-default\" data-id=\"1e9ab4d\" data-element_type=\"section\" data-e-type=\"section\" data-settings=\"{&quot;background_background&quot;:&quot;classic&quot;}\">\n\t\t\t\t\t\t<div class=\"elementor-container elementor-column-gap-default\">\n\t\t\t\t\t<div class=\"elementor-column elementor-col-33 elementor-top-column elementor-element elementor-element-92f6502\" data-id=\"92f6502\" data-element_type=\"column\" data-e-type=\"column\">\n\t\t\t<div class=\"elementor-widget-wrap elementor-element-populated\">\n\t\t\t\t\t\t<div class=\"elementor-element elementor-element-671c541 elementor-widget elementor-widget-text-editor\" data-id=\"671c541\" data-element_type=\"widget\" data-e-type=\"widget\" data-widget_type=\"text-editor.default\">\n\t\t\t\t<div class=\"elementor-widget-container\">\n\t\t\t\t\t\t\t\t\t<h3 class=\"text-uppercase\">LABORATORIUM KONTROLI JAKO\u015aCI<\/h3><p>Dzi\u0119ki standardowym procedurom test\u00f3w nasze produkty spe\u0142niaj\u0105 wymogi w zakresie kontroli jako\u015bci.<\/p><ul type=\"square\"><li>Analiza dostarczanych partii<\/li><li>Analiza w\u0119gla reaktywowanego<\/li><li>Przesiewanie i kruszenie<\/li><li>Testowanie w\u0119gla impregnowanego<\/li><li>Analiza pr\u00f3bki klienta<\/li><li>Analiza zgodno\u015bci produktu ze specyfikacjami wed\u0142ug:<br \/><ul type=\"\"><li>ASTM \u2013 American Society for Testing and Materials,<\/li><li>metod AARL \u2013 Anglo American Research Laboratory,<\/li><li>norm EN \u2013 norm europejskich,<\/li><li>EPA \u2013 Environmental Protection Agency,<\/li><li>CA \u2013 Prop65,<\/li><li>USP \u2013 United States Pharmacopeia,<\/li><li>naszych wewn\u0119trznych standard\u00f3w laboratoryjnych.<\/li><\/ul><\/li><li>Ponadto do przeprowadzania audyt\u00f3w i kontroli oraz zapewniania zgodno\u015bci z przepisami na wszystkich poziomach dzia\u0142alno\u015bci biznesowej i laboratoryjnej korzystamy r\u00f3wnie\u017c z oprogramowania do zarz\u0105dzania jako\u015bci\u0105<\/li><\/ul>\t\t\t\t\t\t\t\t<\/div>\n\t\t\t\t<\/div>\n\t\t\t\t\t<\/div>\n\t\t<\/div>\n\t\t\t\t<div class=\"elementor-column elementor-col-66 elementor-top-column elementor-element elementor-element-9eec7cb\" data-id=\"9eec7cb\" data-element_type=\"column\" data-e-type=\"column\">\n\t\t\t<div class=\"elementor-widget-wrap elementor-element-populated\">\n\t\t\t\t\t\t<div class=\"elementor-element elementor-element-097bb46 elementor-widget elementor-widget-image\" data-id=\"097bb46\" data-element_type=\"widget\" data-e-type=\"widget\" data-widget_type=\"image.default\">\n\t\t\t\t<div class=\"elementor-widget-container\">\n\t\t\t\t\t\t\t\t\t\t\t\t\t\t\t<img decoding=\"async\" src=\"https:\/\/www.carbonactivatedeurope.com\/wp-content\/uploads\/elementor\/thumbs\/labority-testing-riwi4822nkwuijg5t7xj78df0h8fwu9vv7kiu37h00.webp\" title=\"labority-testing\" alt=\"labority-testing\" loading=\"lazy\" \/>\t\t\t\t\t\t\t\t\t\t\t\t\t\t\t<\/div>\n\t\t\t\t<\/div>\n\t\t\t\t\t<\/div>\n\t\t<\/div>\n\t\t\t\t\t<\/div>\n\t\t<\/section>\n\t\t\t\t<section class=\"elementor-section elementor-top-section elementor-element elementor-element-2488f30 elementor-section-boxed elementor-section-height-default elementor-section-height-default\" data-id=\"2488f30\" data-element_type=\"section\" data-e-type=\"section\">\n\t\t\t\t\t\t<div class=\"elementor-container elementor-column-gap-default\">\n\t\t\t\t\t<div class=\"elementor-column elementor-col-100 elementor-top-column elementor-element elementor-element-636cba0\" data-id=\"636cba0\" data-element_type=\"column\" data-e-type=\"column\">\n\t\t\t<div class=\"elementor-widget-wrap\">\n\t\t\t\t\t\t\t<\/div>\n\t\t<\/div>\n\t\t\t\t\t<\/div>\n\t\t<\/section>\n\t\t\t\t<section class=\"elementor-section elementor-top-section elementor-element elementor-element-24d8e68 elementor-section-boxed elementor-section-height-default elementor-section-height-default\" data-id=\"24d8e68\" data-element_type=\"section\" data-e-type=\"section\" data-settings=\"{&quot;background_background&quot;:&quot;classic&quot;}\">\n\t\t\t\t\t\t<div class=\"elementor-container elementor-column-gap-default\">\n\t\t\t\t\t<div class=\"elementor-column elementor-col-100 elementor-top-column elementor-element elementor-element-d19eed1\" data-id=\"d19eed1\" data-element_type=\"column\" data-e-type=\"column\">\n\t\t\t<div class=\"elementor-widget-wrap elementor-element-populated\">\n\t\t\t\t\t\t<div class=\"elementor-element elementor-element-c2e73c6 elementor-widget elementor-widget-heading\" data-id=\"c2e73c6\" data-element_type=\"widget\" data-e-type=\"widget\" data-widget_type=\"heading.default\">\n\t\t\t\t<div class=\"elementor-widget-container\">\n\t\t\t\t\t<h2 class=\"elementor-heading-title elementor-size-default\">Nasze doradztwo techniczne i testy laboratoryjne pozwalaj\u0105 zaoferowa\u0107 produkt dostosowany do specyfikacji projektu. Skontaktuj si\u0119 z naszymi ekspertami ju\u017c dzi\u015b.<\/h2>\t\t\t\t<\/div>\n\t\t\t\t<\/div>\n\t\t\t\t<div class=\"elementor-element elementor-element-d77bd78 elementor-align-center elementor-widget elementor-widget-button\" data-id=\"d77bd78\" data-element_type=\"widget\" data-e-type=\"widget\" data-widget_type=\"button.default\">\n\t\t\t\t<div class=\"elementor-widget-container\">\n\t\t\t\t\t\t\t\t\t<div class=\"elementor-button-wrapper\">\n\t\t\t\t\t<a class=\"elementor-button elementor-button-link elementor-size-md\" href=\"\/pl\/kontakt\/\">\n\t\t\t\t\t\t<span class=\"elementor-button-content-wrapper\">\n\t\t\t\t\t\t\t\t\t<span class=\"elementor-button-text\">Skontaktuj si\u0119 z nami<\/span>\n\t\t\t\t\t<\/span>\n\t\t\t\t\t<\/a>\n\t\t\t\t<\/div>\n\t\t\t\t\t\t\t\t<\/div>\n\t\t\t\t<\/div>\n\t\t\t\t\t<\/div>\n\t\t<\/div>\n\t\t\t\t\t<\/div>\n\t\t<\/section>\n\t\t\t\t<\/div>\n\t\t","protected":false},"excerpt":{"rendered":"<p>Testy laboratoryjne Mamy dwa w\u0142asne laboratoria przeznaczone do testowania produkt\u00f3w z w\u0119glem aktywnym W naszych o\u015brodkach badawczo-rozwojowych w Bristolu i Los Angeles oferujemy testowanie jako\u015bci wszystkich otrzymywanych i wysy\u0142anych produkt\u00f3w z w\u0119glem. Nasze laboratoria s\u0105 r\u00f3wnie\u017c w stanie testowa\u0107 pr\u00f3bki od klient\u00f3w, aby zidentyfikowa\u0107 obecnie u\u017cywane rodzaje w\u0119gla lub pom\u00f3c w zarekomendowaniu produkt\u00f3w o lepszych [&hellip;]<\/p>\n","protected":false},"author":5,"featured_media":0,"parent":8761,"menu_order":0,"comment_status":"closed","ping_status":"closed","template":"","meta":{"_monsterinsights_skip_tracking":false,"_monsterinsights_sitenote_active":false,"_monsterinsights_sitenote_note":"","_monsterinsights_sitenote_category":0,"site-sidebar-layout":"no-sidebar","site-content-layout":"page-builder","ast-site-content-layout":"full-width-container","site-content-style":"unboxed","site-sidebar-style":"unboxed","ast-global-header-display":"","ast-banner-title-visibility":"","ast-main-header-display":"","ast-hfb-above-header-display":"","ast-hfb-below-header-display":"","ast-hfb-mobile-header-display":"","site-post-title":"disabled","ast-breadcrumbs-content":"","ast-featured-img":"disabled","footer-sml-layout":"","theme-transparent-header-meta":"enabled","adv-header-id-meta":"","stick-header-meta":"","header-above-stick-meta":"","header-main-stick-meta":"","header-below-stick-meta":"","astra-migrate-meta-layouts":"default","ast-page-background-enabled":"default","ast-page-background-meta":{"desktop":{"background-color":"","background-image":"","background-repeat":"repeat","background-position":"center center","background-size":"auto","background-attachment":"scroll","background-type":"","background-media":"","overlay-type":"","overlay-color":"","overlay-gradient":""},"tablet":{"background-color":"","background-image":"","background-repeat":"repeat","background-position":"center center","background-size":"auto","background-attachment":"scroll","background-type":"","background-media":"","overlay-type":"","overlay-color":"","overlay-gradient":""},"mobile":{"background-color":"","background-image":"","background-repeat":"repeat","background-position":"center center","background-size":"auto","background-attachment":"scroll","background-type":"","background-media":"","overlay-type":"","overlay-color":"","overlay-gradient":""}},"ast-content-background-meta":{"desktop":{"background-color":"var(--ast-global-color-5)","background-image":"","background-repeat":"repeat","background-position":"center center","background-size":"auto","background-attachment":"scroll","background-type":"","background-media":"","overlay-type":"","overlay-color":"","overlay-gradient":""},"tablet":{"background-color":"var(--ast-global-color-5)","background-image":"","background-repeat":"repeat","background-position":"center center","background-size":"auto","background-attachment":"scroll","background-type":"","background-media":"","overlay-type":"","overlay-color":"","overlay-gradient":""},"mobile":{"background-color":"var(--ast-global-color-5)","background-image":"","background-repeat":"repeat","background-position":"center center","background-size":"auto","background-attachment":"scroll","background-type":"","background-media":"","overlay-type":"","overlay-color":"","overlay-gradient":""}},"footnotes":""},"class_list":["post-8699","page","type-page","status-publish","hentry"],"yoast_head":"<!-- This site is optimized with the Yoast SEO plugin v26.9 - https:\/\/yoast.com\/product\/yoast-seo-wordpress\/ -->\n<title>Testy laboratoryjne - Carbon Activated Europe<\/title>\n<meta name=\"robots\" content=\"index, follow, max-snippet:-1, max-image-preview:large, max-video-preview:-1\" \/>\n<link rel=\"canonical\" href=\"https:\/\/www.carbonactivatedeurope.com\/pl\/uslugi\/badania-laboratoryjne\/\" \/>\n<meta property=\"og:locale\" content=\"pl_PL\" \/>\n<meta property=\"og:type\" content=\"article\" \/>\n<meta property=\"og:title\" content=\"Testy laboratoryjne - Carbon Activated Europe\" \/>\n<meta property=\"og:description\" content=\"Testy laboratoryjne Mamy dwa w\u0142asne laboratoria przeznaczone do testowania produkt\u00f3w z w\u0119glem aktywnym W naszych o\u015brodkach badawczo-rozwojowych w Bristolu i Los Angeles oferujemy testowanie jako\u015bci wszystkich otrzymywanych i wysy\u0142anych produkt\u00f3w z w\u0119glem. Nasze laboratoria s\u0105 r\u00f3wnie\u017c w stanie testowa\u0107 pr\u00f3bki od klient\u00f3w, aby zidentyfikowa\u0107 obecnie u\u017cywane rodzaje w\u0119gla lub pom\u00f3c w zarekomendowaniu produkt\u00f3w o lepszych [&hellip;]\" \/>\n<meta property=\"og:url\" content=\"https:\/\/www.carbonactivatedeurope.com\/pl\/uslugi\/badania-laboratoryjne\/\" \/>\n<meta property=\"og:site_name\" content=\"Carbon Activated Europe\" \/>\n<meta property=\"article:modified_time\" content=\"2025-04-02T02:37:18+00:00\" \/>\n<meta property=\"og:image\" content=\"https:\/\/www.carbonactivatedeurope.com\/wp-content\/uploads\/elementor\/thumbs\/labority-testing-r3pkuz4fdn0ey08mcal7zabotlihsht8rd1p5loc7k.webp\" \/>\n<meta name=\"twitter:card\" content=\"summary_large_image\" \/>\n<meta name=\"twitter:label1\" content=\"Szacowany czas czytania\" \/>\n\t<meta name=\"twitter:data1\" content=\"2 minuty\" \/>\n<script type=\"application\/ld+json\" class=\"yoast-schema-graph\">{\"@context\":\"https:\/\/schema.org\",\"@graph\":[{\"@type\":\"WebPage\",\"@id\":\"https:\/\/www.carbonactivatedeurope.com\/pl\/uslugi\/badania-laboratoryjne\/\",\"url\":\"https:\/\/www.carbonactivatedeurope.com\/pl\/uslugi\/badania-laboratoryjne\/\",\"name\":\"Testy laboratoryjne - Carbon Activated Europe\",\"isPartOf\":{\"@id\":\"https:\/\/www.carbonactivatedeurope.com\/pl\/#website\"},\"primaryImageOfPage\":{\"@id\":\"https:\/\/www.carbonactivatedeurope.com\/pl\/uslugi\/badania-laboratoryjne\/#primaryimage\"},\"image\":{\"@id\":\"https:\/\/www.carbonactivatedeurope.com\/pl\/uslugi\/badania-laboratoryjne\/#primaryimage\"},\"thumbnailUrl\":\"https:\/\/www.carbonactivatedeurope.com\/wp-content\/uploads\/elementor\/thumbs\/labority-testing-r3pkuz4fdn0ey08mcal7zabotlihsht8rd1p5loc7k.webp\",\"datePublished\":\"2022-09-19T14:59:50+00:00\",\"dateModified\":\"2025-04-02T02:37:18+00:00\",\"breadcrumb\":{\"@id\":\"https:\/\/www.carbonactivatedeurope.com\/pl\/uslugi\/badania-laboratoryjne\/#breadcrumb\"},\"inLanguage\":\"pl-PL\",\"potentialAction\":[{\"@type\":\"ReadAction\",\"target\":[\"https:\/\/www.carbonactivatedeurope.com\/pl\/uslugi\/badania-laboratoryjne\/\"]}]},{\"@type\":\"ImageObject\",\"inLanguage\":\"pl-PL\",\"@id\":\"https:\/\/www.carbonactivatedeurope.com\/pl\/uslugi\/badania-laboratoryjne\/#primaryimage\",\"url\":\"https:\/\/www.carbonactivatedeurope.com\/wp-content\/uploads\/elementor\/thumbs\/labority-testing-r3pkuz4fdn0ey08mcal7zabotlihsht8rd1p5loc7k.webp\",\"contentUrl\":\"https:\/\/www.carbonactivatedeurope.com\/wp-content\/uploads\/elementor\/thumbs\/labority-testing-r3pkuz4fdn0ey08mcal7zabotlihsht8rd1p5loc7k.webp\"},{\"@type\":\"BreadcrumbList\",\"@id\":\"https:\/\/www.carbonactivatedeurope.com\/pl\/uslugi\/badania-laboratoryjne\/#breadcrumb\",\"itemListElement\":[{\"@type\":\"ListItem\",\"position\":1,\"name\":\"Home\",\"item\":\"https:\/\/www.carbonactivatedeurope.com\/pl\/\"},{\"@type\":\"ListItem\",\"position\":2,\"name\":\"Us\u0142ugi\",\"item\":\"https:\/\/www.carbonactivatedeurope.com\/pl\/uslugi\/\"},{\"@type\":\"ListItem\",\"position\":3,\"name\":\"Testy laboratoryjne\"}]},{\"@type\":\"WebSite\",\"@id\":\"https:\/\/www.carbonactivatedeurope.com\/pl\/#website\",\"url\":\"https:\/\/www.carbonactivatedeurope.com\/pl\/\",\"name\":\"Carbon Activated Europe\",\"description\":\"\",\"publisher\":{\"@id\":\"https:\/\/www.carbonactivatedeurope.com\/pl\/#organization\"},\"potentialAction\":[{\"@type\":\"SearchAction\",\"target\":{\"@type\":\"EntryPoint\",\"urlTemplate\":\"https:\/\/www.carbonactivatedeurope.com\/pl\/?s={search_term_string}\"},\"query-input\":{\"@type\":\"PropertyValueSpecification\",\"valueRequired\":true,\"valueName\":\"search_term_string\"}}],\"inLanguage\":\"pl-PL\"},{\"@type\":\"Organization\",\"@id\":\"https:\/\/www.carbonactivatedeurope.com\/pl\/#organization\",\"name\":\"Carbon Activated Europe\",\"url\":\"https:\/\/www.carbonactivatedeurope.com\/pl\/\",\"logo\":{\"@type\":\"ImageObject\",\"inLanguage\":\"pl-PL\",\"@id\":\"https:\/\/www.carbonactivatedeurope.com\/pl\/#\/schema\/logo\/image\/\",\"url\":\"https:\/\/www.carbonactivatedeurope.com\/wp-content\/uploads\/2022\/07\/CAE-Logo-Blue.png\",\"contentUrl\":\"https:\/\/www.carbonactivatedeurope.com\/wp-content\/uploads\/2022\/07\/CAE-Logo-Blue.png\",\"width\":554,\"height\":275,\"caption\":\"Carbon Activated Europe\"},\"image\":{\"@id\":\"https:\/\/www.carbonactivatedeurope.com\/pl\/#\/schema\/logo\/image\/\"},\"sameAs\":[\"https:\/\/www.linkedin.com\/company\/carbon-activated-europe\/posts\/?feedView=all\"]}]}<\/script>\n<!-- \/ Yoast SEO plugin. -->","yoast_head_json":{"title":"Testy laboratoryjne - Carbon Activated Europe","robots":{"index":"index","follow":"follow","max-snippet":"max-snippet:-1","max-image-preview":"max-image-preview:large","max-video-preview":"max-video-preview:-1"},"canonical":"https:\/\/www.carbonactivatedeurope.com\/pl\/uslugi\/badania-laboratoryjne\/","og_locale":"pl_PL","og_type":"article","og_title":"Testy laboratoryjne - Carbon Activated Europe","og_description":"Testy laboratoryjne Mamy dwa w\u0142asne laboratoria przeznaczone do testowania produkt\u00f3w z w\u0119glem aktywnym W naszych o\u015brodkach badawczo-rozwojowych w Bristolu i Los Angeles oferujemy testowanie jako\u015bci wszystkich otrzymywanych i wysy\u0142anych produkt\u00f3w z w\u0119glem. Nasze laboratoria s\u0105 r\u00f3wnie\u017c w stanie testowa\u0107 pr\u00f3bki od klient\u00f3w, aby zidentyfikowa\u0107 obecnie u\u017cywane rodzaje w\u0119gla lub pom\u00f3c w zarekomendowaniu produkt\u00f3w o lepszych [&hellip;]","og_url":"https:\/\/www.carbonactivatedeurope.com\/pl\/uslugi\/badania-laboratoryjne\/","og_site_name":"Carbon Activated Europe","article_modified_time":"2025-04-02T02:37:18+00:00","og_image":[{"url":"https:\/\/www.carbonactivatedeurope.com\/wp-content\/uploads\/elementor\/thumbs\/labority-testing-r3pkuz4fdn0ey08mcal7zabotlihsht8rd1p5loc7k.webp","type":"","width":"","height":""}],"twitter_card":"summary_large_image","twitter_misc":{"Szacowany czas czytania":"2 minuty"},"schema":{"@context":"https:\/\/schema.org","@graph":[{"@type":"WebPage","@id":"https:\/\/www.carbonactivatedeurope.com\/pl\/uslugi\/badania-laboratoryjne\/","url":"https:\/\/www.carbonactivatedeurope.com\/pl\/uslugi\/badania-laboratoryjne\/","name":"Testy laboratoryjne - Carbon Activated Europe","isPartOf":{"@id":"https:\/\/www.carbonactivatedeurope.com\/pl\/#website"},"primaryImageOfPage":{"@id":"https:\/\/www.carbonactivatedeurope.com\/pl\/uslugi\/badania-laboratoryjne\/#primaryimage"},"image":{"@id":"https:\/\/www.carbonactivatedeurope.com\/pl\/uslugi\/badania-laboratoryjne\/#primaryimage"},"thumbnailUrl":"https:\/\/www.carbonactivatedeurope.com\/wp-content\/uploads\/elementor\/thumbs\/labority-testing-r3pkuz4fdn0ey08mcal7zabotlihsht8rd1p5loc7k.webp","datePublished":"2022-09-19T14:59:50+00:00","dateModified":"2025-04-02T02:37:18+00:00","breadcrumb":{"@id":"https:\/\/www.carbonactivatedeurope.com\/pl\/uslugi\/badania-laboratoryjne\/#breadcrumb"},"inLanguage":"pl-PL","potentialAction":[{"@type":"ReadAction","target":["https:\/\/www.carbonactivatedeurope.com\/pl\/uslugi\/badania-laboratoryjne\/"]}]},{"@type":"ImageObject","inLanguage":"pl-PL","@id":"https:\/\/www.carbonactivatedeurope.com\/pl\/uslugi\/badania-laboratoryjne\/#primaryimage","url":"https:\/\/www.carbonactivatedeurope.com\/wp-content\/uploads\/elementor\/thumbs\/labority-testing-r3pkuz4fdn0ey08mcal7zabotlihsht8rd1p5loc7k.webp","contentUrl":"https:\/\/www.carbonactivatedeurope.com\/wp-content\/uploads\/elementor\/thumbs\/labority-testing-r3pkuz4fdn0ey08mcal7zabotlihsht8rd1p5loc7k.webp"},{"@type":"BreadcrumbList","@id":"https:\/\/www.carbonactivatedeurope.com\/pl\/uslugi\/badania-laboratoryjne\/#breadcrumb","itemListElement":[{"@type":"ListItem","position":1,"name":"Home","item":"https:\/\/www.carbonactivatedeurope.com\/pl\/"},{"@type":"ListItem","position":2,"name":"Us\u0142ugi","item":"https:\/\/www.carbonactivatedeurope.com\/pl\/uslugi\/"},{"@type":"ListItem","position":3,"name":"Testy laboratoryjne"}]},{"@type":"WebSite","@id":"https:\/\/www.carbonactivatedeurope.com\/pl\/#website","url":"https:\/\/www.carbonactivatedeurope.com\/pl\/","name":"Carbon Activated Europe","description":"","publisher":{"@id":"https:\/\/www.carbonactivatedeurope.com\/pl\/#organization"},"potentialAction":[{"@type":"SearchAction","target":{"@type":"EntryPoint","urlTemplate":"https:\/\/www.carbonactivatedeurope.com\/pl\/?s={search_term_string}"},"query-input":{"@type":"PropertyValueSpecification","valueRequired":true,"valueName":"search_term_string"}}],"inLanguage":"pl-PL"},{"@type":"Organization","@id":"https:\/\/www.carbonactivatedeurope.com\/pl\/#organization","name":"Carbon Activated Europe","url":"https:\/\/www.carbonactivatedeurope.com\/pl\/","logo":{"@type":"ImageObject","inLanguage":"pl-PL","@id":"https:\/\/www.carbonactivatedeurope.com\/pl\/#\/schema\/logo\/image\/","url":"https:\/\/www.carbonactivatedeurope.com\/wp-content\/uploads\/2022\/07\/CAE-Logo-Blue.png","contentUrl":"https:\/\/www.carbonactivatedeurope.com\/wp-content\/uploads\/2022\/07\/CAE-Logo-Blue.png","width":554,"height":275,"caption":"Carbon Activated Europe"},"image":{"@id":"https:\/\/www.carbonactivatedeurope.com\/pl\/#\/schema\/logo\/image\/"},"sameAs":["https:\/\/www.linkedin.com\/company\/carbon-activated-europe\/posts\/?feedView=all"]}]}},"_links":{"self":[{"href":"https:\/\/www.carbonactivatedeurope.com\/pl\/wp-json\/wp\/v2\/pages\/8699","targetHints":{"allow":["GET"]}}],"collection":[{"href":"https:\/\/www.carbonactivatedeurope.com\/pl\/wp-json\/wp\/v2\/pages"}],"about":[{"href":"https:\/\/www.carbonactivatedeurope.com\/pl\/wp-json\/wp\/v2\/types\/page"}],"author":[{"embeddable":true,"href":"https:\/\/www.carbonactivatedeurope.com\/pl\/wp-json\/wp\/v2\/users\/5"}],"replies":[{"embeddable":true,"href":"https:\/\/www.carbonactivatedeurope.com\/pl\/wp-json\/wp\/v2\/comments?post=8699"}],"version-history":[{"count":8,"href":"https:\/\/www.carbonactivatedeurope.com\/pl\/wp-json\/wp\/v2\/pages\/8699\/revisions"}],"predecessor-version":[{"id":16136,"href":"https:\/\/www.carbonactivatedeurope.com\/pl\/wp-json\/wp\/v2\/pages\/8699\/revisions\/16136"}],"up":[{"embeddable":true,"href":"https:\/\/www.carbonactivatedeurope.com\/pl\/wp-json\/wp\/v2\/pages\/8761"}],"wp:attachment":[{"href":"https:\/\/www.carbonactivatedeurope.com\/pl\/wp-json\/wp\/v2\/media?parent=8699"}],"curies":[{"name":"wp","href":"https:\/\/api.w.org\/{rel}","templated":true}]}}