{"id":9214,"date":"2023-01-04T20:44:52","date_gmt":"2023-01-04T20:44:52","guid":{"rendered":"https:\/\/testing.carbonactivatedeurope.com\/evenements\/"},"modified":"2026-02-23T06:22:11","modified_gmt":"2026-02-23T06:22:11","slug":"evenements","status":"publish","type":"page","link":"https:\/\/www.carbonactivatedeurope.com\/fr\/evenements\/","title":{"rendered":"\u00c9v\u00e9nements"},"content":{"rendered":"\t\t<div data-elementor-type=\"wp-post\" data-elementor-id=\"9214\" class=\"elementor elementor-9214 elementor-2641\">\n\t\t\t\t\t\t<section class=\"elementor-section elementor-top-section elementor-element elementor-element-1b5d768b elementor-section-content-middle elementor-section-boxed elementor-section-height-default elementor-section-height-default\" data-id=\"1b5d768b\" data-element_type=\"section\" data-e-type=\"section\" data-settings=\"{&quot;background_background&quot;:&quot;classic&quot;}\">\n\t\t\t\t\t\t\t<div class=\"elementor-background-overlay\"><\/div>\n\t\t\t\t\t\t\t<div class=\"elementor-container elementor-column-gap-no\">\n\t\t\t\t\t<div class=\"elementor-column elementor-col-100 elementor-top-column elementor-element elementor-element-1608c15b\" data-id=\"1608c15b\" data-element_type=\"column\" data-e-type=\"column\">\n\t\t\t<div class=\"elementor-widget-wrap elementor-element-populated\">\n\t\t\t\t\t\t<div class=\"elementor-element elementor-element-321a34b8 elementor-widget elementor-widget-heading\" data-id=\"321a34b8\" data-element_type=\"widget\" data-e-type=\"widget\" data-widget_type=\"heading.default\">\n\t\t\t\t<div class=\"elementor-widget-container\">\n\t\t\t\t\t<h1 class=\"elementor-heading-title elementor-size-default\">\u00c9v\u00e9nements<\/h1>\t\t\t\t<\/div>\n\t\t\t\t<\/div>\n\t\t\t\t\t<\/div>\n\t\t<\/div>\n\t\t\t\t\t<\/div>\n\t\t<\/section>\n\t\t\t\t<section class=\"elementor-section elementor-top-section elementor-element elementor-element-dc615d9 elementor-section-boxed elementor-section-height-default elementor-section-height-default\" data-id=\"dc615d9\" data-element_type=\"section\" data-e-type=\"section\">\n\t\t\t\t\t\t<div class=\"elementor-container elementor-column-gap-default\">\n\t\t\t\t\t<div class=\"elementor-column elementor-col-100 elementor-top-column elementor-element elementor-element-05c2873\" data-id=\"05c2873\" data-element_type=\"column\" data-e-type=\"column\">\n\t\t\t<div class=\"elementor-widget-wrap elementor-element-populated\">\n\t\t\t\t\t\t<div class=\"elementor-element elementor-element-6ca02ca elementor-widget elementor-widget-heading\" data-id=\"6ca02ca\" data-element_type=\"widget\" data-e-type=\"widget\" data-widget_type=\"heading.default\">\n\t\t\t\t<div class=\"elementor-widget-container\">\n\t\t\t\t\t<h2 class=\"elementor-heading-title elementor-size-default\">\u00c9v\u00e9nements et salons \u00e0 venir<\/h2>\t\t\t\t<\/div>\n\t\t\t\t<\/div>\n\t\t\t\t\t<\/div>\n\t\t<\/div>\n\t\t\t\t\t<\/div>\n\t\t<\/section>\n\t\t\t\t<section class=\"elementor-section elementor-top-section elementor-element elementor-element-359bffe elementor-section-boxed elementor-section-height-default elementor-section-height-default\" data-id=\"359bffe\" data-element_type=\"section\" data-e-type=\"section\">\n\t\t\t\t\t\t<div class=\"elementor-container elementor-column-gap-default\">\n\t\t\t\t\t<div class=\"elementor-column elementor-col-100 elementor-top-column elementor-element elementor-element-17dcf19\" data-id=\"17dcf19\" data-element_type=\"column\" data-e-type=\"column\">\n\t\t\t<div class=\"elementor-widget-wrap elementor-element-populated\">\n\t\t\t\t\t\t<div class=\"elementor-element elementor-element-dcf2efa elementor-widget elementor-widget-text-editor\" data-id=\"dcf2efa\" data-element_type=\"widget\" data-e-type=\"widget\" data-widget_type=\"text-editor.default\">\n\t\t\t\t<div class=\"elementor-widget-container\">\n\t\t\t\t\t\t\t\t\t<h4><strong data-renderer-mark=\"true\">FILTECH 2026<\/strong><\/h4><p>30 juin \u2013 2 juillet 2026<\/p><p>Mardi\u2003\u2003\u2003 9h00 \u2013 18h00<br \/>Mercredi\u2003 \u00a09h00 \u2013 18h00<br \/>Jeudi\u2003\u2003\u2003 \u00a09h00 \u2013 17h00<\/p><p>\u00a0<\/p><p class=\"m_2767411325357160858MsoListParagraph\"><b>Retrouvez-nous au<\/b><\/p><p data-renderer-start-pos=\"180\">Hall 8 Stand C8<\/p><p data-renderer-start-pos=\"197\">Cologne \u2013 Allemagne<\/p><p><a class=\"_ymio1r31 _ypr0glyw _zcxs1o36 _mizu194a _1ah3dkaa _ra3xnqa1 _128mdkaa _1cvmnqa1 _4davt94y _4bfu18uv _1hms8stv _ajmmnqa1 _vchhusvi _kqswh2mm _ect4ttxp _syaz13af _1a3b18uv _4fpr8stv _5goinqa1 _f8pj13af _9oik18uv _1bnxglyw _jf4cnqa1 _30l313af _1nrm18uv _c2waglyw _1iohnqa1 _9h8h12zz _10531ra0 _1ien1ra0 _n0fx1ra0 _1vhv17z1\" title=\"https:\/\/filtech.de\/\" href=\"https:\/\/filtech.de\/\" data-renderer-mark=\"true\">FILTECH 2026 &#8211; The Filtration Event<\/a><\/p>\t\t\t\t\t\t\t\t<\/div>\n\t\t\t\t<\/div>\n\t\t\t\t\t<\/div>\n\t\t<\/div>\n\t\t\t\t\t<\/div>\n\t\t<\/section>\n\t\t\t\t<section class=\"elementor-section elementor-top-section elementor-element elementor-element-be6cadf elementor-section-boxed elementor-section-height-default elementor-section-height-default\" data-id=\"be6cadf\" data-element_type=\"section\" data-e-type=\"section\">\n\t\t\t\t\t\t<div class=\"elementor-container elementor-column-gap-default\">\n\t\t\t\t\t<div class=\"elementor-column elementor-col-100 elementor-top-column elementor-element elementor-element-818d9f8\" data-id=\"818d9f8\" data-element_type=\"column\" data-e-type=\"column\">\n\t\t\t<div class=\"elementor-widget-wrap elementor-element-populated\">\n\t\t\t\t\t\t<div class=\"elementor-element elementor-element-7e9e78f elementor-widget elementor-widget-spacer\" data-id=\"7e9e78f\" data-element_type=\"widget\" data-e-type=\"widget\" data-widget_type=\"spacer.default\">\n\t\t\t\t<div class=\"elementor-widget-container\">\n\t\t\t\t\t\t\t<div class=\"elementor-spacer\">\n\t\t\t<div class=\"elementor-spacer-inner\"><\/div>\n\t\t<\/div>\n\t\t\t\t\t\t<\/div>\n\t\t\t\t<\/div>\n\t\t\t\t\t<\/div>\n\t\t<\/div>\n\t\t\t\t\t<\/div>\n\t\t<\/section>\n\t\t\t\t<\/div>\n\t\t","protected":false},"excerpt":{"rendered":"<p>\u00c9v\u00e9nements \u00c9v\u00e9nements et salons \u00e0 venir FILTECH 2026 30 juin \u2013 2 juillet 2026 Mardi\u2003\u2003\u2003 9h00 \u2013 18h00Mercredi\u2003 \u00a09h00 \u2013 18h00Jeudi\u2003\u2003\u2003 \u00a09h00 \u2013 17h00 \u00a0 Retrouvez-nous au Hall 8 Stand C8 Cologne \u2013 Allemagne FILTECH 2026 &#8211; The Filtration Event<\/p>\n","protected":false},"author":5,"featured_media":0,"parent":0,"menu_order":0,"comment_status":"closed","ping_status":"closed","template":"","meta":{"_monsterinsights_skip_tracking":false,"_monsterinsights_sitenote_active":false,"_monsterinsights_sitenote_note":"","_monsterinsights_sitenote_category":0,"site-sidebar-layout":"no-sidebar","site-content-layout":"page-builder","ast-site-content-layout":"full-width-container","site-content-style":"unboxed","site-sidebar-style":"unboxed","ast-global-header-display":"","ast-banner-title-visibility":"","ast-main-header-display":"","ast-hfb-above-header-display":"","ast-hfb-below-header-display":"","ast-hfb-mobile-header-display":"","site-post-title":"disabled","ast-breadcrumbs-content":"","ast-featured-img":"disabled","footer-sml-layout":"","theme-transparent-header-meta":"enabled","adv-header-id-meta":"","stick-header-meta":"","header-above-stick-meta":"","header-main-stick-meta":"","header-below-stick-meta":"","astra-migrate-meta-layouts":"default","ast-page-background-enabled":"default","ast-page-background-meta":{"desktop":{"background-color":"","background-image":"","background-repeat":"repeat","background-position":"center center","background-size":"auto","background-attachment":"scroll","background-type":"","background-media":"","overlay-type":"","overlay-color":"","overlay-gradient":""},"tablet":{"background-color":"","background-image":"","background-repeat":"repeat","background-position":"center center","background-size":"auto","background-attachment":"scroll","background-type":"","background-media":"","overlay-type":"","overlay-color":"","overlay-gradient":""},"mobile":{"background-color":"","background-image":"","background-repeat":"repeat","background-position":"center center","background-size":"auto","background-attachment":"scroll","background-type":"","background-media":"","overlay-type":"","overlay-color":"","overlay-gradient":""}},"ast-content-background-meta":{"desktop":{"background-color":"var(--ast-global-color-5)","background-image":"","background-repeat":"repeat","background-position":"center center","background-size":"auto","background-attachment":"scroll","background-type":"","background-media":"","overlay-type":"","overlay-color":"","overlay-gradient":""},"tablet":{"background-color":"var(--ast-global-color-5)","background-image":"","background-repeat":"repeat","background-position":"center center","background-size":"auto","background-attachment":"scroll","background-type":"","background-media":"","overlay-type":"","overlay-color":"","overlay-gradient":""},"mobile":{"background-color":"var(--ast-global-color-5)","background-image":"","background-repeat":"repeat","background-position":"center center","background-size":"auto","background-attachment":"scroll","background-type":"","background-media":"","overlay-type":"","overlay-color":"","overlay-gradient":""}},"footnotes":""},"class_list":["post-9214","page","type-page","status-publish","hentry"],"yoast_head":"<!-- This site is optimized with the Yoast SEO plugin v26.9 - https:\/\/yoast.com\/product\/yoast-seo-wordpress\/ -->\n<title>\u00c9v\u00e9nements - Carbon Activated Europe<\/title>\n<meta name=\"description\" content=\"Stay updated on Carbon Activated Europe\u2019s latest events, exhibitions, and industry conferences. Explore our activated carbon solutions.\" \/>\n<meta name=\"robots\" content=\"index, follow, max-snippet:-1, max-image-preview:large, max-video-preview:-1\" \/>\n<link rel=\"canonical\" href=\"https:\/\/www.carbonactivatedeurope.com\/fr\/evenements\/\" \/>\n<meta property=\"og:locale\" content=\"fr_FR\" \/>\n<meta property=\"og:type\" content=\"article\" \/>\n<meta property=\"og:title\" content=\"\u00c9v\u00e9nements - Carbon Activated Europe\" \/>\n<meta property=\"og:description\" content=\"Stay updated on Carbon Activated Europe\u2019s latest events, exhibitions, and industry conferences. Explore our activated carbon solutions.\" \/>\n<meta property=\"og:url\" content=\"https:\/\/www.carbonactivatedeurope.com\/fr\/evenements\/\" \/>\n<meta property=\"og:site_name\" content=\"Carbon Activated Europe\" \/>\n<meta property=\"article:modified_time\" content=\"2026-02-23T06:22:11+00:00\" \/>\n<meta name=\"twitter:card\" content=\"summary_large_image\" \/>\n<meta name=\"twitter:label1\" content=\"Dur\u00e9e de lecture estim\u00e9e\" \/>\n\t<meta name=\"twitter:data1\" content=\"1 minute\" \/>\n<script type=\"application\/ld+json\" class=\"yoast-schema-graph\">{\"@context\":\"https:\/\/schema.org\",\"@graph\":[{\"@type\":\"WebPage\",\"@id\":\"https:\/\/www.carbonactivatedeurope.com\/fr\/evenements\/\",\"url\":\"https:\/\/www.carbonactivatedeurope.com\/fr\/evenements\/\",\"name\":\"\u00c9v\u00e9nements - Carbon Activated Europe\",\"isPartOf\":{\"@id\":\"https:\/\/www.carbonactivatedeurope.com\/fr\/#website\"},\"datePublished\":\"2023-01-04T20:44:52+00:00\",\"dateModified\":\"2026-02-23T06:22:11+00:00\",\"description\":\"Stay updated on Carbon Activated Europe\u2019s latest events, exhibitions, and industry conferences. Explore our activated carbon solutions.\",\"breadcrumb\":{\"@id\":\"https:\/\/www.carbonactivatedeurope.com\/fr\/evenements\/#breadcrumb\"},\"inLanguage\":\"fr-FR\",\"potentialAction\":[{\"@type\":\"ReadAction\",\"target\":[\"https:\/\/www.carbonactivatedeurope.com\/fr\/evenements\/\"]}]},{\"@type\":\"BreadcrumbList\",\"@id\":\"https:\/\/www.carbonactivatedeurope.com\/fr\/evenements\/#breadcrumb\",\"itemListElement\":[{\"@type\":\"ListItem\",\"position\":1,\"name\":\"Home\",\"item\":\"https:\/\/www.carbonactivatedeurope.com\/fr\/\"},{\"@type\":\"ListItem\",\"position\":2,\"name\":\"\u00c9v\u00e9nements\"}]},{\"@type\":\"WebSite\",\"@id\":\"https:\/\/www.carbonactivatedeurope.com\/fr\/#website\",\"url\":\"https:\/\/www.carbonactivatedeurope.com\/fr\/\",\"name\":\"Carbon Activated Europe\",\"description\":\"\",\"publisher\":{\"@id\":\"https:\/\/www.carbonactivatedeurope.com\/fr\/#organization\"},\"potentialAction\":[{\"@type\":\"SearchAction\",\"target\":{\"@type\":\"EntryPoint\",\"urlTemplate\":\"https:\/\/www.carbonactivatedeurope.com\/fr\/?s={search_term_string}\"},\"query-input\":{\"@type\":\"PropertyValueSpecification\",\"valueRequired\":true,\"valueName\":\"search_term_string\"}}],\"inLanguage\":\"fr-FR\"},{\"@type\":\"Organization\",\"@id\":\"https:\/\/www.carbonactivatedeurope.com\/fr\/#organization\",\"name\":\"Carbon Activated Europe\",\"url\":\"https:\/\/www.carbonactivatedeurope.com\/fr\/\",\"logo\":{\"@type\":\"ImageObject\",\"inLanguage\":\"fr-FR\",\"@id\":\"https:\/\/www.carbonactivatedeurope.com\/fr\/#\/schema\/logo\/image\/\",\"url\":\"https:\/\/www.carbonactivatedeurope.com\/wp-content\/uploads\/2022\/07\/CAE-Logo-Blue.png\",\"contentUrl\":\"https:\/\/www.carbonactivatedeurope.com\/wp-content\/uploads\/2022\/07\/CAE-Logo-Blue.png\",\"width\":554,\"height\":275,\"caption\":\"Carbon Activated Europe\"},\"image\":{\"@id\":\"https:\/\/www.carbonactivatedeurope.com\/fr\/#\/schema\/logo\/image\/\"},\"sameAs\":[\"https:\/\/www.linkedin.com\/company\/carbon-activated-europe\/posts\/?feedView=all\"]}]}<\/script>\n<!-- \/ Yoast SEO plugin. -->","yoast_head_json":{"title":"\u00c9v\u00e9nements - Carbon Activated Europe","description":"Stay updated on Carbon Activated Europe\u2019s latest events, exhibitions, and industry conferences. Explore our activated carbon solutions.","robots":{"index":"index","follow":"follow","max-snippet":"max-snippet:-1","max-image-preview":"max-image-preview:large","max-video-preview":"max-video-preview:-1"},"canonical":"https:\/\/www.carbonactivatedeurope.com\/fr\/evenements\/","og_locale":"fr_FR","og_type":"article","og_title":"\u00c9v\u00e9nements - Carbon Activated Europe","og_description":"Stay updated on Carbon Activated Europe\u2019s latest events, exhibitions, and industry conferences. Explore our activated carbon solutions.","og_url":"https:\/\/www.carbonactivatedeurope.com\/fr\/evenements\/","og_site_name":"Carbon Activated Europe","article_modified_time":"2026-02-23T06:22:11+00:00","twitter_card":"summary_large_image","twitter_misc":{"Dur\u00e9e de lecture estim\u00e9e":"1 minute"},"schema":{"@context":"https:\/\/schema.org","@graph":[{"@type":"WebPage","@id":"https:\/\/www.carbonactivatedeurope.com\/fr\/evenements\/","url":"https:\/\/www.carbonactivatedeurope.com\/fr\/evenements\/","name":"\u00c9v\u00e9nements - Carbon Activated Europe","isPartOf":{"@id":"https:\/\/www.carbonactivatedeurope.com\/fr\/#website"},"datePublished":"2023-01-04T20:44:52+00:00","dateModified":"2026-02-23T06:22:11+00:00","description":"Stay updated on Carbon Activated Europe\u2019s latest events, exhibitions, and industry conferences. Explore our activated carbon solutions.","breadcrumb":{"@id":"https:\/\/www.carbonactivatedeurope.com\/fr\/evenements\/#breadcrumb"},"inLanguage":"fr-FR","potentialAction":[{"@type":"ReadAction","target":["https:\/\/www.carbonactivatedeurope.com\/fr\/evenements\/"]}]},{"@type":"BreadcrumbList","@id":"https:\/\/www.carbonactivatedeurope.com\/fr\/evenements\/#breadcrumb","itemListElement":[{"@type":"ListItem","position":1,"name":"Home","item":"https:\/\/www.carbonactivatedeurope.com\/fr\/"},{"@type":"ListItem","position":2,"name":"\u00c9v\u00e9nements"}]},{"@type":"WebSite","@id":"https:\/\/www.carbonactivatedeurope.com\/fr\/#website","url":"https:\/\/www.carbonactivatedeurope.com\/fr\/","name":"Carbon Activated Europe","description":"","publisher":{"@id":"https:\/\/www.carbonactivatedeurope.com\/fr\/#organization"},"potentialAction":[{"@type":"SearchAction","target":{"@type":"EntryPoint","urlTemplate":"https:\/\/www.carbonactivatedeurope.com\/fr\/?s={search_term_string}"},"query-input":{"@type":"PropertyValueSpecification","valueRequired":true,"valueName":"search_term_string"}}],"inLanguage":"fr-FR"},{"@type":"Organization","@id":"https:\/\/www.carbonactivatedeurope.com\/fr\/#organization","name":"Carbon Activated Europe","url":"https:\/\/www.carbonactivatedeurope.com\/fr\/","logo":{"@type":"ImageObject","inLanguage":"fr-FR","@id":"https:\/\/www.carbonactivatedeurope.com\/fr\/#\/schema\/logo\/image\/","url":"https:\/\/www.carbonactivatedeurope.com\/wp-content\/uploads\/2022\/07\/CAE-Logo-Blue.png","contentUrl":"https:\/\/www.carbonactivatedeurope.com\/wp-content\/uploads\/2022\/07\/CAE-Logo-Blue.png","width":554,"height":275,"caption":"Carbon Activated Europe"},"image":{"@id":"https:\/\/www.carbonactivatedeurope.com\/fr\/#\/schema\/logo\/image\/"},"sameAs":["https:\/\/www.linkedin.com\/company\/carbon-activated-europe\/posts\/?feedView=all"]}]}},"_links":{"self":[{"href":"https:\/\/www.carbonactivatedeurope.com\/fr\/wp-json\/wp\/v2\/pages\/9214","targetHints":{"allow":["GET"]}}],"collection":[{"href":"https:\/\/www.carbonactivatedeurope.com\/fr\/wp-json\/wp\/v2\/pages"}],"about":[{"href":"https:\/\/www.carbonactivatedeurope.com\/fr\/wp-json\/wp\/v2\/types\/page"}],"author":[{"embeddable":true,"href":"https:\/\/www.carbonactivatedeurope.com\/fr\/wp-json\/wp\/v2\/users\/5"}],"replies":[{"embeddable":true,"href":"https:\/\/www.carbonactivatedeurope.com\/fr\/wp-json\/wp\/v2\/comments?post=9214"}],"version-history":[{"count":42,"href":"https:\/\/www.carbonactivatedeurope.com\/fr\/wp-json\/wp\/v2\/pages\/9214\/revisions"}],"predecessor-version":[{"id":17594,"href":"https:\/\/www.carbonactivatedeurope.com\/fr\/wp-json\/wp\/v2\/pages\/9214\/revisions\/17594"}],"wp:attachment":[{"href":"https:\/\/www.carbonactivatedeurope.com\/fr\/wp-json\/wp\/v2\/media?parent=9214"}],"curies":[{"name":"wp","href":"https:\/\/api.w.org\/{rel}","templated":true}]}}