{"id":9045,"date":"2022-08-14T15:45:12","date_gmt":"2022-08-14T15:45:12","guid":{"rendered":"https:\/\/testing.carbonactivatedeurope.com\/alimentation-et-boissons\/"},"modified":"2025-04-01T11:45:53","modified_gmt":"2025-04-01T11:45:53","slug":"alimentation-et-boissons","status":"publish","type":"page","link":"https:\/\/www.carbonactivatedeurope.com\/fr\/alimentation-et-boissons\/","title":{"rendered":"Agroalimentaire"},"content":{"rendered":"\t\t<div data-elementor-type=\"wp-post\" data-elementor-id=\"9045\" class=\"elementor elementor-9045 elementor-898\">\n\t\t\t\t\t\t<section class=\"elementor-section elementor-top-section elementor-element elementor-element-39dabc18 elementor-section-content-middle elementor-section-boxed elementor-section-height-default elementor-section-height-default\" data-id=\"39dabc18\" data-element_type=\"section\" data-e-type=\"section\" data-settings=\"{&quot;background_background&quot;:&quot;classic&quot;}\">\n\t\t\t\t\t\t\t<div class=\"elementor-background-overlay\"><\/div>\n\t\t\t\t\t\t\t<div class=\"elementor-container elementor-column-gap-no\">\n\t\t\t\t\t<div class=\"elementor-column elementor-col-100 elementor-top-column elementor-element elementor-element-f60585f\" data-id=\"f60585f\" data-element_type=\"column\" data-e-type=\"column\">\n\t\t\t<div class=\"elementor-widget-wrap elementor-element-populated\">\n\t\t\t\t\t\t<div class=\"elementor-element elementor-element-438af913 elementor-invisible elementor-widget elementor-widget-heading\" data-id=\"438af913\" data-element_type=\"widget\" data-e-type=\"widget\" data-settings=\"{&quot;_animation&quot;:&quot;fadeIn&quot;}\" data-widget_type=\"heading.default\">\n\t\t\t\t<div class=\"elementor-widget-container\">\n\t\t\t\t\t<h1 class=\"elementor-heading-title elementor-size-default\">Agroalimentaire<\/h1>\t\t\t\t<\/div>\n\t\t\t\t<\/div>\n\t\t\t\t\t<\/div>\n\t\t<\/div>\n\t\t\t\t\t<\/div>\n\t\t<\/section>\n\t\t\t\t<section class=\"elementor-section elementor-top-section elementor-element elementor-element-192c21f8 elementor-section-content-middle elementor-section-boxed elementor-section-height-default elementor-section-height-default\" data-id=\"192c21f8\" data-element_type=\"section\" data-e-type=\"section\" data-settings=\"{&quot;background_background&quot;:&quot;classic&quot;}\">\n\t\t\t\t\t\t<div class=\"elementor-container elementor-column-gap-no\">\n\t\t\t\t\t<div class=\"elementor-column elementor-col-100 elementor-top-column elementor-element elementor-element-38d0c035\" data-id=\"38d0c035\" data-element_type=\"column\" data-e-type=\"column\">\n\t\t\t<div class=\"elementor-widget-wrap elementor-element-populated\">\n\t\t\t\t\t\t<div class=\"elementor-element elementor-element-4089caaf header-title-middle elementor-widget elementor-widget-heading\" data-id=\"4089caaf\" data-element_type=\"widget\" data-e-type=\"widget\" data-widget_type=\"heading.default\">\n\t\t\t\t<div class=\"elementor-widget-container\">\n\t\t\t\t\t<h2 class=\"elementor-heading-title elementor-size-default\">Applications agroalimentaires<\/h2>\t\t\t\t<\/div>\n\t\t\t\t<\/div>\n\t\t\t\t\t<\/div>\n\t\t<\/div>\n\t\t\t\t\t<\/div>\n\t\t<\/section>\n\t\t\t\t<section class=\"elementor-section elementor-top-section elementor-element elementor-element-03a19eb elementor-section-boxed elementor-section-height-default elementor-section-height-default\" data-id=\"03a19eb\" data-element_type=\"section\" data-e-type=\"section\">\n\t\t\t\t\t\t<div class=\"elementor-container elementor-column-gap-default\">\n\t\t\t\t\t<div class=\"elementor-column elementor-col-100 elementor-top-column elementor-element elementor-element-26f6686\" data-id=\"26f6686\" data-element_type=\"column\" data-e-type=\"column\">\n\t\t\t<div class=\"elementor-widget-wrap elementor-element-populated\">\n\t\t\t\t\t\t<div class=\"elementor-element elementor-element-32f29d4 elementor-widget elementor-widget-heading\" data-id=\"32f29d4\" data-element_type=\"widget\" data-e-type=\"widget\" data-widget_type=\"heading.default\">\n\t\t\t\t<div class=\"elementor-widget-container\">\n\t\t\t\t\t<h2 class=\"elementor-heading-title elementor-size-default\">Industrie de l\u2019agroalimentaire<\/h2>\t\t\t\t<\/div>\n\t\t\t\t<\/div>\n\t\t\t\t\t<\/div>\n\t\t<\/div>\n\t\t\t\t\t<\/div>\n\t\t<\/section>\n\t\t\t\t<section class=\"elementor-section elementor-top-section elementor-element elementor-element-c9ebfbd elementor-section-boxed elementor-section-height-default elementor-section-height-default\" data-id=\"c9ebfbd\" data-element_type=\"section\" data-e-type=\"section\">\n\t\t\t\t\t\t<div class=\"elementor-container elementor-column-gap-default\">\n\t\t\t\t\t<div class=\"elementor-column elementor-col-100 elementor-top-column elementor-element elementor-element-bd57628\" data-id=\"bd57628\" data-element_type=\"column\" data-e-type=\"column\">\n\t\t\t<div class=\"elementor-widget-wrap elementor-element-populated\">\n\t\t\t\t\t\t<div class=\"elementor-element elementor-element-a092617 elementor-widget elementor-widget-text-editor\" data-id=\"a092617\" data-element_type=\"widget\" data-e-type=\"widget\" data-widget_type=\"text-editor.default\">\n\t\t\t\t<div class=\"elementor-widget-container\">\n\t\t\t\t\t\t\t\t\t<h4 class=\"page-header\">PL\u00c9BISCIT\u00c9S PAR L\u2019INDUSTRIE AGROALIMENTAIRE, NOS PRODUITS \u00c0 BASE DE CHARBON ACTIF \u00c9LIMINENT LES CONTAMINANTS POUVANT AFFECTER LE GO\u00dbT, LA COULEUR OU L\u2019ODEUR DES ALIMENTS ET DES BOISSONS.<\/h4>\n\t\t\t\t\t\t\t\t<\/div>\n\t\t\t\t<\/div>\n\t\t\t\t\t<\/div>\n\t\t<\/div>\n\t\t\t\t\t<\/div>\n\t\t<\/section>\n\t\t\t\t<section class=\"elementor-section elementor-top-section elementor-element elementor-element-1e9ab4d elementor-section-boxed elementor-section-height-default elementor-section-height-default\" data-id=\"1e9ab4d\" data-element_type=\"section\" data-e-type=\"section\" data-settings=\"{&quot;background_background&quot;:&quot;classic&quot;}\">\n\t\t\t\t\t\t<div class=\"elementor-container elementor-column-gap-default\">\n\t\t\t\t\t<div class=\"elementor-column elementor-col-66 elementor-top-column elementor-element elementor-element-9eec7cb\" data-id=\"9eec7cb\" data-element_type=\"column\" data-e-type=\"column\">\n\t\t\t<div class=\"elementor-widget-wrap elementor-element-populated\">\n\t\t\t\t\t\t<div class=\"elementor-element elementor-element-097bb46 elementor-widget elementor-widget-image\" data-id=\"097bb46\" data-element_type=\"widget\" data-e-type=\"widget\" data-widget_type=\"image.default\">\n\t\t\t\t<div class=\"elementor-widget-container\">\n\t\t\t\t\t\t\t\t\t\t\t\t\t\t\t<img fetchpriority=\"high\" decoding=\"async\" width=\"659\" height=\"422\" src=\"https:\/\/www.carbonactivatedeurope.com\/wp-content\/uploads\/2025\/04\/food-and-beverage-1.webp\" class=\"attachment-full size-full wp-image-15588\" alt=\"\" srcset=\"https:\/\/www.carbonactivatedeurope.com\/wp-content\/uploads\/2025\/04\/food-and-beverage-1.webp 659w, https:\/\/www.carbonactivatedeurope.com\/wp-content\/uploads\/2025\/04\/food-and-beverage-1-300x192.webp 300w\" sizes=\"(max-width: 659px) 100vw, 659px\" \/>\t\t\t\t\t\t\t\t\t\t\t\t\t\t\t<\/div>\n\t\t\t\t<\/div>\n\t\t\t\t\t<\/div>\n\t\t<\/div>\n\t\t\t\t<div class=\"elementor-column elementor-col-33 elementor-top-column elementor-element elementor-element-92f6502\" data-id=\"92f6502\" data-element_type=\"column\" data-e-type=\"column\">\n\t\t\t<div class=\"elementor-widget-wrap elementor-element-populated\">\n\t\t\t\t\t\t<div class=\"elementor-element elementor-element-671c541 elementor-widget elementor-widget-text-editor\" data-id=\"671c541\" data-element_type=\"widget\" data-e-type=\"widget\" data-widget_type=\"text-editor.default\">\n\t\t\t\t<div class=\"elementor-widget-container\">\n\t\t\t\t\t\t\t\t\t<h3>Le charbon actif peut modifier les aliments et boissons comme suit :<\/h3>\n<ul type=\"square\">\n<li>Vin &#8211; \u00c9limination du trouble, de l\u2019odeur et de la d\u00e9coloration<\/li>\n<li>Bi\u00e8re &#8211; Modification du go\u00fbt<\/li>\n<li>Jus de fruits &#8211; D\u00e9coloration et d\u00e9sodorisation<\/li>\n<li>Th\u00e9 et caf\u00e9 &#8211; D\u00e9caf\u00e9ination<\/li>\n<li>Boissons gazeuses &#8211; D\u00e9coloration du sirop de sucre<\/li>\n<li>\u00c9dulcorants &#8211; Purification du sirop de saccharose, de glucose et de fructose<\/li>\n<li>Acide citrique &#8211; Fermentation et purification<\/li>\n<li>Glutamate monosodique (MSG) &#8211; D\u00e9coloration et stabilisation<\/li>\n<li>Acide lactique &#8211; D\u00e9coloration des extraits<\/li>\n<li>G\u00e9latine &#8211; Purification et d\u00e9coloration<\/li>\n<li>Glyc\u00e9rine &#8211; D\u00e9coloration et \u00e9limination des odeurs<\/li>\n<li>Huile comestible &#8211; \u00c9limination des contaminants et modification de la couleur<\/li>\n<\/ul>\n\t\t\t\t\t\t\t\t<\/div>\n\t\t\t\t<\/div>\n\t\t\t\t\t<\/div>\n\t\t<\/div>\n\t\t\t\t\t<\/div>\n\t\t<\/section>\n\t\t\t\t<section class=\"elementor-section elementor-top-section elementor-element elementor-element-47d8545 elementor-section-boxed elementor-section-height-default elementor-section-height-default\" data-id=\"47d8545\" data-element_type=\"section\" data-e-type=\"section\">\n\t\t\t\t\t\t<div class=\"elementor-container elementor-column-gap-default\">\n\t\t\t\t\t<div class=\"elementor-column elementor-col-100 elementor-top-column elementor-element elementor-element-5551ac6\" data-id=\"5551ac6\" data-element_type=\"column\" data-e-type=\"column\">\n\t\t\t<div class=\"elementor-widget-wrap elementor-element-populated\">\n\t\t\t\t\t\t<div class=\"elementor-element elementor-element-a32390c elementor-widget elementor-widget-heading\" data-id=\"a32390c\" data-element_type=\"widget\" data-e-type=\"widget\" data-widget_type=\"heading.default\">\n\t\t\t\t<div class=\"elementor-widget-container\">\n\t\t\t\t\t<h2 class=\"elementor-heading-title elementor-size-default\">NOS PRODUITS R\u00c9PONDENT AUX NORMES DU CODEX DES PRODUITS ALIMENTAIRES ET SONT CERTIFI\u00c9S NSF\/ANSI 61. <\/h2>\t\t\t\t<\/div>\n\t\t\t\t<\/div>\n\t\t\t\t\t<\/div>\n\t\t<\/div>\n\t\t\t\t\t<\/div>\n\t\t<\/section>\n\t\t\t\t<section class=\"elementor-section elementor-top-section elementor-element elementor-element-efb9061 elementor-section-boxed elementor-section-height-default elementor-section-height-default\" data-id=\"efb9061\" data-element_type=\"section\" data-e-type=\"section\">\n\t\t\t\t\t\t<div class=\"elementor-container elementor-column-gap-default\">\n\t\t\t\t\t<div class=\"elementor-column elementor-col-100 elementor-top-column elementor-element elementor-element-21c43a6\" data-id=\"21c43a6\" data-element_type=\"column\" data-e-type=\"column\">\n\t\t\t<div class=\"elementor-widget-wrap\">\n\t\t\t\t\t\t\t<\/div>\n\t\t<\/div>\n\t\t\t\t\t<\/div>\n\t\t<\/section>\n\t\t\t\t<section class=\"elementor-section elementor-top-section elementor-element elementor-element-923b334 elementor-section-boxed elementor-section-height-default elementor-section-height-default\" data-id=\"923b334\" data-element_type=\"section\" data-e-type=\"section\" data-settings=\"{&quot;background_background&quot;:&quot;classic&quot;}\">\n\t\t\t\t\t\t<div class=\"elementor-container elementor-column-gap-default\">\n\t\t\t\t\t<div class=\"elementor-column elementor-col-100 elementor-top-column elementor-element elementor-element-4442053\" data-id=\"4442053\" data-element_type=\"column\" data-e-type=\"column\">\n\t\t\t<div class=\"elementor-widget-wrap elementor-element-populated\">\n\t\t\t\t\t\t<div class=\"elementor-element elementor-element-32db09c elementor-widget elementor-widget-heading\" data-id=\"32db09c\" data-element_type=\"widget\" data-e-type=\"widget\" data-widget_type=\"heading.default\">\n\t\t\t\t<div class=\"elementor-widget-container\">\n\t\t\t\t\t<h2 class=\"elementor-heading-title elementor-size-default\">Besoin d\u2019aide pour y voir plus clair parmi nos diff\u00e9rentes solutions \u00e0 base de charbon actif <br>\nDemandez-nous conseil !<\/h2>\t\t\t\t<\/div>\n\t\t\t\t<\/div>\n\t\t\t\t<div class=\"elementor-element elementor-element-7c04c41 elementor-align-center elementor-widget elementor-widget-button\" data-id=\"7c04c41\" data-element_type=\"widget\" data-e-type=\"widget\" data-widget_type=\"button.default\">\n\t\t\t\t<div class=\"elementor-widget-container\">\n\t\t\t\t\t\t\t\t\t<div class=\"elementor-button-wrapper\">\n\t\t\t\t\t<a class=\"elementor-button elementor-button-link elementor-size-md\" href=\"\/fr\/contact\/\">\n\t\t\t\t\t\t<span class=\"elementor-button-content-wrapper\">\n\t\t\t\t\t\t\t\t\t<span class=\"elementor-button-text\">Contactez-nous<\/span>\n\t\t\t\t\t<\/span>\n\t\t\t\t\t<\/a>\n\t\t\t\t<\/div>\n\t\t\t\t\t\t\t\t<\/div>\n\t\t\t\t<\/div>\n\t\t\t\t\t<\/div>\n\t\t<\/div>\n\t\t\t\t\t<\/div>\n\t\t<\/section>\n\t\t\t\t<\/div>\n\t\t","protected":false},"excerpt":{"rendered":"<p>Agroalimentaire Applications agroalimentaires Industrie de l\u2019agroalimentaire PL\u00c9BISCIT\u00c9S PAR L\u2019INDUSTRIE AGROALIMENTAIRE, NOS PRODUITS \u00c0 BASE DE CHARBON ACTIF \u00c9LIMINENT LES CONTAMINANTS POUVANT AFFECTER LE GO\u00dbT, LA COULEUR OU L\u2019ODEUR DES ALIMENTS ET DES BOISSONS. Le charbon actif peut modifier les aliments et boissons comme suit : Vin &#8211; \u00c9limination du trouble, de l\u2019odeur et de la [&hellip;]<\/p>\n","protected":false},"author":5,"featured_media":0,"parent":0,"menu_order":0,"comment_status":"closed","ping_status":"closed","template":"","meta":{"_monsterinsights_skip_tracking":false,"_monsterinsights_sitenote_active":false,"_monsterinsights_sitenote_note":"","_monsterinsights_sitenote_category":0,"site-sidebar-layout":"no-sidebar","site-content-layout":"page-builder","ast-site-content-layout":"full-width-container","site-content-style":"unboxed","site-sidebar-style":"unboxed","ast-global-header-display":"","ast-banner-title-visibility":"","ast-main-header-display":"","ast-hfb-above-header-display":"","ast-hfb-below-header-display":"","ast-hfb-mobile-header-display":"","site-post-title":"disabled","ast-breadcrumbs-content":"","ast-featured-img":"disabled","footer-sml-layout":"","theme-transparent-header-meta":"enabled","adv-header-id-meta":"","stick-header-meta":"","header-above-stick-meta":"","header-main-stick-meta":"","header-below-stick-meta":"","astra-migrate-meta-layouts":"default","ast-page-background-enabled":"default","ast-page-background-meta":{"desktop":{"background-color":"","background-image":"","background-repeat":"repeat","background-position":"center center","background-size":"auto","background-attachment":"scroll","background-type":"","background-media":"","overlay-type":"","overlay-color":"","overlay-gradient":""},"tablet":{"background-color":"","background-image":"","background-repeat":"repeat","background-position":"center center","background-size":"auto","background-attachment":"scroll","background-type":"","background-media":"","overlay-type":"","overlay-color":"","overlay-gradient":""},"mobile":{"background-color":"","background-image":"","background-repeat":"repeat","background-position":"center center","background-size":"auto","background-attachment":"scroll","background-type":"","background-media":"","overlay-type":"","overlay-color":"","overlay-gradient":""}},"ast-content-background-meta":{"desktop":{"background-color":"var(--ast-global-color-5)","background-image":"","background-repeat":"repeat","background-position":"center center","background-size":"auto","background-attachment":"scroll","background-type":"","background-media":"","overlay-type":"","overlay-color":"","overlay-gradient":""},"tablet":{"background-color":"var(--ast-global-color-5)","background-image":"","background-repeat":"repeat","background-position":"center center","background-size":"auto","background-attachment":"scroll","background-type":"","background-media":"","overlay-type":"","overlay-color":"","overlay-gradient":""},"mobile":{"background-color":"var(--ast-global-color-5)","background-image":"","background-repeat":"repeat","background-position":"center center","background-size":"auto","background-attachment":"scroll","background-type":"","background-media":"","overlay-type":"","overlay-color":"","overlay-gradient":""}},"footnotes":""},"class_list":["post-9045","page","type-page","status-publish","hentry"],"yoast_head":"<!-- This site is optimized with the Yoast SEO plugin v26.9 - https:\/\/yoast.com\/product\/yoast-seo-wordpress\/ -->\n<title>Agroalimentaire - Carbon Activated Europe<\/title>\n<meta name=\"robots\" content=\"index, follow, max-snippet:-1, max-image-preview:large, max-video-preview:-1\" \/>\n<link rel=\"canonical\" href=\"https:\/\/www.carbonactivatedeurope.com\/fr\/alimentation-et-boissons\/\" \/>\n<meta property=\"og:locale\" content=\"fr_FR\" \/>\n<meta property=\"og:type\" content=\"article\" \/>\n<meta property=\"og:title\" content=\"Agroalimentaire - Carbon Activated Europe\" \/>\n<meta property=\"og:description\" content=\"Agroalimentaire Applications agroalimentaires Industrie de l\u2019agroalimentaire PL\u00c9BISCIT\u00c9S PAR L\u2019INDUSTRIE AGROALIMENTAIRE, NOS PRODUITS \u00c0 BASE DE CHARBON ACTIF \u00c9LIMINENT LES CONTAMINANTS POUVANT AFFECTER LE GO\u00dbT, LA COULEUR OU L\u2019ODEUR DES ALIMENTS ET DES BOISSONS. Le charbon actif peut modifier les aliments et boissons comme suit : Vin &#8211; \u00c9limination du trouble, de l\u2019odeur et de la [&hellip;]\" \/>\n<meta property=\"og:url\" content=\"https:\/\/www.carbonactivatedeurope.com\/fr\/alimentation-et-boissons\/\" \/>\n<meta property=\"og:site_name\" content=\"Carbon Activated Europe\" \/>\n<meta property=\"article:modified_time\" content=\"2025-04-01T11:45:53+00:00\" \/>\n<meta property=\"og:image\" content=\"https:\/\/www.carbonactivatedeurope.com\/wp-content\/uploads\/2025\/04\/food-and-beverage-1.webp\" \/>\n<meta name=\"twitter:card\" content=\"summary_large_image\" \/>\n<meta name=\"twitter:label1\" content=\"Dur\u00e9e de lecture estim\u00e9e\" \/>\n\t<meta name=\"twitter:data1\" content=\"1 minute\" \/>\n<script type=\"application\/ld+json\" class=\"yoast-schema-graph\">{\"@context\":\"https:\/\/schema.org\",\"@graph\":[{\"@type\":\"WebPage\",\"@id\":\"https:\/\/www.carbonactivatedeurope.com\/fr\/alimentation-et-boissons\/\",\"url\":\"https:\/\/www.carbonactivatedeurope.com\/fr\/alimentation-et-boissons\/\",\"name\":\"Agroalimentaire - Carbon Activated Europe\",\"isPartOf\":{\"@id\":\"https:\/\/www.carbonactivatedeurope.com\/fr\/#website\"},\"primaryImageOfPage\":{\"@id\":\"https:\/\/www.carbonactivatedeurope.com\/fr\/alimentation-et-boissons\/#primaryimage\"},\"image\":{\"@id\":\"https:\/\/www.carbonactivatedeurope.com\/fr\/alimentation-et-boissons\/#primaryimage\"},\"thumbnailUrl\":\"https:\/\/www.carbonactivatedeurope.com\/wp-content\/uploads\/2025\/04\/food-and-beverage-1.webp\",\"datePublished\":\"2022-08-14T15:45:12+00:00\",\"dateModified\":\"2025-04-01T11:45:53+00:00\",\"breadcrumb\":{\"@id\":\"https:\/\/www.carbonactivatedeurope.com\/fr\/alimentation-et-boissons\/#breadcrumb\"},\"inLanguage\":\"fr-FR\",\"potentialAction\":[{\"@type\":\"ReadAction\",\"target\":[\"https:\/\/www.carbonactivatedeurope.com\/fr\/alimentation-et-boissons\/\"]}]},{\"@type\":\"ImageObject\",\"inLanguage\":\"fr-FR\",\"@id\":\"https:\/\/www.carbonactivatedeurope.com\/fr\/alimentation-et-boissons\/#primaryimage\",\"url\":\"https:\/\/www.carbonactivatedeurope.com\/wp-content\/uploads\/2025\/04\/food-and-beverage-1.webp\",\"contentUrl\":\"https:\/\/www.carbonactivatedeurope.com\/wp-content\/uploads\/2025\/04\/food-and-beverage-1.webp\"},{\"@type\":\"BreadcrumbList\",\"@id\":\"https:\/\/www.carbonactivatedeurope.com\/fr\/alimentation-et-boissons\/#breadcrumb\",\"itemListElement\":[{\"@type\":\"ListItem\",\"position\":1,\"name\":\"Home\",\"item\":\"https:\/\/www.carbonactivatedeurope.com\/fr\/\"},{\"@type\":\"ListItem\",\"position\":2,\"name\":\"Agroalimentaire\"}]},{\"@type\":\"WebSite\",\"@id\":\"https:\/\/www.carbonactivatedeurope.com\/fr\/#website\",\"url\":\"https:\/\/www.carbonactivatedeurope.com\/fr\/\",\"name\":\"Carbon Activated Europe\",\"description\":\"\",\"publisher\":{\"@id\":\"https:\/\/www.carbonactivatedeurope.com\/fr\/#organization\"},\"potentialAction\":[{\"@type\":\"SearchAction\",\"target\":{\"@type\":\"EntryPoint\",\"urlTemplate\":\"https:\/\/www.carbonactivatedeurope.com\/fr\/?s={search_term_string}\"},\"query-input\":{\"@type\":\"PropertyValueSpecification\",\"valueRequired\":true,\"valueName\":\"search_term_string\"}}],\"inLanguage\":\"fr-FR\"},{\"@type\":\"Organization\",\"@id\":\"https:\/\/www.carbonactivatedeurope.com\/fr\/#organization\",\"name\":\"Carbon Activated Europe\",\"url\":\"https:\/\/www.carbonactivatedeurope.com\/fr\/\",\"logo\":{\"@type\":\"ImageObject\",\"inLanguage\":\"fr-FR\",\"@id\":\"https:\/\/www.carbonactivatedeurope.com\/fr\/#\/schema\/logo\/image\/\",\"url\":\"https:\/\/www.carbonactivatedeurope.com\/wp-content\/uploads\/2022\/07\/CAE-Logo-Blue.png\",\"contentUrl\":\"https:\/\/www.carbonactivatedeurope.com\/wp-content\/uploads\/2022\/07\/CAE-Logo-Blue.png\",\"width\":554,\"height\":275,\"caption\":\"Carbon Activated Europe\"},\"image\":{\"@id\":\"https:\/\/www.carbonactivatedeurope.com\/fr\/#\/schema\/logo\/image\/\"},\"sameAs\":[\"https:\/\/www.linkedin.com\/company\/carbon-activated-europe\/posts\/?feedView=all\"]}]}<\/script>\n<!-- \/ Yoast SEO plugin. -->","yoast_head_json":{"title":"Agroalimentaire - Carbon Activated Europe","robots":{"index":"index","follow":"follow","max-snippet":"max-snippet:-1","max-image-preview":"max-image-preview:large","max-video-preview":"max-video-preview:-1"},"canonical":"https:\/\/www.carbonactivatedeurope.com\/fr\/alimentation-et-boissons\/","og_locale":"fr_FR","og_type":"article","og_title":"Agroalimentaire - Carbon Activated Europe","og_description":"Agroalimentaire Applications agroalimentaires Industrie de l\u2019agroalimentaire PL\u00c9BISCIT\u00c9S PAR L\u2019INDUSTRIE AGROALIMENTAIRE, NOS PRODUITS \u00c0 BASE DE CHARBON ACTIF \u00c9LIMINENT LES CONTAMINANTS POUVANT AFFECTER LE GO\u00dbT, LA COULEUR OU L\u2019ODEUR DES ALIMENTS ET DES BOISSONS. Le charbon actif peut modifier les aliments et boissons comme suit : Vin &#8211; \u00c9limination du trouble, de l\u2019odeur et de la [&hellip;]","og_url":"https:\/\/www.carbonactivatedeurope.com\/fr\/alimentation-et-boissons\/","og_site_name":"Carbon Activated Europe","article_modified_time":"2025-04-01T11:45:53+00:00","og_image":[{"url":"https:\/\/www.carbonactivatedeurope.com\/wp-content\/uploads\/2025\/04\/food-and-beverage-1.webp","type":"","width":"","height":""}],"twitter_card":"summary_large_image","twitter_misc":{"Dur\u00e9e de lecture estim\u00e9e":"1 minute"},"schema":{"@context":"https:\/\/schema.org","@graph":[{"@type":"WebPage","@id":"https:\/\/www.carbonactivatedeurope.com\/fr\/alimentation-et-boissons\/","url":"https:\/\/www.carbonactivatedeurope.com\/fr\/alimentation-et-boissons\/","name":"Agroalimentaire - Carbon Activated Europe","isPartOf":{"@id":"https:\/\/www.carbonactivatedeurope.com\/fr\/#website"},"primaryImageOfPage":{"@id":"https:\/\/www.carbonactivatedeurope.com\/fr\/alimentation-et-boissons\/#primaryimage"},"image":{"@id":"https:\/\/www.carbonactivatedeurope.com\/fr\/alimentation-et-boissons\/#primaryimage"},"thumbnailUrl":"https:\/\/www.carbonactivatedeurope.com\/wp-content\/uploads\/2025\/04\/food-and-beverage-1.webp","datePublished":"2022-08-14T15:45:12+00:00","dateModified":"2025-04-01T11:45:53+00:00","breadcrumb":{"@id":"https:\/\/www.carbonactivatedeurope.com\/fr\/alimentation-et-boissons\/#breadcrumb"},"inLanguage":"fr-FR","potentialAction":[{"@type":"ReadAction","target":["https:\/\/www.carbonactivatedeurope.com\/fr\/alimentation-et-boissons\/"]}]},{"@type":"ImageObject","inLanguage":"fr-FR","@id":"https:\/\/www.carbonactivatedeurope.com\/fr\/alimentation-et-boissons\/#primaryimage","url":"https:\/\/www.carbonactivatedeurope.com\/wp-content\/uploads\/2025\/04\/food-and-beverage-1.webp","contentUrl":"https:\/\/www.carbonactivatedeurope.com\/wp-content\/uploads\/2025\/04\/food-and-beverage-1.webp"},{"@type":"BreadcrumbList","@id":"https:\/\/www.carbonactivatedeurope.com\/fr\/alimentation-et-boissons\/#breadcrumb","itemListElement":[{"@type":"ListItem","position":1,"name":"Home","item":"https:\/\/www.carbonactivatedeurope.com\/fr\/"},{"@type":"ListItem","position":2,"name":"Agroalimentaire"}]},{"@type":"WebSite","@id":"https:\/\/www.carbonactivatedeurope.com\/fr\/#website","url":"https:\/\/www.carbonactivatedeurope.com\/fr\/","name":"Carbon Activated Europe","description":"","publisher":{"@id":"https:\/\/www.carbonactivatedeurope.com\/fr\/#organization"},"potentialAction":[{"@type":"SearchAction","target":{"@type":"EntryPoint","urlTemplate":"https:\/\/www.carbonactivatedeurope.com\/fr\/?s={search_term_string}"},"query-input":{"@type":"PropertyValueSpecification","valueRequired":true,"valueName":"search_term_string"}}],"inLanguage":"fr-FR"},{"@type":"Organization","@id":"https:\/\/www.carbonactivatedeurope.com\/fr\/#organization","name":"Carbon Activated Europe","url":"https:\/\/www.carbonactivatedeurope.com\/fr\/","logo":{"@type":"ImageObject","inLanguage":"fr-FR","@id":"https:\/\/www.carbonactivatedeurope.com\/fr\/#\/schema\/logo\/image\/","url":"https:\/\/www.carbonactivatedeurope.com\/wp-content\/uploads\/2022\/07\/CAE-Logo-Blue.png","contentUrl":"https:\/\/www.carbonactivatedeurope.com\/wp-content\/uploads\/2022\/07\/CAE-Logo-Blue.png","width":554,"height":275,"caption":"Carbon Activated Europe"},"image":{"@id":"https:\/\/www.carbonactivatedeurope.com\/fr\/#\/schema\/logo\/image\/"},"sameAs":["https:\/\/www.linkedin.com\/company\/carbon-activated-europe\/posts\/?feedView=all"]}]}},"_links":{"self":[{"href":"https:\/\/www.carbonactivatedeurope.com\/fr\/wp-json\/wp\/v2\/pages\/9045","targetHints":{"allow":["GET"]}}],"collection":[{"href":"https:\/\/www.carbonactivatedeurope.com\/fr\/wp-json\/wp\/v2\/pages"}],"about":[{"href":"https:\/\/www.carbonactivatedeurope.com\/fr\/wp-json\/wp\/v2\/types\/page"}],"author":[{"embeddable":true,"href":"https:\/\/www.carbonactivatedeurope.com\/fr\/wp-json\/wp\/v2\/users\/5"}],"replies":[{"embeddable":true,"href":"https:\/\/www.carbonactivatedeurope.com\/fr\/wp-json\/wp\/v2\/comments?post=9045"}],"version-history":[{"count":8,"href":"https:\/\/www.carbonactivatedeurope.com\/fr\/wp-json\/wp\/v2\/pages\/9045\/revisions"}],"predecessor-version":[{"id":15892,"href":"https:\/\/www.carbonactivatedeurope.com\/fr\/wp-json\/wp\/v2\/pages\/9045\/revisions\/15892"}],"wp:attachment":[{"href":"https:\/\/www.carbonactivatedeurope.com\/fr\/wp-json\/wp\/v2\/media?parent=9045"}],"curies":[{"name":"wp","href":"https:\/\/api.w.org\/{rel}","templated":true}]}}