{"id":8946,"date":"2022-11-24T20:02:19","date_gmt":"2022-11-24T20:02:19","guid":{"rendered":"https:\/\/testing.carbonactivatedeurope.com\/produits\/charbon-actif-en-poudre\/"},"modified":"2025-04-01T11:25:17","modified_gmt":"2025-04-01T11:25:17","slug":"charbon-actif-en-poudre","status":"publish","type":"page","link":"https:\/\/www.carbonactivatedeurope.com\/fr\/produits\/charbon-actif-en-poudre\/","title":{"rendered":"Charbon actif en poudre"},"content":{"rendered":"\t\t<div data-elementor-type=\"wp-post\" data-elementor-id=\"8946\" class=\"elementor elementor-8946 elementor-1947\">\n\t\t\t\t\t\t<section class=\"elementor-section elementor-top-section elementor-element elementor-element-39dabc18 elementor-section-content-middle elementor-section-boxed elementor-section-height-default elementor-section-height-default\" data-id=\"39dabc18\" data-element_type=\"section\" data-e-type=\"section\" data-settings=\"{&quot;background_background&quot;:&quot;classic&quot;}\">\n\t\t\t\t\t\t\t<div class=\"elementor-background-overlay\"><\/div>\n\t\t\t\t\t\t\t<div class=\"elementor-container elementor-column-gap-no\">\n\t\t\t\t\t<div class=\"elementor-column elementor-col-100 elementor-top-column elementor-element elementor-element-f60585f\" data-id=\"f60585f\" data-element_type=\"column\" data-e-type=\"column\">\n\t\t\t<div class=\"elementor-widget-wrap elementor-element-populated\">\n\t\t\t\t\t\t<div class=\"elementor-element elementor-element-438af913 elementor-invisible elementor-widget elementor-widget-heading\" data-id=\"438af913\" data-element_type=\"widget\" data-e-type=\"widget\" data-settings=\"{&quot;_animation&quot;:&quot;fadeIn&quot;}\" data-widget_type=\"heading.default\">\n\t\t\t\t<div class=\"elementor-widget-container\">\n\t\t\t\t\t<h1 class=\"elementor-heading-title elementor-size-default\">Charbon actif en poudre (CAP)<\/h1>\t\t\t\t<\/div>\n\t\t\t\t<\/div>\n\t\t\t\t\t<\/div>\n\t\t<\/div>\n\t\t\t\t\t<\/div>\n\t\t<\/section>\n\t\t\t\t<section class=\"elementor-section elementor-top-section elementor-element elementor-element-679b8f4 elementor-section-boxed elementor-section-height-default elementor-section-height-default\" data-id=\"679b8f4\" data-element_type=\"section\" data-e-type=\"section\">\n\t\t\t\t\t\t<div class=\"elementor-container elementor-column-gap-default\">\n\t\t\t\t\t<div class=\"elementor-column elementor-col-100 elementor-top-column elementor-element elementor-element-e615981\" data-id=\"e615981\" data-element_type=\"column\" data-e-type=\"column\">\n\t\t\t<div class=\"elementor-widget-wrap elementor-element-populated\">\n\t\t\t\t\t\t<div class=\"elementor-element elementor-element-e1b0497 elementor-widget elementor-widget-text-editor\" data-id=\"e1b0497\" data-element_type=\"widget\" data-e-type=\"widget\" data-widget_type=\"text-editor.default\">\n\t\t\t\t<div class=\"elementor-widget-container\">\n\t\t\t\t\t\t\t\t\tLe charbon actif en poudre (CAP) est similaire au <a href=\"\/fr\/produits\/charbon-actif-en-grains\/\"><span style=\"font-size: 16px; font-style: normal; font-weight: 400;\"> charbon actif <\/span> <span style=\"font-size: 16px; font-style: normal; font-weight: 400;\">en grain (CAG)<\/span><\/a><span style=\"font-size: 16px;\"> car il est fabriqu\u00e9 \u00e0 partir de charbon, de bois ou de coques de noix de coco de haute qualit\u00e9. \u00a0<\/span>Le charbon actif en poudre est g\u00e9n\u00e9ralement consid\u00e9r\u00e9 comme ayant des particules d\u2019une taille inf\u00e9rieure \u00e0 la norme am\u00e9ricaine de 80 mesh, ce qui le rend id\u00e9al pour le traitement de l\u2019eau.\n<h4><strong>Notre charbon actif en poudre est une option de traitement de l\u2019eau fiable et \u00e9conomique pour le contr\u00f4le du go\u00fbt et de l\u2019odeur et l\u2019\u00e9limination des compos\u00e9s organiques.<\/strong><\/h4>\nL\u2019utilisation du charbon actif en poudre est positive \u00e0 de nombreux \u00e9gards. Peu on\u00e9reux, il produit un minimum de boues r\u00e9siduelles, favorise la pr\u00e9servation des ressources et permet d\u2019obtenir une eau de qualit\u00e9 sup\u00e9rieure.\u00a0<span style=\"font-style: inherit; font-weight: inherit; background-color: var(--ast-global-color-5); color: var(--ast-global-color-3);\">Le charbon actif en poudre produit par Carbon Activated Europe peut \u00eatre utilis\u00e9 par les usines de traitement de l\u2019eau de mani\u00e8re r\u00e9guli\u00e8re ou en fonction des besoins saisonniers pour en contr\u00f4ler le go\u00fbt, la couleur et l\u2019odeur ou pour \u00e9liminer les substances chimiques organiques pouvant s\u2019y trouver.\u00a0<\/span><span style=\"font-style: inherit; font-weight: inherit; background-color: var(--ast-global-color-5); color: var(--ast-global-color-3);\">Il est \u00e9galement int\u00e9gr\u00e9 aux syst\u00e8mes de purification de l\u2019air pour adsorber les compos\u00e9s volatils et les m\u00e9taux lourds, comme le mercure. Nos produits \u00e0 base de charbon actif sont tr\u00e8s utilis\u00e9s par l\u2019industrie agroalimentaire, car ils permettent d\u2019\u00e9liminer les couleurs, les go\u00fbts et les odeurs ind\u00e9sirables. Le charbon actif en poudre est efficace pour \u00e9liminer le trouble, l\u2019odeur et la d\u00e9coloration du vin, pour modifier le go\u00fbt de la bi\u00e8re et pour purifier et d\u00e9colorer la g\u00e9latine. Il est \u00e9galement utilis\u00e9 pour la purification et le contr\u00f4le de la qualit\u00e9 de divers autres aliments et boissons.<\/span>\n\n<span style=\"font-style: inherit; font-weight: inherit; background-color: var(--ast-global-color-5); color: var(--ast-global-color-3);\">\u00a0<\/span>\t\t\t\t\t\t\t\t<\/div>\n\t\t\t\t<\/div>\n\t\t\t\t\t<\/div>\n\t\t<\/div>\n\t\t\t\t\t<\/div>\n\t\t<\/section>\n\t\t\t\t<section class=\"elementor-section elementor-top-section elementor-element elementor-element-203e4e4 elementor-section-boxed elementor-section-height-default elementor-section-height-default\" data-id=\"203e4e4\" data-element_type=\"section\" data-e-type=\"section\" data-settings=\"{&quot;background_background&quot;:&quot;classic&quot;}\">\n\t\t\t\t\t\t<div class=\"elementor-container elementor-column-gap-default\">\n\t\t\t\t\t<div class=\"elementor-column elementor-col-100 elementor-top-column elementor-element elementor-element-fc50a31\" data-id=\"fc50a31\" data-element_type=\"column\" data-e-type=\"column\">\n\t\t\t<div class=\"elementor-widget-wrap elementor-element-populated\">\n\t\t\t\t\t\t<div class=\"elementor-element elementor-element-afc6824 elementor-widget elementor-widget-heading\" data-id=\"afc6824\" data-element_type=\"widget\" data-e-type=\"widget\" data-widget_type=\"heading.default\">\n\t\t\t\t<div class=\"elementor-widget-container\">\n\t\t\t\t\t<h2 class=\"elementor-heading-title elementor-size-default\">Consultez notre brochure<\/h2>\t\t\t\t<\/div>\n\t\t\t\t<\/div>\n\t\t\t\t\t<\/div>\n\t\t<\/div>\n\t\t\t\t\t<\/div>\n\t\t<\/section>\n\t\t\t\t<section class=\"elementor-section elementor-top-section elementor-element elementor-element-1e9ab4d elementor-section-boxed elementor-section-height-default elementor-section-height-default\" data-id=\"1e9ab4d\" data-element_type=\"section\" data-e-type=\"section\" data-settings=\"{&quot;background_background&quot;:&quot;classic&quot;}\">\n\t\t\t\t\t\t<div class=\"elementor-container elementor-column-gap-default\">\n\t\t\t\t\t<div class=\"elementor-column elementor-col-33 elementor-top-column elementor-element elementor-element-92f6502\" data-id=\"92f6502\" data-element_type=\"column\" data-e-type=\"column\">\n\t\t\t<div class=\"elementor-widget-wrap elementor-element-populated\">\n\t\t\t\t\t\t<div class=\"elementor-element elementor-element-671c541 elementor-widget elementor-widget-text-editor\" data-id=\"671c541\" data-element_type=\"widget\" data-e-type=\"widget\" data-widget_type=\"text-editor.default\">\n\t\t\t\t<div class=\"elementor-widget-container\">\n\t\t\t\t\t\t\t\t\t<p><strong>Nous proposons une gamme de cuves de filtrage destin\u00e9es aux applications en phase vapeur et liquide. Ces cuves peuvent \u00eatre con\u00e7ues sur mesure, selon vos sp\u00e9cifications.<\/strong><\/p>\n<p><strong> <\/strong><\/p>\n<ul type=\"square\">\n<li>Nous proposons \u00e9galement du charbon actif et divers autres types de m\u00e9dias filtrants.<\/li>\n<li>Fourniture et installation de syst\u00e8mes de filtrage des liquides et des vapeurs<\/li>\n<li>Sp\u00e9cialisation dans les usines municipales de traitement de l\u2019eau potable et des eaux us\u00e9es<\/li>\n<li>Contr\u00f4le des odeurs<\/li>\n<li>\u00c9quipement de manutention avanc\u00e9 pour les services de remplacement<\/li>\n<li>Garanties de performance et d\u00e9lais d&rsquo;ex\u00e9cution sup\u00e9rieurs<\/li>\n<li>\u00c9limination du charbon actif usag\u00e9 dangereux et non dangereux<\/li>\n<li>R\u00e9g\u00e9n\u00e9ration du charbon usag\u00e9<\/li>\n<li>Concassage et criblage du charbon actif pour r\u00e9pondre aux exigences de taille<\/li>\n<li>Assistance technique gratuite<\/li>\n<li>Essais en laboratoire pour tous les param\u00e8tres<\/li>\n<li>Rapports de calcul de la charge de carbone pour \u00e9tablir la dur\u00e9e de vie du charbon actif<\/li>\n<\/ul>\n\t\t\t\t\t\t\t\t<\/div>\n\t\t\t\t<\/div>\n\t\t\t\t\t<\/div>\n\t\t<\/div>\n\t\t\t\t<div class=\"elementor-column elementor-col-66 elementor-top-column elementor-element elementor-element-9eec7cb\" data-id=\"9eec7cb\" data-element_type=\"column\" data-e-type=\"column\">\n\t\t\t<div class=\"elementor-widget-wrap elementor-element-populated\">\n\t\t\t\t\t\t<div class=\"elementor-element elementor-element-097bb46 elementor-widget elementor-widget-image\" data-id=\"097bb46\" data-element_type=\"widget\" data-e-type=\"widget\" data-widget_type=\"image.default\">\n\t\t\t\t<div class=\"elementor-widget-container\">\n\t\t\t\t\t\t\t\t\t\t\t\t\t\t\t\t<a href=\"https:\/\/carbonactivatedeurope.com\/wp-content\/uploads\/2022\/08\/Carbon-Brochure_single-pages_ENG-1.pdf\">\n\t\t\t\t\t\t\t<img fetchpriority=\"high\" decoding=\"async\" width=\"487\" height=\"691\" src=\"https:\/\/www.carbonactivatedeurope.com\/wp-content\/uploads\/2025\/04\/CAE-Brochure-Image.webp\" class=\"attachment-large size-large wp-image-15377\" alt=\"\" srcset=\"https:\/\/www.carbonactivatedeurope.com\/wp-content\/uploads\/2025\/04\/CAE-Brochure-Image.webp 487w, https:\/\/www.carbonactivatedeurope.com\/wp-content\/uploads\/2025\/04\/CAE-Brochure-Image-211x300.webp 211w\" sizes=\"(max-width: 487px) 100vw, 487px\" \/>\t\t\t\t\t\t\t\t<\/a>\n\t\t\t\t\t\t\t\t\t\t\t\t\t\t\t<\/div>\n\t\t\t\t<\/div>\n\t\t\t\t\t<\/div>\n\t\t<\/div>\n\t\t\t\t\t<\/div>\n\t\t<\/section>\n\t\t\t\t<section class=\"elementor-section elementor-top-section elementor-element elementor-element-09b8d96 elementor-section-boxed elementor-section-height-default elementor-section-height-default\" data-id=\"09b8d96\" data-element_type=\"section\" data-e-type=\"section\" data-settings=\"{&quot;background_background&quot;:&quot;classic&quot;}\">\n\t\t\t\t\t\t<div class=\"elementor-container elementor-column-gap-default\">\n\t\t\t\t\t<div class=\"elementor-column elementor-col-100 elementor-top-column elementor-element elementor-element-ec8a304\" data-id=\"ec8a304\" data-element_type=\"column\" data-e-type=\"column\">\n\t\t\t<div class=\"elementor-widget-wrap elementor-element-populated\">\n\t\t\t\t\t\t<div class=\"elementor-element elementor-element-7840a55 elementor-align-center elementor-invisible elementor-widget elementor-widget-button\" data-id=\"7840a55\" data-element_type=\"widget\" data-e-type=\"widget\" data-settings=\"{&quot;_animation&quot;:&quot;bounce&quot;}\" data-widget_type=\"button.default\">\n\t\t\t\t<div class=\"elementor-widget-container\">\n\t\t\t\t\t\t\t\t\t<div class=\"elementor-button-wrapper\">\n\t\t\t\t\t<a class=\"elementor-button elementor-button-link elementor-size-md\" href=\"https:\/\/carbonactivatedeurope.com\/wp-content\/uploads\/2022\/08\/Carbon-Brochure_single-pages_ENG-1.pdf\">\n\t\t\t\t\t\t<span class=\"elementor-button-content-wrapper\">\n\t\t\t\t\t\t\t\t\t<span class=\"elementor-button-text\">Voir notre brochure<\/span>\n\t\t\t\t\t<\/span>\n\t\t\t\t\t<\/a>\n\t\t\t\t<\/div>\n\t\t\t\t\t\t\t\t<\/div>\n\t\t\t\t<\/div>\n\t\t\t\t\t<\/div>\n\t\t<\/div>\n\t\t\t\t\t<\/div>\n\t\t<\/section>\n\t\t\t\t<\/div>\n\t\t","protected":false},"excerpt":{"rendered":"<p>Charbon actif en poudre (CAP) Le charbon actif en poudre (CAP) est similaire au charbon actif en grain (CAG) car il est fabriqu\u00e9 \u00e0 partir de charbon, de bois ou de coques de noix de coco de haute qualit\u00e9. \u00a0Le charbon actif en poudre est g\u00e9n\u00e9ralement consid\u00e9r\u00e9 comme ayant des particules d\u2019une taille inf\u00e9rieure \u00e0 [&hellip;]<\/p>\n","protected":false},"author":5,"featured_media":0,"parent":13871,"menu_order":0,"comment_status":"closed","ping_status":"closed","template":"","meta":{"_monsterinsights_skip_tracking":false,"_monsterinsights_sitenote_active":false,"_monsterinsights_sitenote_note":"","_monsterinsights_sitenote_category":0,"site-sidebar-layout":"no-sidebar","site-content-layout":"page-builder","ast-site-content-layout":"full-width-container","site-content-style":"unboxed","site-sidebar-style":"unboxed","ast-global-header-display":"","ast-banner-title-visibility":"","ast-main-header-display":"","ast-hfb-above-header-display":"","ast-hfb-below-header-display":"","ast-hfb-mobile-header-display":"","site-post-title":"disabled","ast-breadcrumbs-content":"","ast-featured-img":"disabled","footer-sml-layout":"","theme-transparent-header-meta":"enabled","adv-header-id-meta":"","stick-header-meta":"","header-above-stick-meta":"","header-main-stick-meta":"","header-below-stick-meta":"","astra-migrate-meta-layouts":"default","ast-page-background-enabled":"default","ast-page-background-meta":{"desktop":{"background-color":"","background-image":"","background-repeat":"repeat","background-position":"center center","background-size":"auto","background-attachment":"scroll","background-type":"","background-media":"","overlay-type":"","overlay-color":"","overlay-gradient":""},"tablet":{"background-color":"","background-image":"","background-repeat":"repeat","background-position":"center center","background-size":"auto","background-attachment":"scroll","background-type":"","background-media":"","overlay-type":"","overlay-color":"","overlay-gradient":""},"mobile":{"background-color":"","background-image":"","background-repeat":"repeat","background-position":"center center","background-size":"auto","background-attachment":"scroll","background-type":"","background-media":"","overlay-type":"","overlay-color":"","overlay-gradient":""}},"ast-content-background-meta":{"desktop":{"background-color":"var(--ast-global-color-5)","background-image":"","background-repeat":"repeat","background-position":"center center","background-size":"auto","background-attachment":"scroll","background-type":"","background-media":"","overlay-type":"","overlay-color":"","overlay-gradient":""},"tablet":{"background-color":"var(--ast-global-color-5)","background-image":"","background-repeat":"repeat","background-position":"center center","background-size":"auto","background-attachment":"scroll","background-type":"","background-media":"","overlay-type":"","overlay-color":"","overlay-gradient":""},"mobile":{"background-color":"var(--ast-global-color-5)","background-image":"","background-repeat":"repeat","background-position":"center center","background-size":"auto","background-attachment":"scroll","background-type":"","background-media":"","overlay-type":"","overlay-color":"","overlay-gradient":""}},"footnotes":""},"class_list":["post-8946","page","type-page","status-publish","hentry"],"yoast_head":"<!-- This site is optimized with the Yoast SEO plugin v26.9 - https:\/\/yoast.com\/product\/yoast-seo-wordpress\/ -->\n<title>Charbon actif en poudre - Carbon Activated Europe<\/title>\n<meta name=\"robots\" content=\"index, follow, max-snippet:-1, max-image-preview:large, max-video-preview:-1\" \/>\n<link rel=\"canonical\" href=\"https:\/\/www.carbonactivatedeurope.com\/fr\/produits\/charbon-actif-en-poudre\/\" \/>\n<meta property=\"og:locale\" content=\"fr_FR\" \/>\n<meta property=\"og:type\" content=\"article\" \/>\n<meta property=\"og:title\" content=\"Charbon actif en poudre - Carbon Activated Europe\" \/>\n<meta property=\"og:description\" content=\"Charbon actif en poudre (CAP) Le charbon actif en poudre (CAP) est similaire au charbon actif en grain (CAG) car il est fabriqu\u00e9 \u00e0 partir de charbon, de bois ou de coques de noix de coco de haute qualit\u00e9. \u00a0Le charbon actif en poudre est g\u00e9n\u00e9ralement consid\u00e9r\u00e9 comme ayant des particules d\u2019une taille inf\u00e9rieure \u00e0 [&hellip;]\" \/>\n<meta property=\"og:url\" content=\"https:\/\/www.carbonactivatedeurope.com\/fr\/produits\/charbon-actif-en-poudre\/\" \/>\n<meta property=\"og:site_name\" content=\"Carbon Activated Europe\" \/>\n<meta property=\"article:modified_time\" content=\"2025-04-01T11:25:17+00:00\" \/>\n<meta property=\"og:image\" content=\"https:\/\/www.carbonactivatedeurope.com\/wp-content\/uploads\/2025\/04\/CAE-Brochure-Image.webp\" \/>\n<meta name=\"twitter:card\" content=\"summary_large_image\" \/>\n<meta name=\"twitter:label1\" content=\"Dur\u00e9e de lecture estim\u00e9e\" \/>\n\t<meta name=\"twitter:data1\" content=\"3 minutes\" \/>\n<script type=\"application\/ld+json\" class=\"yoast-schema-graph\">{\"@context\":\"https:\/\/schema.org\",\"@graph\":[{\"@type\":\"WebPage\",\"@id\":\"https:\/\/www.carbonactivatedeurope.com\/fr\/produits\/charbon-actif-en-poudre\/\",\"url\":\"https:\/\/www.carbonactivatedeurope.com\/fr\/produits\/charbon-actif-en-poudre\/\",\"name\":\"Charbon actif en poudre - Carbon Activated Europe\",\"isPartOf\":{\"@id\":\"https:\/\/www.carbonactivatedeurope.com\/fr\/#website\"},\"primaryImageOfPage\":{\"@id\":\"https:\/\/www.carbonactivatedeurope.com\/fr\/produits\/charbon-actif-en-poudre\/#primaryimage\"},\"image\":{\"@id\":\"https:\/\/www.carbonactivatedeurope.com\/fr\/produits\/charbon-actif-en-poudre\/#primaryimage\"},\"thumbnailUrl\":\"https:\/\/www.carbonactivatedeurope.com\/wp-content\/uploads\/2025\/04\/CAE-Brochure-Image.webp\",\"datePublished\":\"2022-11-24T20:02:19+00:00\",\"dateModified\":\"2025-04-01T11:25:17+00:00\",\"breadcrumb\":{\"@id\":\"https:\/\/www.carbonactivatedeurope.com\/fr\/produits\/charbon-actif-en-poudre\/#breadcrumb\"},\"inLanguage\":\"fr-FR\",\"potentialAction\":[{\"@type\":\"ReadAction\",\"target\":[\"https:\/\/www.carbonactivatedeurope.com\/fr\/produits\/charbon-actif-en-poudre\/\"]}]},{\"@type\":\"ImageObject\",\"inLanguage\":\"fr-FR\",\"@id\":\"https:\/\/www.carbonactivatedeurope.com\/fr\/produits\/charbon-actif-en-poudre\/#primaryimage\",\"url\":\"https:\/\/www.carbonactivatedeurope.com\/wp-content\/uploads\/2025\/04\/CAE-Brochure-Image.webp\",\"contentUrl\":\"https:\/\/www.carbonactivatedeurope.com\/wp-content\/uploads\/2025\/04\/CAE-Brochure-Image.webp\"},{\"@type\":\"BreadcrumbList\",\"@id\":\"https:\/\/www.carbonactivatedeurope.com\/fr\/produits\/charbon-actif-en-poudre\/#breadcrumb\",\"itemListElement\":[{\"@type\":\"ListItem\",\"position\":1,\"name\":\"Home\",\"item\":\"https:\/\/www.carbonactivatedeurope.com\/fr\/\"},{\"@type\":\"ListItem\",\"position\":2,\"name\":\"Produits\",\"item\":\"https:\/\/www.carbonactivatedeurope.com\/fr\/produits\/\"},{\"@type\":\"ListItem\",\"position\":3,\"name\":\"Charbon actif en poudre\"}]},{\"@type\":\"WebSite\",\"@id\":\"https:\/\/www.carbonactivatedeurope.com\/fr\/#website\",\"url\":\"https:\/\/www.carbonactivatedeurope.com\/fr\/\",\"name\":\"Carbon Activated Europe\",\"description\":\"\",\"publisher\":{\"@id\":\"https:\/\/www.carbonactivatedeurope.com\/fr\/#organization\"},\"potentialAction\":[{\"@type\":\"SearchAction\",\"target\":{\"@type\":\"EntryPoint\",\"urlTemplate\":\"https:\/\/www.carbonactivatedeurope.com\/fr\/?s={search_term_string}\"},\"query-input\":{\"@type\":\"PropertyValueSpecification\",\"valueRequired\":true,\"valueName\":\"search_term_string\"}}],\"inLanguage\":\"fr-FR\"},{\"@type\":\"Organization\",\"@id\":\"https:\/\/www.carbonactivatedeurope.com\/fr\/#organization\",\"name\":\"Carbon Activated Europe\",\"url\":\"https:\/\/www.carbonactivatedeurope.com\/fr\/\",\"logo\":{\"@type\":\"ImageObject\",\"inLanguage\":\"fr-FR\",\"@id\":\"https:\/\/www.carbonactivatedeurope.com\/fr\/#\/schema\/logo\/image\/\",\"url\":\"https:\/\/www.carbonactivatedeurope.com\/wp-content\/uploads\/2022\/07\/CAE-Logo-Blue.png\",\"contentUrl\":\"https:\/\/www.carbonactivatedeurope.com\/wp-content\/uploads\/2022\/07\/CAE-Logo-Blue.png\",\"width\":554,\"height\":275,\"caption\":\"Carbon Activated Europe\"},\"image\":{\"@id\":\"https:\/\/www.carbonactivatedeurope.com\/fr\/#\/schema\/logo\/image\/\"},\"sameAs\":[\"https:\/\/www.linkedin.com\/company\/carbon-activated-europe\/posts\/?feedView=all\"]}]}<\/script>\n<!-- \/ Yoast SEO plugin. -->","yoast_head_json":{"title":"Charbon actif en poudre - Carbon Activated Europe","robots":{"index":"index","follow":"follow","max-snippet":"max-snippet:-1","max-image-preview":"max-image-preview:large","max-video-preview":"max-video-preview:-1"},"canonical":"https:\/\/www.carbonactivatedeurope.com\/fr\/produits\/charbon-actif-en-poudre\/","og_locale":"fr_FR","og_type":"article","og_title":"Charbon actif en poudre - Carbon Activated Europe","og_description":"Charbon actif en poudre (CAP) Le charbon actif en poudre (CAP) est similaire au charbon actif en grain (CAG) car il est fabriqu\u00e9 \u00e0 partir de charbon, de bois ou de coques de noix de coco de haute qualit\u00e9. \u00a0Le charbon actif en poudre est g\u00e9n\u00e9ralement consid\u00e9r\u00e9 comme ayant des particules d\u2019une taille inf\u00e9rieure \u00e0 [&hellip;]","og_url":"https:\/\/www.carbonactivatedeurope.com\/fr\/produits\/charbon-actif-en-poudre\/","og_site_name":"Carbon Activated Europe","article_modified_time":"2025-04-01T11:25:17+00:00","og_image":[{"url":"https:\/\/www.carbonactivatedeurope.com\/wp-content\/uploads\/2025\/04\/CAE-Brochure-Image.webp","type":"","width":"","height":""}],"twitter_card":"summary_large_image","twitter_misc":{"Dur\u00e9e de lecture estim\u00e9e":"3 minutes"},"schema":{"@context":"https:\/\/schema.org","@graph":[{"@type":"WebPage","@id":"https:\/\/www.carbonactivatedeurope.com\/fr\/produits\/charbon-actif-en-poudre\/","url":"https:\/\/www.carbonactivatedeurope.com\/fr\/produits\/charbon-actif-en-poudre\/","name":"Charbon actif en poudre - Carbon Activated Europe","isPartOf":{"@id":"https:\/\/www.carbonactivatedeurope.com\/fr\/#website"},"primaryImageOfPage":{"@id":"https:\/\/www.carbonactivatedeurope.com\/fr\/produits\/charbon-actif-en-poudre\/#primaryimage"},"image":{"@id":"https:\/\/www.carbonactivatedeurope.com\/fr\/produits\/charbon-actif-en-poudre\/#primaryimage"},"thumbnailUrl":"https:\/\/www.carbonactivatedeurope.com\/wp-content\/uploads\/2025\/04\/CAE-Brochure-Image.webp","datePublished":"2022-11-24T20:02:19+00:00","dateModified":"2025-04-01T11:25:17+00:00","breadcrumb":{"@id":"https:\/\/www.carbonactivatedeurope.com\/fr\/produits\/charbon-actif-en-poudre\/#breadcrumb"},"inLanguage":"fr-FR","potentialAction":[{"@type":"ReadAction","target":["https:\/\/www.carbonactivatedeurope.com\/fr\/produits\/charbon-actif-en-poudre\/"]}]},{"@type":"ImageObject","inLanguage":"fr-FR","@id":"https:\/\/www.carbonactivatedeurope.com\/fr\/produits\/charbon-actif-en-poudre\/#primaryimage","url":"https:\/\/www.carbonactivatedeurope.com\/wp-content\/uploads\/2025\/04\/CAE-Brochure-Image.webp","contentUrl":"https:\/\/www.carbonactivatedeurope.com\/wp-content\/uploads\/2025\/04\/CAE-Brochure-Image.webp"},{"@type":"BreadcrumbList","@id":"https:\/\/www.carbonactivatedeurope.com\/fr\/produits\/charbon-actif-en-poudre\/#breadcrumb","itemListElement":[{"@type":"ListItem","position":1,"name":"Home","item":"https:\/\/www.carbonactivatedeurope.com\/fr\/"},{"@type":"ListItem","position":2,"name":"Produits","item":"https:\/\/www.carbonactivatedeurope.com\/fr\/produits\/"},{"@type":"ListItem","position":3,"name":"Charbon actif en poudre"}]},{"@type":"WebSite","@id":"https:\/\/www.carbonactivatedeurope.com\/fr\/#website","url":"https:\/\/www.carbonactivatedeurope.com\/fr\/","name":"Carbon Activated Europe","description":"","publisher":{"@id":"https:\/\/www.carbonactivatedeurope.com\/fr\/#organization"},"potentialAction":[{"@type":"SearchAction","target":{"@type":"EntryPoint","urlTemplate":"https:\/\/www.carbonactivatedeurope.com\/fr\/?s={search_term_string}"},"query-input":{"@type":"PropertyValueSpecification","valueRequired":true,"valueName":"search_term_string"}}],"inLanguage":"fr-FR"},{"@type":"Organization","@id":"https:\/\/www.carbonactivatedeurope.com\/fr\/#organization","name":"Carbon Activated Europe","url":"https:\/\/www.carbonactivatedeurope.com\/fr\/","logo":{"@type":"ImageObject","inLanguage":"fr-FR","@id":"https:\/\/www.carbonactivatedeurope.com\/fr\/#\/schema\/logo\/image\/","url":"https:\/\/www.carbonactivatedeurope.com\/wp-content\/uploads\/2022\/07\/CAE-Logo-Blue.png","contentUrl":"https:\/\/www.carbonactivatedeurope.com\/wp-content\/uploads\/2022\/07\/CAE-Logo-Blue.png","width":554,"height":275,"caption":"Carbon Activated Europe"},"image":{"@id":"https:\/\/www.carbonactivatedeurope.com\/fr\/#\/schema\/logo\/image\/"},"sameAs":["https:\/\/www.linkedin.com\/company\/carbon-activated-europe\/posts\/?feedView=all"]}]}},"_links":{"self":[{"href":"https:\/\/www.carbonactivatedeurope.com\/fr\/wp-json\/wp\/v2\/pages\/8946","targetHints":{"allow":["GET"]}}],"collection":[{"href":"https:\/\/www.carbonactivatedeurope.com\/fr\/wp-json\/wp\/v2\/pages"}],"about":[{"href":"https:\/\/www.carbonactivatedeurope.com\/fr\/wp-json\/wp\/v2\/types\/page"}],"author":[{"embeddable":true,"href":"https:\/\/www.carbonactivatedeurope.com\/fr\/wp-json\/wp\/v2\/users\/5"}],"replies":[{"embeddable":true,"href":"https:\/\/www.carbonactivatedeurope.com\/fr\/wp-json\/wp\/v2\/comments?post=8946"}],"version-history":[{"count":8,"href":"https:\/\/www.carbonactivatedeurope.com\/fr\/wp-json\/wp\/v2\/pages\/8946\/revisions"}],"predecessor-version":[{"id":15848,"href":"https:\/\/www.carbonactivatedeurope.com\/fr\/wp-json\/wp\/v2\/pages\/8946\/revisions\/15848"}],"up":[{"embeddable":true,"href":"https:\/\/www.carbonactivatedeurope.com\/fr\/wp-json\/wp\/v2\/pages\/13871"}],"wp:attachment":[{"href":"https:\/\/www.carbonactivatedeurope.com\/fr\/wp-json\/wp\/v2\/media?parent=8946"}],"curies":[{"name":"wp","href":"https:\/\/api.w.org\/{rel}","templated":true}]}}