{"id":8872,"date":"2022-11-17T21:30:48","date_gmt":"2022-11-17T21:30:48","guid":{"rendered":"https:\/\/testing.carbonactivatedeurope.com\/durabilite\/"},"modified":"2025-04-01T12:07:27","modified_gmt":"2025-04-01T12:07:27","slug":"durabilite","status":"publish","type":"page","link":"https:\/\/www.carbonactivatedeurope.com\/fr\/durabilite\/","title":{"rendered":"D\u00e9veloppement durable"},"content":{"rendered":"\t\t<div data-elementor-type=\"wp-post\" data-elementor-id=\"8872\" class=\"elementor elementor-8872 elementor-1842\">\n\t\t\t\t\t\t<section class=\"elementor-section elementor-top-section elementor-element elementor-element-1b5d768b elementor-section-content-bottom durabilite-background elementor-section-boxed elementor-section-height-default elementor-section-height-default\" data-id=\"1b5d768b\" data-element_type=\"section\" data-e-type=\"section\" data-settings=\"{&quot;background_background&quot;:&quot;classic&quot;}\">\n\t\t\t\t\t\t\t<div class=\"elementor-background-overlay\"><\/div>\n\t\t\t\t\t\t\t<div class=\"elementor-container elementor-column-gap-no\">\n\t\t\t\t\t<div class=\"elementor-column elementor-col-100 elementor-top-column elementor-element elementor-element-1608c15b\" data-id=\"1608c15b\" data-element_type=\"column\" data-e-type=\"column\">\n\t\t\t<div class=\"elementor-widget-wrap elementor-element-populated\">\n\t\t\t\t\t\t<div class=\"elementor-element elementor-element-321a34b8 elementor-widget elementor-widget-heading\" data-id=\"321a34b8\" data-element_type=\"widget\" data-e-type=\"widget\" data-widget_type=\"heading.default\">\n\t\t\t\t<div class=\"elementor-widget-container\">\n\t\t\t\t\t<h1 class=\"elementor-heading-title elementor-size-default\">Notre engagement en faveur du d\u00e9veloppement durable<\/h1>\t\t\t\t<\/div>\n\t\t\t\t<\/div>\n\t\t\t\t\t<\/div>\n\t\t<\/div>\n\t\t\t\t\t<\/div>\n\t\t<\/section>\n\t\t\t\t<section class=\"elementor-section elementor-top-section elementor-element elementor-element-296422c elementor-section-boxed elementor-section-height-default elementor-section-height-default\" data-id=\"296422c\" data-element_type=\"section\" data-e-type=\"section\">\n\t\t\t\t\t\t<div class=\"elementor-container elementor-column-gap-default\">\n\t\t\t\t\t<div class=\"elementor-column elementor-col-100 elementor-top-column elementor-element elementor-element-7f500b3\" data-id=\"7f500b3\" data-element_type=\"column\" data-e-type=\"column\">\n\t\t\t<div class=\"elementor-widget-wrap elementor-element-populated\">\n\t\t\t\t\t\t<div class=\"elementor-element elementor-element-9cd7d84 elementor-widget elementor-widget-text-editor\" data-id=\"9cd7d84\" data-element_type=\"widget\" data-e-type=\"widget\" data-widget_type=\"text-editor.default\">\n\t\t\t\t<div class=\"elementor-widget-container\">\n\t\t\t\t\t\t\t\t\t<h4>Notre objectif est clair : devenir le leader incontest\u00e9 de notre secteur, tout en nous mettant au service du d\u00e9veloppement durable.<\/h4>\n<p>Comme toute entreprise responsable, nous pensons que nous avons une obligation envers la soci\u00e9t\u00e9, les populations et notre plan\u00e8te.&nbsp;&nbsp;<span style=\"background-color: var(--ast-global-color-5); color: var(--ast-global-color-3); font-style: inherit; font-weight: inherit;\">Au c\u0153ur de cette conviction se trouve le d\u00e9sir de transmettre \u00e0 nos enfants un monde meilleur et plus respectueux de l\u2019environnement que celui dans lequel nous vivons&nbsp;<\/span><span style=\"font-style: inherit; font-weight: inherit; background-color: var(--ast-global-color-5); color: var(--ast-global-color-3);\">aujourd\u2019hui. Il nous appartient de prendre toutes les mesures n\u00e9cessaires et possibles pour atteindre cet objectif.&nbsp;<\/span><span style=\"font-style: inherit; font-weight: inherit; background-color: var(--ast-global-color-5); color: var(--ast-global-color-3);\">Face \u00e0 la crise \u00e9cologique, il n\u2019y a qu\u2019une seule voie, celle de la durabilit\u00e9, et \u00e0 notre humble avis, les entreprises qui ne planifient pas leur transition \u00e9cologique sont vou\u00e9es \u00e0 l\u2019\u00e9chec.&nbsp;<\/span><span style=\"font-style: inherit; font-weight: inherit; background-color: var(--ast-global-color-5); color: var(--ast-global-color-3);\">C\u2019est pourquoi nous faisons \u00e0 nos clients, aux communaut\u00e9s o\u00f9 nos produits sont fabriqu\u00e9s, aux entreprises qui utilisent nos produits,&nbsp;<\/span><span style=\"font-style: inherit; font-weight: inherit; background-color: var(--ast-global-color-5); color: var(--ast-global-color-3);\">\u00e0 nos partenaires de notre cha\u00eene logistique et \u00e0 nos employ\u00e9s sans qui rien ne serait possible, la promesse suivante :<\/span><\/p>\t\t\t\t\t\t\t\t<\/div>\n\t\t\t\t<\/div>\n\t\t\t\t\t<\/div>\n\t\t<\/div>\n\t\t\t\t\t<\/div>\n\t\t<\/section>\n\t\t\t\t<section class=\"elementor-section elementor-top-section elementor-element elementor-element-2366518 elementor-section-boxed elementor-section-height-default elementor-section-height-default\" data-id=\"2366518\" data-element_type=\"section\" data-e-type=\"section\" data-settings=\"{&quot;background_background&quot;:&quot;classic&quot;}\">\n\t\t\t\t\t\t<div class=\"elementor-container elementor-column-gap-default\">\n\t\t\t\t\t<div class=\"elementor-column elementor-col-100 elementor-top-column elementor-element elementor-element-91dfa23\" data-id=\"91dfa23\" data-element_type=\"column\" data-e-type=\"column\">\n\t\t\t<div class=\"elementor-widget-wrap elementor-element-populated\">\n\t\t\t\t\t\t<div class=\"elementor-element elementor-element-1178322 elementor-widget elementor-widget-text-editor\" data-id=\"1178322\" data-element_type=\"widget\" data-e-type=\"widget\" data-widget_type=\"text-editor.default\">\n\t\t\t\t<div class=\"elementor-widget-container\">\n\t\t\t\t\t\t\t\t\t\u0152uvrer en faveur d\u2019un monde respectueux de l\u2019environnement en prenant des mesures concr\u00e8tes, notamment en r\u00e9duisant l\u2019impact\nenvironnemental de nos activit\u00e9s, en innovant sans cesse pour d\u00e9velopper des produits garantis pour durer plus longtemps et\nen proposant des solutions et des services qui tiennent compte des probl\u00e9matiques environnementales actuelles. Prendre soin de nos collaborateurs et des communaut\u00e9s o\u00f9 nous sommes implant\u00e9s en mettant en place un environnement de travail s\u00fbr, afin que notre entreprise puisse continuer \u00e0 fonctionner et \u00e0 fournir des r\u00e9sultats exceptionnels sur le long terme.<br>\n\nEn tant qu\u2019entreprise, nous devons constamment faire des choix, pour chaque aspect de nos activit\u00e9s. Nous ne pr\u00e9tendons pas avoir toutes les solutions\n, mais nous mettons un point d\u2019honneur \u00e0 faire de notre mieux, \u00e9tape par \u00e9tape. C\u2019est en d\u00e9finissant des indicateurs de performance cl\u00e9s pertinents et en faisant des individus, des processus et de la plan\u00e8te le moteur de chacune de nos d\u00e9cisions\nque nous assurerons l\u2019avenir de l\u2019entreprise, de nos clients et de nos collaborateurs.\t\t\t\t\t\t\t\t<\/div>\n\t\t\t\t<\/div>\n\t\t\t\t\t<\/div>\n\t\t<\/div>\n\t\t\t\t\t<\/div>\n\t\t<\/section>\n\t\t\t\t<section class=\"elementor-section elementor-top-section elementor-element elementor-element-50694df elementor-section-boxed elementor-section-height-default elementor-section-height-default\" data-id=\"50694df\" data-element_type=\"section\" data-e-type=\"section\">\n\t\t\t\t\t\t<div class=\"elementor-container elementor-column-gap-default\">\n\t\t\t\t\t<div class=\"elementor-column elementor-col-100 elementor-top-column elementor-element elementor-element-55058cd\" data-id=\"55058cd\" data-element_type=\"column\" data-e-type=\"column\">\n\t\t\t<div class=\"elementor-widget-wrap elementor-element-populated\">\n\t\t\t\t\t\t<div class=\"elementor-element elementor-element-100d25d elementor-widget elementor-widget-heading\" data-id=\"100d25d\" data-element_type=\"widget\" data-e-type=\"widget\" data-widget_type=\"heading.default\">\n\t\t\t\t<div class=\"elementor-widget-container\">\n\t\t\t\t\t<h2 class=\"elementor-heading-title elementor-size-default\">Carbon Activated s\u2019engage \u00e0 tenir ses promesses en mati\u00e8re de d\u00e9veloppement durable. Rejoignez-nous et aidez-nous \u00e0 \u0153uvrer en faveur d\u2019un monde meilleur.<\/h2>\t\t\t\t<\/div>\n\t\t\t\t<\/div>\n\t\t\t\t\t<\/div>\n\t\t<\/div>\n\t\t\t\t\t<\/div>\n\t\t<\/section>\n\t\t\t\t<section class=\"elementor-section elementor-top-section elementor-element elementor-element-0be67f0 elementor-section-boxed elementor-section-height-default elementor-section-height-default\" data-id=\"0be67f0\" data-element_type=\"section\" data-e-type=\"section\">\n\t\t\t\t\t\t<div class=\"elementor-container elementor-column-gap-default\">\n\t\t\t\t\t<div class=\"elementor-column elementor-col-50 elementor-top-column elementor-element elementor-element-5f6a474\" data-id=\"5f6a474\" data-element_type=\"column\" data-e-type=\"column\">\n\t\t\t<div class=\"elementor-widget-wrap elementor-element-populated\">\n\t\t\t\t\t\t<div class=\"elementor-element elementor-element-497167d elementor-widget elementor-widget-text-editor\" data-id=\"497167d\" data-element_type=\"widget\" data-e-type=\"widget\" data-widget_type=\"text-editor.default\">\n\t\t\t\t<div class=\"elementor-widget-container\">\n\t\t\t\t\t\t\t\t\t<h3><strong>R\u00e9alisations et objectifs en mati\u00e8re de d\u00e9veloppement durable Collaborateurs<\/strong><\/h3><p><strong><em>Collaborateurs<\/em><\/strong><br \/><strong>\u2022 4 exercices d\u2019\u00e9vacuation incendie effectu\u00e9s chaque ann\u00e9e sur nos sites<\/strong><br \/><strong>\u2022 Acc\u00e8s aux programmes de formation<\/strong><br \/><strong>\u2022 Plus de 30 heures de formation \u00e0 la s\u00e9curit\u00e9 dispens\u00e9es \u00e0 chaque<\/strong><br \/><strong>employ\u00e9<\/strong><\/p><p><strong><em>Processus<\/em><\/strong><br \/><strong>\u2022 Certification ISO-14001<\/strong><br \/><strong>\u2022 Responsables de l\u2019environnement pr\u00e9sents sur chaque site<\/strong><\/p><p><strong><em>Plan\u00e8te<\/em><\/strong><br \/><strong>\u2022 Certification Ecovardis en mati\u00e8re de d\u00e9veloppement durable<\/strong><br \/><strong>\u2022 Grammage du papier recycl\u00e9<\/strong><\/p>\t\t\t\t\t\t\t\t<\/div>\n\t\t\t\t<\/div>\n\t\t\t\t\t<\/div>\n\t\t<\/div>\n\t\t\t\t<div class=\"elementor-column elementor-col-50 elementor-top-column elementor-element elementor-element-08bbbe7\" data-id=\"08bbbe7\" data-element_type=\"column\" data-e-type=\"column\">\n\t\t\t<div class=\"elementor-widget-wrap elementor-element-populated\">\n\t\t\t\t\t\t<div class=\"elementor-element elementor-element-13edff1 elementor-widget elementor-widget-image\" data-id=\"13edff1\" data-element_type=\"widget\" data-e-type=\"widget\" data-widget_type=\"image.default\">\n\t\t\t\t<div class=\"elementor-widget-container\">\n\t\t\t\t\t\t\t\t\t\t\t\t\t\t\t<img fetchpriority=\"high\" decoding=\"async\" width=\"668\" height=\"444\" src=\"https:\/\/www.carbonactivatedeurope.com\/wp-content\/uploads\/2025\/04\/mission-image-home.webp\" class=\"attachment-full size-full wp-image-15325\" alt=\"\" srcset=\"https:\/\/www.carbonactivatedeurope.com\/wp-content\/uploads\/2025\/04\/mission-image-home.webp 668w, https:\/\/www.carbonactivatedeurope.com\/wp-content\/uploads\/2025\/04\/mission-image-home-300x199.webp 300w\" sizes=\"(max-width: 668px) 100vw, 668px\" \/>\t\t\t\t\t\t\t\t\t\t\t\t\t\t\t<\/div>\n\t\t\t\t<\/div>\n\t\t\t\t\t<\/div>\n\t\t<\/div>\n\t\t\t\t\t<\/div>\n\t\t<\/section>\n\t\t\t\t<section class=\"elementor-section elementor-top-section elementor-element elementor-element-b448664 elementor-section-boxed elementor-section-height-default elementor-section-height-default\" data-id=\"b448664\" data-element_type=\"section\" data-e-type=\"section\" data-settings=\"{&quot;background_background&quot;:&quot;classic&quot;}\">\n\t\t\t\t\t\t<div class=\"elementor-container elementor-column-gap-default\">\n\t\t\t\t\t<div class=\"elementor-column elementor-col-100 elementor-top-column elementor-element elementor-element-18c9116\" data-id=\"18c9116\" data-element_type=\"column\" data-e-type=\"column\">\n\t\t\t<div class=\"elementor-widget-wrap elementor-element-populated\">\n\t\t\t\t\t\t<div class=\"elementor-element elementor-element-cde5dcc elementor-widget elementor-widget-heading\" data-id=\"cde5dcc\" data-element_type=\"widget\" data-e-type=\"widget\" data-widget_type=\"heading.default\">\n\t\t\t\t<div class=\"elementor-widget-container\">\n\t\t\t\t\t<h2 class=\"elementor-heading-title elementor-size-default\">Besoin d\u2019aide pour y voir plus clair parmi nos diff\u00e9rentes solutions \u00e0 base de charbon actif ? <br>\nDemandez-nous conseil !<\/h2>\t\t\t\t<\/div>\n\t\t\t\t<\/div>\n\t\t\t\t<div class=\"elementor-element elementor-element-e79b226 elementor-align-center elementor-widget elementor-widget-button\" data-id=\"e79b226\" data-element_type=\"widget\" data-e-type=\"widget\" data-widget_type=\"button.default\">\n\t\t\t\t<div class=\"elementor-widget-container\">\n\t\t\t\t\t\t\t\t\t<div class=\"elementor-button-wrapper\">\n\t\t\t\t\t<a class=\"elementor-button elementor-button-link elementor-size-md\" href=\"\/fr\/contact\/\">\n\t\t\t\t\t\t<span class=\"elementor-button-content-wrapper\">\n\t\t\t\t\t\t\t\t\t<span class=\"elementor-button-text\">Contactez-nous<\/span>\n\t\t\t\t\t<\/span>\n\t\t\t\t\t<\/a>\n\t\t\t\t<\/div>\n\t\t\t\t\t\t\t\t<\/div>\n\t\t\t\t<\/div>\n\t\t\t\t\t<\/div>\n\t\t<\/div>\n\t\t\t\t\t<\/div>\n\t\t<\/section>\n\t\t\t\t<\/div>\n\t\t","protected":false},"excerpt":{"rendered":"<p>Notre engagement en faveur du d\u00e9veloppement durable Notre objectif est clair : devenir le leader incontest\u00e9 de notre secteur, tout en nous mettant au service du d\u00e9veloppement durable. Comme toute entreprise responsable, nous pensons que nous avons une obligation envers la soci\u00e9t\u00e9, les populations et notre plan\u00e8te.&nbsp;&nbsp;Au c\u0153ur de cette conviction se trouve le d\u00e9sir [&hellip;]<\/p>\n","protected":false},"author":5,"featured_media":0,"parent":0,"menu_order":0,"comment_status":"closed","ping_status":"closed","template":"","meta":{"_monsterinsights_skip_tracking":false,"_monsterinsights_sitenote_active":false,"_monsterinsights_sitenote_note":"","_monsterinsights_sitenote_category":0,"site-sidebar-layout":"no-sidebar","site-content-layout":"page-builder","ast-site-content-layout":"full-width-container","site-content-style":"unboxed","site-sidebar-style":"unboxed","ast-global-header-display":"","ast-banner-title-visibility":"","ast-main-header-display":"","ast-hfb-above-header-display":"","ast-hfb-below-header-display":"","ast-hfb-mobile-header-display":"","site-post-title":"disabled","ast-breadcrumbs-content":"","ast-featured-img":"disabled","footer-sml-layout":"","theme-transparent-header-meta":"enabled","adv-header-id-meta":"","stick-header-meta":"","header-above-stick-meta":"","header-main-stick-meta":"","header-below-stick-meta":"","astra-migrate-meta-layouts":"default","ast-page-background-enabled":"default","ast-page-background-meta":{"desktop":{"background-color":"","background-image":"","background-repeat":"repeat","background-position":"center center","background-size":"auto","background-attachment":"scroll","background-type":"","background-media":"","overlay-type":"","overlay-color":"","overlay-gradient":""},"tablet":{"background-color":"","background-image":"","background-repeat":"repeat","background-position":"center center","background-size":"auto","background-attachment":"scroll","background-type":"","background-media":"","overlay-type":"","overlay-color":"","overlay-gradient":""},"mobile":{"background-color":"","background-image":"","background-repeat":"repeat","background-position":"center center","background-size":"auto","background-attachment":"scroll","background-type":"","background-media":"","overlay-type":"","overlay-color":"","overlay-gradient":""}},"ast-content-background-meta":{"desktop":{"background-color":"var(--ast-global-color-5)","background-image":"","background-repeat":"repeat","background-position":"center center","background-size":"auto","background-attachment":"scroll","background-type":"","background-media":"","overlay-type":"","overlay-color":"","overlay-gradient":""},"tablet":{"background-color":"var(--ast-global-color-5)","background-image":"","background-repeat":"repeat","background-position":"center center","background-size":"auto","background-attachment":"scroll","background-type":"","background-media":"","overlay-type":"","overlay-color":"","overlay-gradient":""},"mobile":{"background-color":"var(--ast-global-color-5)","background-image":"","background-repeat":"repeat","background-position":"center center","background-size":"auto","background-attachment":"scroll","background-type":"","background-media":"","overlay-type":"","overlay-color":"","overlay-gradient":""}},"footnotes":""},"class_list":["post-8872","page","type-page","status-publish","hentry"],"yoast_head":"<!-- This site is optimized with the Yoast SEO plugin v26.9 - https:\/\/yoast.com\/product\/yoast-seo-wordpress\/ -->\n<title>D\u00e9veloppement durable - Carbon Activated Europe<\/title>\n<meta name=\"robots\" content=\"index, follow, max-snippet:-1, max-image-preview:large, max-video-preview:-1\" \/>\n<link rel=\"canonical\" href=\"https:\/\/www.carbonactivatedeurope.com\/fr\/durabilite\/\" \/>\n<meta property=\"og:locale\" content=\"fr_FR\" \/>\n<meta property=\"og:type\" content=\"article\" \/>\n<meta property=\"og:title\" content=\"D\u00e9veloppement durable - Carbon Activated Europe\" \/>\n<meta property=\"og:description\" content=\"Notre engagement en faveur du d\u00e9veloppement durable Notre objectif est clair : devenir le leader incontest\u00e9 de notre secteur, tout en nous mettant au service du d\u00e9veloppement durable. Comme toute entreprise responsable, nous pensons que nous avons une obligation envers la soci\u00e9t\u00e9, les populations et notre plan\u00e8te.&nbsp;&nbsp;Au c\u0153ur de cette conviction se trouve le d\u00e9sir [&hellip;]\" \/>\n<meta property=\"og:url\" content=\"https:\/\/www.carbonactivatedeurope.com\/fr\/durabilite\/\" \/>\n<meta property=\"og:site_name\" content=\"Carbon Activated Europe\" \/>\n<meta property=\"article:modified_time\" content=\"2025-04-01T12:07:27+00:00\" \/>\n<meta property=\"og:image\" content=\"https:\/\/www.carbonactivatedeurope.com\/wp-content\/uploads\/2025\/04\/mission-image-home.webp\" \/>\n<meta name=\"twitter:card\" content=\"summary_large_image\" \/>\n<meta name=\"twitter:label1\" content=\"Dur\u00e9e de lecture estim\u00e9e\" \/>\n\t<meta name=\"twitter:data1\" content=\"3 minutes\" \/>\n<script type=\"application\/ld+json\" class=\"yoast-schema-graph\">{\"@context\":\"https:\/\/schema.org\",\"@graph\":[{\"@type\":\"WebPage\",\"@id\":\"https:\/\/www.carbonactivatedeurope.com\/fr\/durabilite\/\",\"url\":\"https:\/\/www.carbonactivatedeurope.com\/fr\/durabilite\/\",\"name\":\"D\u00e9veloppement durable - Carbon Activated Europe\",\"isPartOf\":{\"@id\":\"https:\/\/www.carbonactivatedeurope.com\/fr\/#website\"},\"primaryImageOfPage\":{\"@id\":\"https:\/\/www.carbonactivatedeurope.com\/fr\/durabilite\/#primaryimage\"},\"image\":{\"@id\":\"https:\/\/www.carbonactivatedeurope.com\/fr\/durabilite\/#primaryimage\"},\"thumbnailUrl\":\"https:\/\/www.carbonactivatedeurope.com\/wp-content\/uploads\/2025\/04\/mission-image-home.webp\",\"datePublished\":\"2022-11-17T21:30:48+00:00\",\"dateModified\":\"2025-04-01T12:07:27+00:00\",\"breadcrumb\":{\"@id\":\"https:\/\/www.carbonactivatedeurope.com\/fr\/durabilite\/#breadcrumb\"},\"inLanguage\":\"fr-FR\",\"potentialAction\":[{\"@type\":\"ReadAction\",\"target\":[\"https:\/\/www.carbonactivatedeurope.com\/fr\/durabilite\/\"]}]},{\"@type\":\"ImageObject\",\"inLanguage\":\"fr-FR\",\"@id\":\"https:\/\/www.carbonactivatedeurope.com\/fr\/durabilite\/#primaryimage\",\"url\":\"https:\/\/www.carbonactivatedeurope.com\/wp-content\/uploads\/2025\/04\/mission-image-home.webp\",\"contentUrl\":\"https:\/\/www.carbonactivatedeurope.com\/wp-content\/uploads\/2025\/04\/mission-image-home.webp\"},{\"@type\":\"BreadcrumbList\",\"@id\":\"https:\/\/www.carbonactivatedeurope.com\/fr\/durabilite\/#breadcrumb\",\"itemListElement\":[{\"@type\":\"ListItem\",\"position\":1,\"name\":\"Home\",\"item\":\"https:\/\/www.carbonactivatedeurope.com\/fr\/\"},{\"@type\":\"ListItem\",\"position\":2,\"name\":\"D\u00e9veloppement durable\"}]},{\"@type\":\"WebSite\",\"@id\":\"https:\/\/www.carbonactivatedeurope.com\/fr\/#website\",\"url\":\"https:\/\/www.carbonactivatedeurope.com\/fr\/\",\"name\":\"Carbon Activated Europe\",\"description\":\"\",\"publisher\":{\"@id\":\"https:\/\/www.carbonactivatedeurope.com\/fr\/#organization\"},\"potentialAction\":[{\"@type\":\"SearchAction\",\"target\":{\"@type\":\"EntryPoint\",\"urlTemplate\":\"https:\/\/www.carbonactivatedeurope.com\/fr\/?s={search_term_string}\"},\"query-input\":{\"@type\":\"PropertyValueSpecification\",\"valueRequired\":true,\"valueName\":\"search_term_string\"}}],\"inLanguage\":\"fr-FR\"},{\"@type\":\"Organization\",\"@id\":\"https:\/\/www.carbonactivatedeurope.com\/fr\/#organization\",\"name\":\"Carbon Activated Europe\",\"url\":\"https:\/\/www.carbonactivatedeurope.com\/fr\/\",\"logo\":{\"@type\":\"ImageObject\",\"inLanguage\":\"fr-FR\",\"@id\":\"https:\/\/www.carbonactivatedeurope.com\/fr\/#\/schema\/logo\/image\/\",\"url\":\"https:\/\/www.carbonactivatedeurope.com\/wp-content\/uploads\/2022\/07\/CAE-Logo-Blue.png\",\"contentUrl\":\"https:\/\/www.carbonactivatedeurope.com\/wp-content\/uploads\/2022\/07\/CAE-Logo-Blue.png\",\"width\":554,\"height\":275,\"caption\":\"Carbon Activated Europe\"},\"image\":{\"@id\":\"https:\/\/www.carbonactivatedeurope.com\/fr\/#\/schema\/logo\/image\/\"},\"sameAs\":[\"https:\/\/www.linkedin.com\/company\/carbon-activated-europe\/posts\/?feedView=all\"]}]}<\/script>\n<!-- \/ Yoast SEO plugin. -->","yoast_head_json":{"title":"D\u00e9veloppement durable - Carbon Activated Europe","robots":{"index":"index","follow":"follow","max-snippet":"max-snippet:-1","max-image-preview":"max-image-preview:large","max-video-preview":"max-video-preview:-1"},"canonical":"https:\/\/www.carbonactivatedeurope.com\/fr\/durabilite\/","og_locale":"fr_FR","og_type":"article","og_title":"D\u00e9veloppement durable - Carbon Activated Europe","og_description":"Notre engagement en faveur du d\u00e9veloppement durable Notre objectif est clair : devenir le leader incontest\u00e9 de notre secteur, tout en nous mettant au service du d\u00e9veloppement durable. Comme toute entreprise responsable, nous pensons que nous avons une obligation envers la soci\u00e9t\u00e9, les populations et notre plan\u00e8te.&nbsp;&nbsp;Au c\u0153ur de cette conviction se trouve le d\u00e9sir [&hellip;]","og_url":"https:\/\/www.carbonactivatedeurope.com\/fr\/durabilite\/","og_site_name":"Carbon Activated Europe","article_modified_time":"2025-04-01T12:07:27+00:00","og_image":[{"url":"https:\/\/www.carbonactivatedeurope.com\/wp-content\/uploads\/2025\/04\/mission-image-home.webp","type":"","width":"","height":""}],"twitter_card":"summary_large_image","twitter_misc":{"Dur\u00e9e de lecture estim\u00e9e":"3 minutes"},"schema":{"@context":"https:\/\/schema.org","@graph":[{"@type":"WebPage","@id":"https:\/\/www.carbonactivatedeurope.com\/fr\/durabilite\/","url":"https:\/\/www.carbonactivatedeurope.com\/fr\/durabilite\/","name":"D\u00e9veloppement durable - Carbon Activated Europe","isPartOf":{"@id":"https:\/\/www.carbonactivatedeurope.com\/fr\/#website"},"primaryImageOfPage":{"@id":"https:\/\/www.carbonactivatedeurope.com\/fr\/durabilite\/#primaryimage"},"image":{"@id":"https:\/\/www.carbonactivatedeurope.com\/fr\/durabilite\/#primaryimage"},"thumbnailUrl":"https:\/\/www.carbonactivatedeurope.com\/wp-content\/uploads\/2025\/04\/mission-image-home.webp","datePublished":"2022-11-17T21:30:48+00:00","dateModified":"2025-04-01T12:07:27+00:00","breadcrumb":{"@id":"https:\/\/www.carbonactivatedeurope.com\/fr\/durabilite\/#breadcrumb"},"inLanguage":"fr-FR","potentialAction":[{"@type":"ReadAction","target":["https:\/\/www.carbonactivatedeurope.com\/fr\/durabilite\/"]}]},{"@type":"ImageObject","inLanguage":"fr-FR","@id":"https:\/\/www.carbonactivatedeurope.com\/fr\/durabilite\/#primaryimage","url":"https:\/\/www.carbonactivatedeurope.com\/wp-content\/uploads\/2025\/04\/mission-image-home.webp","contentUrl":"https:\/\/www.carbonactivatedeurope.com\/wp-content\/uploads\/2025\/04\/mission-image-home.webp"},{"@type":"BreadcrumbList","@id":"https:\/\/www.carbonactivatedeurope.com\/fr\/durabilite\/#breadcrumb","itemListElement":[{"@type":"ListItem","position":1,"name":"Home","item":"https:\/\/www.carbonactivatedeurope.com\/fr\/"},{"@type":"ListItem","position":2,"name":"D\u00e9veloppement durable"}]},{"@type":"WebSite","@id":"https:\/\/www.carbonactivatedeurope.com\/fr\/#website","url":"https:\/\/www.carbonactivatedeurope.com\/fr\/","name":"Carbon Activated Europe","description":"","publisher":{"@id":"https:\/\/www.carbonactivatedeurope.com\/fr\/#organization"},"potentialAction":[{"@type":"SearchAction","target":{"@type":"EntryPoint","urlTemplate":"https:\/\/www.carbonactivatedeurope.com\/fr\/?s={search_term_string}"},"query-input":{"@type":"PropertyValueSpecification","valueRequired":true,"valueName":"search_term_string"}}],"inLanguage":"fr-FR"},{"@type":"Organization","@id":"https:\/\/www.carbonactivatedeurope.com\/fr\/#organization","name":"Carbon Activated Europe","url":"https:\/\/www.carbonactivatedeurope.com\/fr\/","logo":{"@type":"ImageObject","inLanguage":"fr-FR","@id":"https:\/\/www.carbonactivatedeurope.com\/fr\/#\/schema\/logo\/image\/","url":"https:\/\/www.carbonactivatedeurope.com\/wp-content\/uploads\/2022\/07\/CAE-Logo-Blue.png","contentUrl":"https:\/\/www.carbonactivatedeurope.com\/wp-content\/uploads\/2022\/07\/CAE-Logo-Blue.png","width":554,"height":275,"caption":"Carbon Activated Europe"},"image":{"@id":"https:\/\/www.carbonactivatedeurope.com\/fr\/#\/schema\/logo\/image\/"},"sameAs":["https:\/\/www.linkedin.com\/company\/carbon-activated-europe\/posts\/?feedView=all"]}]}},"_links":{"self":[{"href":"https:\/\/www.carbonactivatedeurope.com\/fr\/wp-json\/wp\/v2\/pages\/8872","targetHints":{"allow":["GET"]}}],"collection":[{"href":"https:\/\/www.carbonactivatedeurope.com\/fr\/wp-json\/wp\/v2\/pages"}],"about":[{"href":"https:\/\/www.carbonactivatedeurope.com\/fr\/wp-json\/wp\/v2\/types\/page"}],"author":[{"embeddable":true,"href":"https:\/\/www.carbonactivatedeurope.com\/fr\/wp-json\/wp\/v2\/users\/5"}],"replies":[{"embeddable":true,"href":"https:\/\/www.carbonactivatedeurope.com\/fr\/wp-json\/wp\/v2\/comments?post=8872"}],"version-history":[{"count":8,"href":"https:\/\/www.carbonactivatedeurope.com\/fr\/wp-json\/wp\/v2\/pages\/8872\/revisions"}],"predecessor-version":[{"id":15922,"href":"https:\/\/www.carbonactivatedeurope.com\/fr\/wp-json\/wp\/v2\/pages\/8872\/revisions\/15922"}],"wp:attachment":[{"href":"https:\/\/www.carbonactivatedeurope.com\/fr\/wp-json\/wp\/v2\/media?parent=8872"}],"curies":[{"name":"wp","href":"https:\/\/api.w.org\/{rel}","templated":true}]}}