{"id":8819,"date":"2022-09-19T15:42:12","date_gmt":"2022-09-19T15:42:12","guid":{"rendered":"https:\/\/testing.carbonactivatedeurope.com\/services\/reactivation\/"},"modified":"2025-04-01T11:58:31","modified_gmt":"2025-04-01T11:58:31","slug":"reactivation","status":"publish","type":"page","link":"https:\/\/www.carbonactivatedeurope.com\/fr\/services\/reactivation\/","title":{"rendered":"R\u00e9activation"},"content":{"rendered":"\t\t<div data-elementor-type=\"wp-post\" data-elementor-id=\"8819\" class=\"elementor elementor-8819 elementor-1330\">\n\t\t\t\t\t\t<section class=\"elementor-section elementor-top-section elementor-element elementor-element-39dabc18 elementor-section-content-middle elementor-section-boxed elementor-section-height-default elementor-section-height-default\" data-id=\"39dabc18\" data-element_type=\"section\" data-e-type=\"section\" data-settings=\"{&quot;background_background&quot;:&quot;classic&quot;}\">\n\t\t\t\t\t\t\t<div class=\"elementor-background-overlay\"><\/div>\n\t\t\t\t\t\t\t<div class=\"elementor-container elementor-column-gap-no\">\n\t\t\t\t\t<div class=\"elementor-column elementor-col-100 elementor-top-column elementor-element elementor-element-f60585f\" data-id=\"f60585f\" data-element_type=\"column\" data-e-type=\"column\">\n\t\t\t<div class=\"elementor-widget-wrap elementor-element-populated\">\n\t\t\t\t\t\t<div class=\"elementor-element elementor-element-438af913 elementor-invisible elementor-widget elementor-widget-heading\" data-id=\"438af913\" data-element_type=\"widget\" data-e-type=\"widget\" data-settings=\"{&quot;_animation&quot;:&quot;fadeIn&quot;}\" data-widget_type=\"heading.default\">\n\t\t\t\t<div class=\"elementor-widget-container\">\n\t\t\t\t\t<h1 class=\"elementor-heading-title elementor-size-default\">R\u00e9activation<\/h1>\t\t\t\t<\/div>\n\t\t\t\t<\/div>\n\t\t\t\t\t<\/div>\n\t\t<\/div>\n\t\t\t\t\t<\/div>\n\t\t<\/section>\n\t\t\t\t<section class=\"elementor-section elementor-top-section elementor-element elementor-element-f320f14 elementor-section-boxed elementor-section-height-default elementor-section-height-default\" data-id=\"f320f14\" data-element_type=\"section\" data-e-type=\"section\">\n\t\t\t\t\t\t<div class=\"elementor-container elementor-column-gap-default\">\n\t\t\t\t\t<div class=\"elementor-column elementor-col-100 elementor-top-column elementor-element elementor-element-44eb5e5\" data-id=\"44eb5e5\" data-element_type=\"column\" data-e-type=\"column\">\n\t\t\t<div class=\"elementor-widget-wrap elementor-element-populated\">\n\t\t\t\t\t\t<div class=\"elementor-element elementor-element-c399a54 elementor-widget elementor-widget-heading\" data-id=\"c399a54\" data-element_type=\"widget\" data-e-type=\"widget\" data-widget_type=\"heading.default\">\n\t\t\t\t<div class=\"elementor-widget-container\">\n\t\t\t\t\t<h2 class=\"elementor-heading-title elementor-size-default\">La r\u00e9activation permet de r\u00e9cup\u00e9rer un d\u00e9chet potentiellement dangereux pour en faire un actif r\u00e9utilisable.\n<\/h2>\t\t\t\t<\/div>\n\t\t\t\t<\/div>\n\t\t\t\t\t<\/div>\n\t\t<\/div>\n\t\t\t\t\t<\/div>\n\t\t<\/section>\n\t\t\t\t<section class=\"elementor-section elementor-top-section elementor-element elementor-element-aac7692 elementor-section-boxed elementor-section-height-default elementor-section-height-default\" data-id=\"aac7692\" data-element_type=\"section\" data-e-type=\"section\">\n\t\t\t\t\t\t<div class=\"elementor-container elementor-column-gap-default\">\n\t\t\t\t\t<div class=\"elementor-column elementor-col-100 elementor-top-column elementor-element elementor-element-81298eb\" data-id=\"81298eb\" data-element_type=\"column\" data-e-type=\"column\">\n\t\t\t<div class=\"elementor-widget-wrap elementor-element-populated\">\n\t\t\t\t\t\t<div class=\"elementor-element elementor-element-21b8a88 elementor-widget elementor-widget-text-editor\" data-id=\"21b8a88\" data-element_type=\"widget\" data-e-type=\"widget\" data-widget_type=\"text-editor.default\">\n\t\t\t\t<div class=\"elementor-widget-container\">\n\t\t\t\t\t\t\t\t\t<p>La r\u00e9activation ne produit qu\u2019environ 20 % des gaz \u00e0 effet de serre g\u00e9n\u00e9r\u00e9s par la fabrication de charbon actif vierge. La capacit\u00e9 de r\u00e9activation du charbon actif est presque infinie, de sorte qu\u2019il est possible qu\u2019il ne finisse jamais dans une d\u00e9charge ou un incin\u00e9rateur.<\/p>\n\t\t\t\t\t\t\t\t<\/div>\n\t\t\t\t<\/div>\n\t\t\t\t\t<\/div>\n\t\t<\/div>\n\t\t\t\t\t<\/div>\n\t\t<\/section>\n\t\t\t\t<section class=\"elementor-section elementor-top-section elementor-element elementor-element-1e9ab4d elementor-section-boxed elementor-section-height-default elementor-section-height-default\" data-id=\"1e9ab4d\" data-element_type=\"section\" data-e-type=\"section\" data-settings=\"{&quot;background_background&quot;:&quot;classic&quot;}\">\n\t\t\t\t\t\t<div class=\"elementor-container elementor-column-gap-default\">\n\t\t\t\t\t<div class=\"elementor-column elementor-col-33 elementor-top-column elementor-element elementor-element-92f6502\" data-id=\"92f6502\" data-element_type=\"column\" data-e-type=\"column\">\n\t\t\t<div class=\"elementor-widget-wrap elementor-element-populated\">\n\t\t\t\t\t\t<div class=\"elementor-element elementor-element-e4c6fd7 elementor-widget elementor-widget-heading\" data-id=\"e4c6fd7\" data-element_type=\"widget\" data-e-type=\"widget\" data-widget_type=\"heading.default\">\n\t\t\t\t<div class=\"elementor-widget-container\">\n\t\t\t\t\t<h2 class=\"elementor-heading-title elementor-size-default\">Des services respectueux de l\u2019environnement pour l\u2019\u00e9limination, le remplacement, le transport et la r\u00e9activation ou l\u2019\u00e9limination du charbon usag\u00e9 <\/h2>\t\t\t\t<\/div>\n\t\t\t\t<\/div>\n\t\t\t\t<div class=\"elementor-element elementor-element-671c541 elementor-widget elementor-widget-text-editor\" data-id=\"671c541\" data-element_type=\"widget\" data-e-type=\"widget\" data-widget_type=\"text-editor.default\">\n\t\t\t\t<div class=\"elementor-widget-container\">\n\t\t\t\t\t\t\t\t\tDe plus en plus pl\u00e9biscit\u00e9, le recyclage par r\u00e9activation thermique est une source d\u2019\u00e9conomies substantielles, car le processus de r\u00e9activation est bien moins on\u00e9reux que l\u2019\u00e9limination du charbon actif usag\u00e9 et le rachat de charbon actif neuf.\n\nLes substances organiques adsorb\u00e9es sont d\u00e9truites sous l\u2019effet de la chaleur, r\u00e9tablissant la capacit\u00e9 d\u2019adsorption du charbon actif jusqu\u2019\u00e0 <nobr>95 %<\/nobr> de son niveau d\u2019origine. <span style=\"font-style: inherit; font-weight: inherit; background-color: var( --e-global-color-astglobalcolor5 ); color: var(--ast-global-color-3);\">Du charbon neuf est ajout\u00e9 pour compenser les pertes en carbone mineures subies durant le processus de r\u00e9activation et le charbon recycl\u00e9 vous est renvoy\u00e9 et r\u00e9install\u00e9, vous d\u00e9livrant de la responsabilit\u00e9 de l\u2019\u00e9limination du charbon usag\u00e9.<\/span>\t\t\t\t\t\t\t\t<\/div>\n\t\t\t\t<\/div>\n\t\t\t\t\t<\/div>\n\t\t<\/div>\n\t\t\t\t<div class=\"elementor-column elementor-col-66 elementor-top-column elementor-element elementor-element-9eec7cb\" data-id=\"9eec7cb\" data-element_type=\"column\" data-e-type=\"column\">\n\t\t\t<div class=\"elementor-widget-wrap elementor-element-populated\">\n\t\t\t\t\t\t<div class=\"elementor-element elementor-element-097bb46 elementor-widget elementor-widget-image\" data-id=\"097bb46\" data-element_type=\"widget\" data-e-type=\"widget\" data-widget_type=\"image.default\">\n\t\t\t\t<div class=\"elementor-widget-container\">\n\t\t\t\t\t\t\t\t\t\t\t\t\t\t\t<img decoding=\"async\" src=\"https:\/\/www.carbonactivatedeurope.com\/wp-content\/uploads\/elementor\/thumbs\/reactivation-riwi4823atnltl5hcg9rn9efsfrq9k5rnz9rj289y0.webp\" title=\"reactivation\" alt=\"reactivation\" loading=\"lazy\" \/>\t\t\t\t\t\t\t\t\t\t\t\t\t\t\t<\/div>\n\t\t\t\t<\/div>\n\t\t\t\t\t<\/div>\n\t\t<\/div>\n\t\t\t\t\t<\/div>\n\t\t<\/section>\n\t\t\t\t<section class=\"elementor-section elementor-top-section elementor-element elementor-element-78978b6 elementor-section-boxed elementor-section-height-default elementor-section-height-default\" data-id=\"78978b6\" data-element_type=\"section\" data-e-type=\"section\" data-settings=\"{&quot;background_background&quot;:&quot;classic&quot;}\">\n\t\t\t\t\t\t<div class=\"elementor-container elementor-column-gap-default\">\n\t\t\t\t\t<div class=\"elementor-column elementor-col-100 elementor-top-column elementor-element elementor-element-f6d9a4e\" data-id=\"f6d9a4e\" data-element_type=\"column\" data-e-type=\"column\">\n\t\t\t<div class=\"elementor-widget-wrap elementor-element-populated\">\n\t\t\t\t\t\t<div class=\"elementor-element elementor-element-38a4c4f elementor-widget elementor-widget-text-editor\" data-id=\"38a4c4f\" data-element_type=\"widget\" data-e-type=\"widget\" data-widget_type=\"text-editor.default\">\n\t\t\t\t<div class=\"elementor-widget-container\">\n\t\t\t\t\t\t\t\t\t<h3 class=\"text-uppercase\">QUALIT\u00c9 ET S\u00c9CURIT\u00c9<\/h3>\n<p>Pour des raisons de qualit\u00e9 et de s\u00e9curit\u00e9, nous n\u2019acceptons aucun charbon usag\u00e9 avant qu\u2019il n\u2019ait \u00e9t\u00e9 test\u00e9 et approuv\u00e9 aux fins de sa r\u00e9activation. Nous avons fait ce choix afin de nous assurer qu\u2019une fois r\u00e9activ\u00e9, le charbon sera aussi efficace que le charbon d\u2019origine et que sa manipulation sera s\u00fbre.<\/p>\n<ul type=\"square\">\n<li>Tous les produits \u00e0 base de charbon r\u00e9activ\u00e9 sont soumis aux m\u00eames tests d\u2019assurance qualit\u00e9 que celui que nous utilisons pour nos filtres vierges.<\/li>\n<li>Le charbon r\u00e9activ\u00e9 est cribl\u00e9 \u00e0 la taille de maille d\u00e9sir\u00e9e.<\/li>\n<li>La teneur en humidit\u00e9 ne d\u00e9passera pas 5 % de la masse totale.<\/li>\n<li>Votre charbon usag\u00e9 est conserv\u00e9 s\u00e9par\u00e9ment et r\u00e9activ\u00e9 sur mesure ; le charbon r\u00e9activ\u00e9 que nous vous livrons est celui que vous nous avez envoy\u00e9.<\/li>\n<\/ul>\t\t\t\t\t\t\t\t<\/div>\n\t\t\t\t<\/div>\n\t\t\t\t\t<\/div>\n\t\t<\/div>\n\t\t\t\t\t<\/div>\n\t\t<\/section>\n\t\t\t\t<section class=\"elementor-section elementor-top-section elementor-element elementor-element-2fcfde7 elementor-section-boxed elementor-section-height-default elementor-section-height-default\" data-id=\"2fcfde7\" data-element_type=\"section\" data-e-type=\"section\" data-settings=\"{&quot;background_background&quot;:&quot;classic&quot;}\">\n\t\t\t\t\t\t<div class=\"elementor-container elementor-column-gap-default\">\n\t\t\t\t\t<div class=\"elementor-column elementor-col-100 elementor-top-column elementor-element elementor-element-66ae13b\" data-id=\"66ae13b\" data-element_type=\"column\" data-e-type=\"column\">\n\t\t\t<div class=\"elementor-widget-wrap elementor-element-populated\">\n\t\t\t\t\t\t<div class=\"elementor-element elementor-element-029b469 elementor-widget elementor-widget-heading\" data-id=\"029b469\" data-element_type=\"widget\" data-e-type=\"widget\" data-widget_type=\"heading.default\">\n\t\t\t\t<div class=\"elementor-widget-container\">\n\t\t\t\t\t<h2 class=\"elementor-heading-title elementor-size-default\">Nous vous faisons part de nos conseils techniques avis\u00e9s et r\u00e9alisons des tests dans un laboratoire dernier cri pour vous fournir le produit qui saura r\u00e9pondre aux sp\u00e9cifications exactes de votre projet. Prenez contact avec nos experts d\u00e8s aujourd\u2019hui.<\/h2>\t\t\t\t<\/div>\n\t\t\t\t<\/div>\n\t\t\t\t<div class=\"elementor-element elementor-element-679f960 elementor-align-center elementor-widget elementor-widget-button\" data-id=\"679f960\" data-element_type=\"widget\" data-e-type=\"widget\" data-widget_type=\"button.default\">\n\t\t\t\t<div class=\"elementor-widget-container\">\n\t\t\t\t\t\t\t\t\t<div class=\"elementor-button-wrapper\">\n\t\t\t\t\t<a class=\"elementor-button elementor-button-link elementor-size-md\" href=\"\/fr\/contact\/\">\n\t\t\t\t\t\t<span class=\"elementor-button-content-wrapper\">\n\t\t\t\t\t\t\t\t\t<span class=\"elementor-button-text\">Contactez-nous<\/span>\n\t\t\t\t\t<\/span>\n\t\t\t\t\t<\/a>\n\t\t\t\t<\/div>\n\t\t\t\t\t\t\t\t<\/div>\n\t\t\t\t<\/div>\n\t\t\t\t\t<\/div>\n\t\t<\/div>\n\t\t\t\t\t<\/div>\n\t\t<\/section>\n\t\t\t\t<\/div>\n\t\t","protected":false},"excerpt":{"rendered":"<p>R\u00e9activation La r\u00e9activation permet de r\u00e9cup\u00e9rer un d\u00e9chet potentiellement dangereux pour en faire un actif r\u00e9utilisable. La r\u00e9activation ne produit qu\u2019environ 20 % des gaz \u00e0 effet de serre g\u00e9n\u00e9r\u00e9s par la fabrication de charbon actif vierge. La capacit\u00e9 de r\u00e9activation du charbon actif est presque infinie, de sorte qu\u2019il est possible qu\u2019il ne finisse [&hellip;]<\/p>\n","protected":false},"author":5,"featured_media":0,"parent":8749,"menu_order":0,"comment_status":"closed","ping_status":"closed","template":"","meta":{"_monsterinsights_skip_tracking":false,"_monsterinsights_sitenote_active":false,"_monsterinsights_sitenote_note":"","_monsterinsights_sitenote_category":0,"site-sidebar-layout":"no-sidebar","site-content-layout":"page-builder","ast-site-content-layout":"full-width-container","site-content-style":"unboxed","site-sidebar-style":"unboxed","ast-global-header-display":"","ast-banner-title-visibility":"","ast-main-header-display":"","ast-hfb-above-header-display":"","ast-hfb-below-header-display":"","ast-hfb-mobile-header-display":"","site-post-title":"disabled","ast-breadcrumbs-content":"","ast-featured-img":"disabled","footer-sml-layout":"","theme-transparent-header-meta":"enabled","adv-header-id-meta":"","stick-header-meta":"","header-above-stick-meta":"","header-main-stick-meta":"","header-below-stick-meta":"","astra-migrate-meta-layouts":"default","ast-page-background-enabled":"default","ast-page-background-meta":{"desktop":{"background-color":"","background-image":"","background-repeat":"repeat","background-position":"center center","background-size":"auto","background-attachment":"scroll","background-type":"","background-media":"","overlay-type":"","overlay-color":"","overlay-gradient":""},"tablet":{"background-color":"","background-image":"","background-repeat":"repeat","background-position":"center center","background-size":"auto","background-attachment":"scroll","background-type":"","background-media":"","overlay-type":"","overlay-color":"","overlay-gradient":""},"mobile":{"background-color":"","background-image":"","background-repeat":"repeat","background-position":"center center","background-size":"auto","background-attachment":"scroll","background-type":"","background-media":"","overlay-type":"","overlay-color":"","overlay-gradient":""}},"ast-content-background-meta":{"desktop":{"background-color":"var(--ast-global-color-5)","background-image":"","background-repeat":"repeat","background-position":"center center","background-size":"auto","background-attachment":"scroll","background-type":"","background-media":"","overlay-type":"","overlay-color":"","overlay-gradient":""},"tablet":{"background-color":"var(--ast-global-color-5)","background-image":"","background-repeat":"repeat","background-position":"center center","background-size":"auto","background-attachment":"scroll","background-type":"","background-media":"","overlay-type":"","overlay-color":"","overlay-gradient":""},"mobile":{"background-color":"var(--ast-global-color-5)","background-image":"","background-repeat":"repeat","background-position":"center center","background-size":"auto","background-attachment":"scroll","background-type":"","background-media":"","overlay-type":"","overlay-color":"","overlay-gradient":""}},"footnotes":""},"class_list":["post-8819","page","type-page","status-publish","hentry"],"yoast_head":"<!-- This site is optimized with the Yoast SEO plugin v26.9 - https:\/\/yoast.com\/product\/yoast-seo-wordpress\/ -->\n<title>R\u00e9activation - Carbon Activated Europe<\/title>\n<meta name=\"robots\" content=\"index, follow, max-snippet:-1, max-image-preview:large, max-video-preview:-1\" \/>\n<link rel=\"canonical\" href=\"https:\/\/www.carbonactivatedeurope.com\/fr\/services\/reactivation\/\" \/>\n<meta property=\"og:locale\" content=\"fr_FR\" \/>\n<meta property=\"og:type\" content=\"article\" \/>\n<meta property=\"og:title\" content=\"R\u00e9activation - Carbon Activated Europe\" \/>\n<meta property=\"og:description\" content=\"R\u00e9activation La r\u00e9activation permet de r\u00e9cup\u00e9rer un d\u00e9chet potentiellement dangereux pour en faire un actif r\u00e9utilisable. La r\u00e9activation ne produit qu\u2019environ 20 % des gaz \u00e0 effet de serre g\u00e9n\u00e9r\u00e9s par la fabrication de charbon actif vierge. La capacit\u00e9 de r\u00e9activation du charbon actif est presque infinie, de sorte qu\u2019il est possible qu\u2019il ne finisse [&hellip;]\" \/>\n<meta property=\"og:url\" content=\"https:\/\/www.carbonactivatedeurope.com\/fr\/services\/reactivation\/\" \/>\n<meta property=\"og:site_name\" content=\"Carbon Activated Europe\" \/>\n<meta property=\"article:modified_time\" content=\"2025-04-01T11:58:31+00:00\" \/>\n<meta property=\"og:image\" content=\"https:\/\/www.carbonactivatedeurope.com\/wp-content\/uploads\/2025\/04\/reactivation-150x150.webp\" \/>\n<meta name=\"twitter:card\" content=\"summary_large_image\" \/>\n<meta name=\"twitter:label1\" content=\"Dur\u00e9e de lecture estim\u00e9e\" \/>\n\t<meta name=\"twitter:data1\" content=\"2 minutes\" \/>\n<script type=\"application\/ld+json\" class=\"yoast-schema-graph\">{\"@context\":\"https:\/\/schema.org\",\"@graph\":[{\"@type\":\"WebPage\",\"@id\":\"https:\/\/www.carbonactivatedeurope.com\/fr\/services\/reactivation\/\",\"url\":\"https:\/\/www.carbonactivatedeurope.com\/fr\/services\/reactivation\/\",\"name\":\"R\u00e9activation - Carbon Activated Europe\",\"isPartOf\":{\"@id\":\"https:\/\/www.carbonactivatedeurope.com\/fr\/#website\"},\"primaryImageOfPage\":{\"@id\":\"https:\/\/www.carbonactivatedeurope.com\/fr\/services\/reactivation\/#primaryimage\"},\"image\":{\"@id\":\"https:\/\/www.carbonactivatedeurope.com\/fr\/services\/reactivation\/#primaryimage\"},\"thumbnailUrl\":\"https:\/\/www.carbonactivatedeurope.com\/wp-content\/uploads\/2025\/04\/reactivation-150x150.webp\",\"datePublished\":\"2022-09-19T15:42:12+00:00\",\"dateModified\":\"2025-04-01T11:58:31+00:00\",\"breadcrumb\":{\"@id\":\"https:\/\/www.carbonactivatedeurope.com\/fr\/services\/reactivation\/#breadcrumb\"},\"inLanguage\":\"fr-FR\",\"potentialAction\":[{\"@type\":\"ReadAction\",\"target\":[\"https:\/\/www.carbonactivatedeurope.com\/fr\/services\/reactivation\/\"]}]},{\"@type\":\"ImageObject\",\"inLanguage\":\"fr-FR\",\"@id\":\"https:\/\/www.carbonactivatedeurope.com\/fr\/services\/reactivation\/#primaryimage\",\"url\":\"https:\/\/www.carbonactivatedeurope.com\/wp-content\/uploads\/2025\/04\/reactivation-150x150.webp\",\"contentUrl\":\"https:\/\/www.carbonactivatedeurope.com\/wp-content\/uploads\/2025\/04\/reactivation-150x150.webp\"},{\"@type\":\"BreadcrumbList\",\"@id\":\"https:\/\/www.carbonactivatedeurope.com\/fr\/services\/reactivation\/#breadcrumb\",\"itemListElement\":[{\"@type\":\"ListItem\",\"position\":1,\"name\":\"Home\",\"item\":\"https:\/\/www.carbonactivatedeurope.com\/fr\/\"},{\"@type\":\"ListItem\",\"position\":2,\"name\":\"Services\",\"item\":\"https:\/\/www.carbonactivatedeurope.com\/fr\/services\/\"},{\"@type\":\"ListItem\",\"position\":3,\"name\":\"R\u00e9activation\"}]},{\"@type\":\"WebSite\",\"@id\":\"https:\/\/www.carbonactivatedeurope.com\/fr\/#website\",\"url\":\"https:\/\/www.carbonactivatedeurope.com\/fr\/\",\"name\":\"Carbon Activated Europe\",\"description\":\"\",\"publisher\":{\"@id\":\"https:\/\/www.carbonactivatedeurope.com\/fr\/#organization\"},\"potentialAction\":[{\"@type\":\"SearchAction\",\"target\":{\"@type\":\"EntryPoint\",\"urlTemplate\":\"https:\/\/www.carbonactivatedeurope.com\/fr\/?s={search_term_string}\"},\"query-input\":{\"@type\":\"PropertyValueSpecification\",\"valueRequired\":true,\"valueName\":\"search_term_string\"}}],\"inLanguage\":\"fr-FR\"},{\"@type\":\"Organization\",\"@id\":\"https:\/\/www.carbonactivatedeurope.com\/fr\/#organization\",\"name\":\"Carbon Activated Europe\",\"url\":\"https:\/\/www.carbonactivatedeurope.com\/fr\/\",\"logo\":{\"@type\":\"ImageObject\",\"inLanguage\":\"fr-FR\",\"@id\":\"https:\/\/www.carbonactivatedeurope.com\/fr\/#\/schema\/logo\/image\/\",\"url\":\"https:\/\/www.carbonactivatedeurope.com\/wp-content\/uploads\/2022\/07\/CAE-Logo-Blue.png\",\"contentUrl\":\"https:\/\/www.carbonactivatedeurope.com\/wp-content\/uploads\/2022\/07\/CAE-Logo-Blue.png\",\"width\":554,\"height\":275,\"caption\":\"Carbon Activated Europe\"},\"image\":{\"@id\":\"https:\/\/www.carbonactivatedeurope.com\/fr\/#\/schema\/logo\/image\/\"},\"sameAs\":[\"https:\/\/www.linkedin.com\/company\/carbon-activated-europe\/posts\/?feedView=all\"]}]}<\/script>\n<!-- \/ Yoast SEO plugin. -->","yoast_head_json":{"title":"R\u00e9activation - Carbon Activated Europe","robots":{"index":"index","follow":"follow","max-snippet":"max-snippet:-1","max-image-preview":"max-image-preview:large","max-video-preview":"max-video-preview:-1"},"canonical":"https:\/\/www.carbonactivatedeurope.com\/fr\/services\/reactivation\/","og_locale":"fr_FR","og_type":"article","og_title":"R\u00e9activation - Carbon Activated Europe","og_description":"R\u00e9activation La r\u00e9activation permet de r\u00e9cup\u00e9rer un d\u00e9chet potentiellement dangereux pour en faire un actif r\u00e9utilisable. La r\u00e9activation ne produit qu\u2019environ 20 % des gaz \u00e0 effet de serre g\u00e9n\u00e9r\u00e9s par la fabrication de charbon actif vierge. La capacit\u00e9 de r\u00e9activation du charbon actif est presque infinie, de sorte qu\u2019il est possible qu\u2019il ne finisse [&hellip;]","og_url":"https:\/\/www.carbonactivatedeurope.com\/fr\/services\/reactivation\/","og_site_name":"Carbon Activated Europe","article_modified_time":"2025-04-01T11:58:31+00:00","og_image":[{"url":"https:\/\/www.carbonactivatedeurope.com\/wp-content\/uploads\/2025\/04\/reactivation-150x150.webp","type":"","width":"","height":""}],"twitter_card":"summary_large_image","twitter_misc":{"Dur\u00e9e de lecture estim\u00e9e":"2 minutes"},"schema":{"@context":"https:\/\/schema.org","@graph":[{"@type":"WebPage","@id":"https:\/\/www.carbonactivatedeurope.com\/fr\/services\/reactivation\/","url":"https:\/\/www.carbonactivatedeurope.com\/fr\/services\/reactivation\/","name":"R\u00e9activation - Carbon Activated Europe","isPartOf":{"@id":"https:\/\/www.carbonactivatedeurope.com\/fr\/#website"},"primaryImageOfPage":{"@id":"https:\/\/www.carbonactivatedeurope.com\/fr\/services\/reactivation\/#primaryimage"},"image":{"@id":"https:\/\/www.carbonactivatedeurope.com\/fr\/services\/reactivation\/#primaryimage"},"thumbnailUrl":"https:\/\/www.carbonactivatedeurope.com\/wp-content\/uploads\/2025\/04\/reactivation-150x150.webp","datePublished":"2022-09-19T15:42:12+00:00","dateModified":"2025-04-01T11:58:31+00:00","breadcrumb":{"@id":"https:\/\/www.carbonactivatedeurope.com\/fr\/services\/reactivation\/#breadcrumb"},"inLanguage":"fr-FR","potentialAction":[{"@type":"ReadAction","target":["https:\/\/www.carbonactivatedeurope.com\/fr\/services\/reactivation\/"]}]},{"@type":"ImageObject","inLanguage":"fr-FR","@id":"https:\/\/www.carbonactivatedeurope.com\/fr\/services\/reactivation\/#primaryimage","url":"https:\/\/www.carbonactivatedeurope.com\/wp-content\/uploads\/2025\/04\/reactivation-150x150.webp","contentUrl":"https:\/\/www.carbonactivatedeurope.com\/wp-content\/uploads\/2025\/04\/reactivation-150x150.webp"},{"@type":"BreadcrumbList","@id":"https:\/\/www.carbonactivatedeurope.com\/fr\/services\/reactivation\/#breadcrumb","itemListElement":[{"@type":"ListItem","position":1,"name":"Home","item":"https:\/\/www.carbonactivatedeurope.com\/fr\/"},{"@type":"ListItem","position":2,"name":"Services","item":"https:\/\/www.carbonactivatedeurope.com\/fr\/services\/"},{"@type":"ListItem","position":3,"name":"R\u00e9activation"}]},{"@type":"WebSite","@id":"https:\/\/www.carbonactivatedeurope.com\/fr\/#website","url":"https:\/\/www.carbonactivatedeurope.com\/fr\/","name":"Carbon Activated Europe","description":"","publisher":{"@id":"https:\/\/www.carbonactivatedeurope.com\/fr\/#organization"},"potentialAction":[{"@type":"SearchAction","target":{"@type":"EntryPoint","urlTemplate":"https:\/\/www.carbonactivatedeurope.com\/fr\/?s={search_term_string}"},"query-input":{"@type":"PropertyValueSpecification","valueRequired":true,"valueName":"search_term_string"}}],"inLanguage":"fr-FR"},{"@type":"Organization","@id":"https:\/\/www.carbonactivatedeurope.com\/fr\/#organization","name":"Carbon Activated Europe","url":"https:\/\/www.carbonactivatedeurope.com\/fr\/","logo":{"@type":"ImageObject","inLanguage":"fr-FR","@id":"https:\/\/www.carbonactivatedeurope.com\/fr\/#\/schema\/logo\/image\/","url":"https:\/\/www.carbonactivatedeurope.com\/wp-content\/uploads\/2022\/07\/CAE-Logo-Blue.png","contentUrl":"https:\/\/www.carbonactivatedeurope.com\/wp-content\/uploads\/2022\/07\/CAE-Logo-Blue.png","width":554,"height":275,"caption":"Carbon Activated Europe"},"image":{"@id":"https:\/\/www.carbonactivatedeurope.com\/fr\/#\/schema\/logo\/image\/"},"sameAs":["https:\/\/www.linkedin.com\/company\/carbon-activated-europe\/posts\/?feedView=all"]}]}},"_links":{"self":[{"href":"https:\/\/www.carbonactivatedeurope.com\/fr\/wp-json\/wp\/v2\/pages\/8819","targetHints":{"allow":["GET"]}}],"collection":[{"href":"https:\/\/www.carbonactivatedeurope.com\/fr\/wp-json\/wp\/v2\/pages"}],"about":[{"href":"https:\/\/www.carbonactivatedeurope.com\/fr\/wp-json\/wp\/v2\/types\/page"}],"author":[{"embeddable":true,"href":"https:\/\/www.carbonactivatedeurope.com\/fr\/wp-json\/wp\/v2\/users\/5"}],"replies":[{"embeddable":true,"href":"https:\/\/www.carbonactivatedeurope.com\/fr\/wp-json\/wp\/v2\/comments?post=8819"}],"version-history":[{"count":8,"href":"https:\/\/www.carbonactivatedeurope.com\/fr\/wp-json\/wp\/v2\/pages\/8819\/revisions"}],"predecessor-version":[{"id":15913,"href":"https:\/\/www.carbonactivatedeurope.com\/fr\/wp-json\/wp\/v2\/pages\/8819\/revisions\/15913"}],"up":[{"embeddable":true,"href":"https:\/\/www.carbonactivatedeurope.com\/fr\/wp-json\/wp\/v2\/pages\/8749"}],"wp:attachment":[{"href":"https:\/\/www.carbonactivatedeurope.com\/fr\/wp-json\/wp\/v2\/media?parent=8819"}],"curies":[{"name":"wp","href":"https:\/\/api.w.org\/{rel}","templated":true}]}}