{"id":9175,"date":"2022-11-24T21:12:16","date_gmt":"2022-11-24T21:12:16","guid":{"rendered":"https:\/\/testing.carbonactivatedeurope.com\/productos\/carbon-activo-impregnado\/"},"modified":"2025-04-02T04:12:16","modified_gmt":"2025-04-02T04:12:16","slug":"carbon-activo-impregnado","status":"publish","type":"page","link":"https:\/\/www.carbonactivatedeurope.com\/es\/productos\/carbon-activo-impregnado\/","title":{"rendered":"Carb\u00f3n activado impregnado"},"content":{"rendered":"\t\t<div data-elementor-type=\"wp-post\" data-elementor-id=\"9175\" class=\"elementor elementor-9175 elementor-2103\">\n\t\t\t\t\t\t<section class=\"elementor-section elementor-top-section elementor-element elementor-element-39dabc18 elementor-section-content-middle elementor-section-boxed elementor-section-height-default elementor-section-height-default\" data-id=\"39dabc18\" data-element_type=\"section\" data-e-type=\"section\" data-settings=\"{&quot;background_background&quot;:&quot;classic&quot;}\">\n\t\t\t\t\t\t\t<div class=\"elementor-background-overlay\"><\/div>\n\t\t\t\t\t\t\t<div class=\"elementor-container elementor-column-gap-no\">\n\t\t\t\t\t<div class=\"elementor-column elementor-col-100 elementor-top-column elementor-element elementor-element-f60585f\" data-id=\"f60585f\" data-element_type=\"column\" data-e-type=\"column\">\n\t\t\t<div class=\"elementor-widget-wrap elementor-element-populated\">\n\t\t\t\t\t\t<div class=\"elementor-element elementor-element-438af913 elementor-invisible elementor-widget elementor-widget-heading\" data-id=\"438af913\" data-element_type=\"widget\" data-e-type=\"widget\" data-settings=\"{&quot;_animation&quot;:&quot;fadeIn&quot;}\" data-widget_type=\"heading.default\">\n\t\t\t\t<div class=\"elementor-widget-container\">\n\t\t\t\t\t<h1 class=\"elementor-heading-title elementor-size-default\">Carb\u00f3n activado impregnado<\/h1>\t\t\t\t<\/div>\n\t\t\t\t<\/div>\n\t\t\t\t\t<\/div>\n\t\t<\/div>\n\t\t\t\t\t<\/div>\n\t\t<\/section>\n\t\t\t\t<section class=\"elementor-section elementor-top-section elementor-element elementor-element-1fe8f4d elementor-section-boxed elementor-section-height-default elementor-section-height-default\" data-id=\"1fe8f4d\" data-element_type=\"section\" data-e-type=\"section\">\n\t\t\t\t\t\t<div class=\"elementor-container elementor-column-gap-default\">\n\t\t\t\t\t<div class=\"elementor-column elementor-col-100 elementor-top-column elementor-element elementor-element-7432d42\" data-id=\"7432d42\" data-element_type=\"column\" data-e-type=\"column\">\n\t\t\t<div class=\"elementor-widget-wrap elementor-element-populated\">\n\t\t\t\t\t\t<div class=\"elementor-element elementor-element-2dff72e elementor-widget elementor-widget-heading\" data-id=\"2dff72e\" data-element_type=\"widget\" data-e-type=\"widget\" data-widget_type=\"heading.default\">\n\t\t\t\t<div class=\"elementor-widget-container\">\n\t\t\t\t\t<h3 class=\"elementor-heading-title elementor-size-default\">Fabricamos carb\u00f3n activado impregnado de gran capacidad<\/h3>\t\t\t\t<\/div>\n\t\t\t\t<\/div>\n\t\t\t\t\t<\/div>\n\t\t<\/div>\n\t\t\t\t\t<\/div>\n\t\t<\/section>\n\t\t\t\t<section class=\"elementor-section elementor-top-section elementor-element elementor-element-679b8f4 elementor-section-boxed elementor-section-height-default elementor-section-height-default\" data-id=\"679b8f4\" data-element_type=\"section\" data-e-type=\"section\">\n\t\t\t\t\t\t<div class=\"elementor-container elementor-column-gap-default\">\n\t\t\t\t\t<div class=\"elementor-column elementor-col-100 elementor-top-column elementor-element elementor-element-e615981\" data-id=\"e615981\" data-element_type=\"column\" data-e-type=\"column\">\n\t\t\t<div class=\"elementor-widget-wrap elementor-element-populated\">\n\t\t\t\t\t\t<div class=\"elementor-element elementor-element-e1b0497 elementor-widget elementor-widget-text-editor\" data-id=\"e1b0497\" data-element_type=\"widget\" data-e-type=\"widget\" data-widget_type=\"text-editor.default\">\n\t\t\t\t<div class=\"elementor-widget-container\">\n\t\t\t\t\t\t\t\t\t<p>Carbon Activated fabrica diversos carbones activados impregnados, en tama\u00f1os est\u00e1ndar e individualizados, para aplicaciones en las que el carb\u00f3n sin tratar puede no ser eficaz. La impregnaci\u00f3n de la superficie modifica qu\u00edmicamente el carb\u00f3n activado mediante una fina distribuci\u00f3n de sustancias qu\u00edmicas y part\u00edculas met\u00e1licas por las superficies internas de sus poros. Esto aumenta enormemente la capacidad de adsorci\u00f3n del carb\u00f3n mediante una sinergia entre las sustancias qu\u00edmicas y el carb\u00f3n. Adem\u00e1s, constituye una forma rentable de eliminar las impurezas de las corrientes de gases, algo que ser\u00eda imposible de otro modo.<\/p>\n\t\t\t\t\t\t\t\t<\/div>\n\t\t\t\t<\/div>\n\t\t\t\t\t<\/div>\n\t\t<\/div>\n\t\t\t\t\t<\/div>\n\t\t<\/section>\n\t\t\t\t<section class=\"elementor-section elementor-top-section elementor-element elementor-element-91eccb8 elementor-section-boxed elementor-section-height-default elementor-section-height-default\" data-id=\"91eccb8\" data-element_type=\"section\" data-e-type=\"section\">\n\t\t\t\t\t\t<div class=\"elementor-container elementor-column-gap-default\">\n\t\t\t\t\t<div class=\"elementor-column elementor-col-50 elementor-top-column elementor-element elementor-element-d1c7bce\" data-id=\"d1c7bce\" data-element_type=\"column\" data-e-type=\"column\">\n\t\t\t<div class=\"elementor-widget-wrap elementor-element-populated\">\n\t\t\t\t\t\t<div class=\"elementor-element elementor-element-9ce5364 elementor-widget elementor-widget-image\" data-id=\"9ce5364\" data-element_type=\"widget\" data-e-type=\"widget\" data-widget_type=\"image.default\">\n\t\t\t\t<div class=\"elementor-widget-container\">\n\t\t\t\t\t\t\t\t\t\t\t\t\t\t\t<img fetchpriority=\"high\" decoding=\"async\" width=\"658\" height=\"439\" src=\"https:\/\/www.carbonactivatedeurope.com\/wp-content\/uploads\/2025\/04\/Impregnated-ac-1.webp\" class=\"attachment-large size-large wp-image-15455\" alt=\"\" srcset=\"https:\/\/www.carbonactivatedeurope.com\/wp-content\/uploads\/2025\/04\/Impregnated-ac-1.webp 658w, https:\/\/www.carbonactivatedeurope.com\/wp-content\/uploads\/2025\/04\/Impregnated-ac-1-300x200.webp 300w\" sizes=\"(max-width: 658px) 100vw, 658px\" \/>\t\t\t\t\t\t\t\t\t\t\t\t\t\t\t<\/div>\n\t\t\t\t<\/div>\n\t\t\t\t\t<\/div>\n\t\t<\/div>\n\t\t\t\t<div class=\"elementor-column elementor-col-50 elementor-top-column elementor-element elementor-element-082c7e4\" data-id=\"082c7e4\" data-element_type=\"column\" data-e-type=\"column\">\n\t\t\t<div class=\"elementor-widget-wrap elementor-element-populated\">\n\t\t\t\t\t\t<div class=\"elementor-element elementor-element-a09c55d elementor-widget elementor-widget-text-editor\" data-id=\"a09c55d\" data-element_type=\"widget\" data-e-type=\"widget\" data-widget_type=\"text-editor.default\">\n\t\t\t\t<div class=\"elementor-widget-container\">\n\t\t\t\t\t\t\t\t\t<p><strong>TRATAMIENTO DE AGUAS<\/strong><br \/>Debido a sus propiedades antimicrobianas\/antis\u00e9pticas, el carb\u00f3n impregnado con plata es un adsorbente eficaz para la purificaci\u00f3n en sistemas de agua dom\u00e9sticos terrestres y de otros tipos.<\/p><p>\u00a0<\/p><p><strong>PURIFICACI\u00d3N DE GASES<\/strong><br \/>El carb\u00f3n activado impregnado se utiliza para tratar los gases de la combusti\u00f3n en plantas generadoras alimentadas por carb\u00f3n y otras aplicaciones de control de la contaminaci\u00f3n atmosf\u00e9rica. El carb\u00f3n puede impregnarse espec\u00edficamente para la eliminaci\u00f3n de gases \u00e1cidos, amoniaco y aminas, aldeh\u00eddos, yodo radiactivo, mercurio\u00a0y gases inorg\u00e1nicos como la arsina y la fosfina. El carbono impregnado con \u00f3xidos met\u00e1licos elimina gases inorg\u00e1nicos como HCN, H2S, fosfina y arsina.<\/p>\t\t\t\t\t\t\t\t<\/div>\n\t\t\t\t<\/div>\n\t\t\t\t\t<\/div>\n\t\t<\/div>\n\t\t\t\t\t<\/div>\n\t\t<\/section>\n\t\t\t\t<section class=\"elementor-section elementor-top-section elementor-element elementor-element-203e4e4 elementor-section-boxed elementor-section-height-default elementor-section-height-default\" data-id=\"203e4e4\" data-element_type=\"section\" data-e-type=\"section\" data-settings=\"{&quot;background_background&quot;:&quot;classic&quot;}\">\n\t\t\t\t\t\t<div class=\"elementor-container elementor-column-gap-default\">\n\t\t\t\t\t<div class=\"elementor-column elementor-col-100 elementor-top-column elementor-element elementor-element-fc50a31\" data-id=\"fc50a31\" data-element_type=\"column\" data-e-type=\"column\">\n\t\t\t<div class=\"elementor-widget-wrap elementor-element-populated\">\n\t\t\t\t\t\t<div class=\"elementor-element elementor-element-afc6824 elementor-widget elementor-widget-heading\" data-id=\"afc6824\" data-element_type=\"widget\" data-e-type=\"widget\" data-widget_type=\"heading.default\">\n\t\t\t\t<div class=\"elementor-widget-container\">\n\t\t\t\t\t<h2 class=\"elementor-heading-title elementor-size-default\">Descubra nuestro folleto (en ingl\u00e9s)<\/h2>\t\t\t\t<\/div>\n\t\t\t\t<\/div>\n\t\t\t\t\t<\/div>\n\t\t<\/div>\n\t\t\t\t\t<\/div>\n\t\t<\/section>\n\t\t\t\t<section class=\"elementor-section elementor-top-section elementor-element elementor-element-1e9ab4d elementor-section-boxed elementor-section-height-default elementor-section-height-default\" data-id=\"1e9ab4d\" data-element_type=\"section\" data-e-type=\"section\" data-settings=\"{&quot;background_background&quot;:&quot;classic&quot;}\">\n\t\t\t\t\t\t<div class=\"elementor-container elementor-column-gap-default\">\n\t\t\t\t\t<div class=\"elementor-column elementor-col-100 elementor-top-column elementor-element elementor-element-9eec7cb\" data-id=\"9eec7cb\" data-element_type=\"column\" data-e-type=\"column\">\n\t\t\t<div class=\"elementor-widget-wrap elementor-element-populated\">\n\t\t\t\t\t\t<div class=\"elementor-element elementor-element-097bb46 elementor-widget elementor-widget-image\" data-id=\"097bb46\" data-element_type=\"widget\" data-e-type=\"widget\" data-widget_type=\"image.default\">\n\t\t\t\t<div class=\"elementor-widget-container\">\n\t\t\t\t\t\t\t\t\t\t\t\t\t\t\t\t<a href=\"\/wp-content\/uploads\/2022\/08\/Carbon-Brochure_single-pages_ENG-1.pdf\">\n\t\t\t\t\t\t\t<img decoding=\"async\" width=\"487\" height=\"691\" src=\"https:\/\/www.carbonactivatedeurope.com\/wp-content\/uploads\/2025\/04\/CAE-Brochure-Image.webp\" class=\"attachment-large size-large wp-image-15380\" alt=\"\" srcset=\"https:\/\/www.carbonactivatedeurope.com\/wp-content\/uploads\/2025\/04\/CAE-Brochure-Image.webp 487w, https:\/\/www.carbonactivatedeurope.com\/wp-content\/uploads\/2025\/04\/CAE-Brochure-Image-211x300.webp 211w\" sizes=\"(max-width: 487px) 100vw, 487px\" \/>\t\t\t\t\t\t\t\t<\/a>\n\t\t\t\t\t\t\t\t\t\t\t\t\t\t\t<\/div>\n\t\t\t\t<\/div>\n\t\t\t\t<div class=\"elementor-element elementor-element-7840a55 elementor-align-center elementor-invisible elementor-widget elementor-widget-button\" data-id=\"7840a55\" data-element_type=\"widget\" data-e-type=\"widget\" data-settings=\"{&quot;_animation&quot;:&quot;bounce&quot;}\" data-widget_type=\"button.default\">\n\t\t\t\t<div class=\"elementor-widget-container\">\n\t\t\t\t\t\t\t\t\t<div class=\"elementor-button-wrapper\">\n\t\t\t\t\t<a class=\"elementor-button elementor-button-link elementor-size-md\" href=\"\/wp-content\/uploads\/2022\/08\/Carbon-Brochure_single-pages_ENG-1.pdf\">\n\t\t\t\t\t\t<span class=\"elementor-button-content-wrapper\">\n\t\t\t\t\t\t\t\t\t<span class=\"elementor-button-text\">Ver nuestro folleto<\/span>\n\t\t\t\t\t<\/span>\n\t\t\t\t\t<\/a>\n\t\t\t\t<\/div>\n\t\t\t\t\t\t\t\t<\/div>\n\t\t\t\t<\/div>\n\t\t\t\t\t<\/div>\n\t\t<\/div>\n\t\t\t\t\t<\/div>\n\t\t<\/section>\n\t\t\t\t<\/div>\n\t\t","protected":false},"excerpt":{"rendered":"<p>Carb\u00f3n activado impregnado Fabricamos carb\u00f3n activado impregnado de gran capacidad Carbon Activated fabrica diversos carbones activados impregnados, en tama\u00f1os est\u00e1ndar e individualizados, para aplicaciones en las que el carb\u00f3n sin tratar puede no ser eficaz. La impregnaci\u00f3n de la superficie modifica qu\u00edmicamente el carb\u00f3n activado mediante una fina distribuci\u00f3n de sustancias qu\u00edmicas y part\u00edculas met\u00e1licas [&hellip;]<\/p>\n","protected":false},"author":5,"featured_media":0,"parent":13870,"menu_order":0,"comment_status":"closed","ping_status":"closed","template":"","meta":{"_monsterinsights_skip_tracking":false,"_monsterinsights_sitenote_active":false,"_monsterinsights_sitenote_note":"","_monsterinsights_sitenote_category":0,"site-sidebar-layout":"no-sidebar","site-content-layout":"page-builder","ast-site-content-layout":"full-width-container","site-content-style":"unboxed","site-sidebar-style":"unboxed","ast-global-header-display":"","ast-banner-title-visibility":"","ast-main-header-display":"","ast-hfb-above-header-display":"","ast-hfb-below-header-display":"","ast-hfb-mobile-header-display":"","site-post-title":"disabled","ast-breadcrumbs-content":"","ast-featured-img":"disabled","footer-sml-layout":"","theme-transparent-header-meta":"enabled","adv-header-id-meta":"","stick-header-meta":"","header-above-stick-meta":"","header-main-stick-meta":"","header-below-stick-meta":"","astra-migrate-meta-layouts":"default","ast-page-background-enabled":"default","ast-page-background-meta":{"desktop":{"background-color":"","background-image":"","background-repeat":"repeat","background-position":"center center","background-size":"auto","background-attachment":"scroll","background-type":"","background-media":"","overlay-type":"","overlay-color":"","overlay-gradient":""},"tablet":{"background-color":"","background-image":"","background-repeat":"repeat","background-position":"center center","background-size":"auto","background-attachment":"scroll","background-type":"","background-media":"","overlay-type":"","overlay-color":"","overlay-gradient":""},"mobile":{"background-color":"","background-image":"","background-repeat":"repeat","background-position":"center center","background-size":"auto","background-attachment":"scroll","background-type":"","background-media":"","overlay-type":"","overlay-color":"","overlay-gradient":""}},"ast-content-background-meta":{"desktop":{"background-color":"var(--ast-global-color-5)","background-image":"","background-repeat":"repeat","background-position":"center center","background-size":"auto","background-attachment":"scroll","background-type":"","background-media":"","overlay-type":"","overlay-color":"","overlay-gradient":""},"tablet":{"background-color":"var(--ast-global-color-5)","background-image":"","background-repeat":"repeat","background-position":"center center","background-size":"auto","background-attachment":"scroll","background-type":"","background-media":"","overlay-type":"","overlay-color":"","overlay-gradient":""},"mobile":{"background-color":"var(--ast-global-color-5)","background-image":"","background-repeat":"repeat","background-position":"center center","background-size":"auto","background-attachment":"scroll","background-type":"","background-media":"","overlay-type":"","overlay-color":"","overlay-gradient":""}},"footnotes":""},"class_list":["post-9175","page","type-page","status-publish","hentry"],"yoast_head":"<!-- This site is optimized with the Yoast SEO plugin v26.9 - https:\/\/yoast.com\/product\/yoast-seo-wordpress\/ -->\n<title>Carb\u00f3n activado impregnado - Carbon Activated Europe<\/title>\n<meta name=\"robots\" content=\"index, follow, max-snippet:-1, max-image-preview:large, max-video-preview:-1\" \/>\n<link rel=\"canonical\" href=\"https:\/\/www.carbonactivatedeurope.com\/es\/productos\/carbon-activo-impregnado\/\" \/>\n<meta property=\"og:locale\" content=\"es_ES\" \/>\n<meta property=\"og:type\" content=\"article\" \/>\n<meta property=\"og:title\" content=\"Carb\u00f3n activado impregnado - Carbon Activated Europe\" \/>\n<meta property=\"og:description\" content=\"Carb\u00f3n activado impregnado Fabricamos carb\u00f3n activado impregnado de gran capacidad Carbon Activated fabrica diversos carbones activados impregnados, en tama\u00f1os est\u00e1ndar e individualizados, para aplicaciones en las que el carb\u00f3n sin tratar puede no ser eficaz. La impregnaci\u00f3n de la superficie modifica qu\u00edmicamente el carb\u00f3n activado mediante una fina distribuci\u00f3n de sustancias qu\u00edmicas y part\u00edculas met\u00e1licas [&hellip;]\" \/>\n<meta property=\"og:url\" content=\"https:\/\/www.carbonactivatedeurope.com\/es\/productos\/carbon-activo-impregnado\/\" \/>\n<meta property=\"og:site_name\" content=\"Carbon Activated Europe\" \/>\n<meta property=\"article:modified_time\" content=\"2025-04-02T04:12:16+00:00\" \/>\n<meta property=\"og:image\" content=\"https:\/\/www.carbonactivatedeurope.com\/wp-content\/uploads\/2025\/04\/Impregnated-ac-1.webp\" \/>\n<meta name=\"twitter:card\" content=\"summary_large_image\" \/>\n<meta name=\"twitter:label1\" content=\"Tiempo de lectura\" \/>\n\t<meta name=\"twitter:data1\" content=\"2 minutos\" \/>\n<script type=\"application\/ld+json\" class=\"yoast-schema-graph\">{\"@context\":\"https:\/\/schema.org\",\"@graph\":[{\"@type\":\"WebPage\",\"@id\":\"https:\/\/www.carbonactivatedeurope.com\/es\/productos\/carbon-activo-impregnado\/\",\"url\":\"https:\/\/www.carbonactivatedeurope.com\/es\/productos\/carbon-activo-impregnado\/\",\"name\":\"Carb\u00f3n activado impregnado - Carbon Activated Europe\",\"isPartOf\":{\"@id\":\"https:\/\/www.carbonactivatedeurope.com\/es\/#website\"},\"primaryImageOfPage\":{\"@id\":\"https:\/\/www.carbonactivatedeurope.com\/es\/productos\/carbon-activo-impregnado\/#primaryimage\"},\"image\":{\"@id\":\"https:\/\/www.carbonactivatedeurope.com\/es\/productos\/carbon-activo-impregnado\/#primaryimage\"},\"thumbnailUrl\":\"https:\/\/www.carbonactivatedeurope.com\/wp-content\/uploads\/2025\/04\/Impregnated-ac-1.webp\",\"datePublished\":\"2022-11-24T21:12:16+00:00\",\"dateModified\":\"2025-04-02T04:12:16+00:00\",\"breadcrumb\":{\"@id\":\"https:\/\/www.carbonactivatedeurope.com\/es\/productos\/carbon-activo-impregnado\/#breadcrumb\"},\"inLanguage\":\"es\",\"potentialAction\":[{\"@type\":\"ReadAction\",\"target\":[\"https:\/\/www.carbonactivatedeurope.com\/es\/productos\/carbon-activo-impregnado\/\"]}]},{\"@type\":\"ImageObject\",\"inLanguage\":\"es\",\"@id\":\"https:\/\/www.carbonactivatedeurope.com\/es\/productos\/carbon-activo-impregnado\/#primaryimage\",\"url\":\"https:\/\/www.carbonactivatedeurope.com\/wp-content\/uploads\/2025\/04\/Impregnated-ac-1.webp\",\"contentUrl\":\"https:\/\/www.carbonactivatedeurope.com\/wp-content\/uploads\/2025\/04\/Impregnated-ac-1.webp\"},{\"@type\":\"BreadcrumbList\",\"@id\":\"https:\/\/www.carbonactivatedeurope.com\/es\/productos\/carbon-activo-impregnado\/#breadcrumb\",\"itemListElement\":[{\"@type\":\"ListItem\",\"position\":1,\"name\":\"Home\",\"item\":\"https:\/\/18.130.195.253\/es\/\"},{\"@type\":\"ListItem\",\"position\":2,\"name\":\"Productos\",\"item\":\"https:\/\/www.carbonactivatedeurope.com\/es\/productos\/\"},{\"@type\":\"ListItem\",\"position\":3,\"name\":\"Carb\u00f3n activado impregnado\"}]},{\"@type\":\"WebSite\",\"@id\":\"https:\/\/www.carbonactivatedeurope.com\/es\/#website\",\"url\":\"https:\/\/www.carbonactivatedeurope.com\/es\/\",\"name\":\"Carbon Activated Europe\",\"description\":\"\",\"publisher\":{\"@id\":\"https:\/\/www.carbonactivatedeurope.com\/es\/#organization\"},\"potentialAction\":[{\"@type\":\"SearchAction\",\"target\":{\"@type\":\"EntryPoint\",\"urlTemplate\":\"https:\/\/www.carbonactivatedeurope.com\/es\/?s={search_term_string}\"},\"query-input\":{\"@type\":\"PropertyValueSpecification\",\"valueRequired\":true,\"valueName\":\"search_term_string\"}}],\"inLanguage\":\"es\"},{\"@type\":\"Organization\",\"@id\":\"https:\/\/www.carbonactivatedeurope.com\/es\/#organization\",\"name\":\"Carbon Activated Europe\",\"url\":\"https:\/\/www.carbonactivatedeurope.com\/es\/\",\"logo\":{\"@type\":\"ImageObject\",\"inLanguage\":\"es\",\"@id\":\"https:\/\/www.carbonactivatedeurope.com\/es\/#\/schema\/logo\/image\/\",\"url\":\"https:\/\/www.carbonactivatedeurope.com\/wp-content\/uploads\/2022\/07\/CAE-Logo-Blue.png\",\"contentUrl\":\"https:\/\/www.carbonactivatedeurope.com\/wp-content\/uploads\/2022\/07\/CAE-Logo-Blue.png\",\"width\":554,\"height\":275,\"caption\":\"Carbon Activated Europe\"},\"image\":{\"@id\":\"https:\/\/www.carbonactivatedeurope.com\/es\/#\/schema\/logo\/image\/\"},\"sameAs\":[\"https:\/\/www.linkedin.com\/company\/carbon-activated-europe\/posts\/?feedView=all\"]}]}<\/script>\n<!-- \/ Yoast SEO plugin. -->","yoast_head_json":{"title":"Carb\u00f3n activado impregnado - Carbon Activated Europe","robots":{"index":"index","follow":"follow","max-snippet":"max-snippet:-1","max-image-preview":"max-image-preview:large","max-video-preview":"max-video-preview:-1"},"canonical":"https:\/\/www.carbonactivatedeurope.com\/es\/productos\/carbon-activo-impregnado\/","og_locale":"es_ES","og_type":"article","og_title":"Carb\u00f3n activado impregnado - Carbon Activated Europe","og_description":"Carb\u00f3n activado impregnado Fabricamos carb\u00f3n activado impregnado de gran capacidad Carbon Activated fabrica diversos carbones activados impregnados, en tama\u00f1os est\u00e1ndar e individualizados, para aplicaciones en las que el carb\u00f3n sin tratar puede no ser eficaz. La impregnaci\u00f3n de la superficie modifica qu\u00edmicamente el carb\u00f3n activado mediante una fina distribuci\u00f3n de sustancias qu\u00edmicas y part\u00edculas met\u00e1licas [&hellip;]","og_url":"https:\/\/www.carbonactivatedeurope.com\/es\/productos\/carbon-activo-impregnado\/","og_site_name":"Carbon Activated Europe","article_modified_time":"2025-04-02T04:12:16+00:00","og_image":[{"url":"https:\/\/www.carbonactivatedeurope.com\/wp-content\/uploads\/2025\/04\/Impregnated-ac-1.webp","type":"","width":"","height":""}],"twitter_card":"summary_large_image","twitter_misc":{"Tiempo de lectura":"2 minutos"},"schema":{"@context":"https:\/\/schema.org","@graph":[{"@type":"WebPage","@id":"https:\/\/www.carbonactivatedeurope.com\/es\/productos\/carbon-activo-impregnado\/","url":"https:\/\/www.carbonactivatedeurope.com\/es\/productos\/carbon-activo-impregnado\/","name":"Carb\u00f3n activado impregnado - Carbon Activated Europe","isPartOf":{"@id":"https:\/\/www.carbonactivatedeurope.com\/es\/#website"},"primaryImageOfPage":{"@id":"https:\/\/www.carbonactivatedeurope.com\/es\/productos\/carbon-activo-impregnado\/#primaryimage"},"image":{"@id":"https:\/\/www.carbonactivatedeurope.com\/es\/productos\/carbon-activo-impregnado\/#primaryimage"},"thumbnailUrl":"https:\/\/www.carbonactivatedeurope.com\/wp-content\/uploads\/2025\/04\/Impregnated-ac-1.webp","datePublished":"2022-11-24T21:12:16+00:00","dateModified":"2025-04-02T04:12:16+00:00","breadcrumb":{"@id":"https:\/\/www.carbonactivatedeurope.com\/es\/productos\/carbon-activo-impregnado\/#breadcrumb"},"inLanguage":"es","potentialAction":[{"@type":"ReadAction","target":["https:\/\/www.carbonactivatedeurope.com\/es\/productos\/carbon-activo-impregnado\/"]}]},{"@type":"ImageObject","inLanguage":"es","@id":"https:\/\/www.carbonactivatedeurope.com\/es\/productos\/carbon-activo-impregnado\/#primaryimage","url":"https:\/\/www.carbonactivatedeurope.com\/wp-content\/uploads\/2025\/04\/Impregnated-ac-1.webp","contentUrl":"https:\/\/www.carbonactivatedeurope.com\/wp-content\/uploads\/2025\/04\/Impregnated-ac-1.webp"},{"@type":"BreadcrumbList","@id":"https:\/\/www.carbonactivatedeurope.com\/es\/productos\/carbon-activo-impregnado\/#breadcrumb","itemListElement":[{"@type":"ListItem","position":1,"name":"Home","item":"https:\/\/18.130.195.253\/es\/"},{"@type":"ListItem","position":2,"name":"Productos","item":"https:\/\/www.carbonactivatedeurope.com\/es\/productos\/"},{"@type":"ListItem","position":3,"name":"Carb\u00f3n activado impregnado"}]},{"@type":"WebSite","@id":"https:\/\/www.carbonactivatedeurope.com\/es\/#website","url":"https:\/\/www.carbonactivatedeurope.com\/es\/","name":"Carbon Activated Europe","description":"","publisher":{"@id":"https:\/\/www.carbonactivatedeurope.com\/es\/#organization"},"potentialAction":[{"@type":"SearchAction","target":{"@type":"EntryPoint","urlTemplate":"https:\/\/www.carbonactivatedeurope.com\/es\/?s={search_term_string}"},"query-input":{"@type":"PropertyValueSpecification","valueRequired":true,"valueName":"search_term_string"}}],"inLanguage":"es"},{"@type":"Organization","@id":"https:\/\/www.carbonactivatedeurope.com\/es\/#organization","name":"Carbon Activated Europe","url":"https:\/\/www.carbonactivatedeurope.com\/es\/","logo":{"@type":"ImageObject","inLanguage":"es","@id":"https:\/\/www.carbonactivatedeurope.com\/es\/#\/schema\/logo\/image\/","url":"https:\/\/www.carbonactivatedeurope.com\/wp-content\/uploads\/2022\/07\/CAE-Logo-Blue.png","contentUrl":"https:\/\/www.carbonactivatedeurope.com\/wp-content\/uploads\/2022\/07\/CAE-Logo-Blue.png","width":554,"height":275,"caption":"Carbon Activated Europe"},"image":{"@id":"https:\/\/www.carbonactivatedeurope.com\/es\/#\/schema\/logo\/image\/"},"sameAs":["https:\/\/www.linkedin.com\/company\/carbon-activated-europe\/posts\/?feedView=all"]}]}},"_links":{"self":[{"href":"https:\/\/www.carbonactivatedeurope.com\/es\/wp-json\/wp\/v2\/pages\/9175","targetHints":{"allow":["GET"]}}],"collection":[{"href":"https:\/\/www.carbonactivatedeurope.com\/es\/wp-json\/wp\/v2\/pages"}],"about":[{"href":"https:\/\/www.carbonactivatedeurope.com\/es\/wp-json\/wp\/v2\/types\/page"}],"author":[{"embeddable":true,"href":"https:\/\/www.carbonactivatedeurope.com\/es\/wp-json\/wp\/v2\/users\/5"}],"replies":[{"embeddable":true,"href":"https:\/\/www.carbonactivatedeurope.com\/es\/wp-json\/wp\/v2\/comments?post=9175"}],"version-history":[{"count":8,"href":"https:\/\/www.carbonactivatedeurope.com\/es\/wp-json\/wp\/v2\/pages\/9175\/revisions"}],"predecessor-version":[{"id":16224,"href":"https:\/\/www.carbonactivatedeurope.com\/es\/wp-json\/wp\/v2\/pages\/9175\/revisions\/16224"}],"up":[{"embeddable":true,"href":"https:\/\/www.carbonactivatedeurope.com\/es\/wp-json\/wp\/v2\/pages\/13870"}],"wp:attachment":[{"href":"https:\/\/www.carbonactivatedeurope.com\/es\/wp-json\/wp\/v2\/media?parent=9175"}],"curies":[{"name":"wp","href":"https:\/\/api.w.org\/{rel}","templated":true}]}}