{"id":9001,"date":"2022-11-24T20:02:19","date_gmt":"2022-11-24T20:02:19","guid":{"rendered":"https:\/\/testing.carbonactivatedeurope.com\/produkte\/aktivkohle-in-pulverform\/"},"modified":"2025-04-01T15:48:05","modified_gmt":"2025-04-01T15:48:05","slug":"aktivkohle-in-pulverform","status":"publish","type":"page","link":"https:\/\/www.carbonactivatedeurope.com\/de\/produkte\/aktivkohle-in-pulverform\/","title":{"rendered":"Aktivkohle in Pulverform"},"content":{"rendered":"\t\t<div data-elementor-type=\"wp-post\" data-elementor-id=\"9001\" class=\"elementor elementor-9001 elementor-1947\">\n\t\t\t\t\t\t<section class=\"elementor-section elementor-top-section elementor-element elementor-element-39dabc18 elementor-section-content-middle elementor-section-boxed elementor-section-height-default elementor-section-height-default\" data-id=\"39dabc18\" data-element_type=\"section\" data-e-type=\"section\" data-settings=\"{&quot;background_background&quot;:&quot;classic&quot;}\">\n\t\t\t\t\t\t\t<div class=\"elementor-background-overlay\"><\/div>\n\t\t\t\t\t\t\t<div class=\"elementor-container elementor-column-gap-no\">\n\t\t\t\t\t<div class=\"elementor-column elementor-col-100 elementor-top-column elementor-element elementor-element-f60585f\" data-id=\"f60585f\" data-element_type=\"column\" data-e-type=\"column\">\n\t\t\t<div class=\"elementor-widget-wrap elementor-element-populated\">\n\t\t\t\t\t\t<div class=\"elementor-element elementor-element-438af913 elementor-invisible elementor-widget elementor-widget-heading\" data-id=\"438af913\" data-element_type=\"widget\" data-e-type=\"widget\" data-settings=\"{&quot;_animation&quot;:&quot;fadeIn&quot;}\" data-widget_type=\"heading.default\">\n\t\t\t\t<div class=\"elementor-widget-container\">\n\t\t\t\t\t<h1 class=\"elementor-heading-title elementor-size-default\">Aktivkohle in Pulverform (PAC)<\/h1>\t\t\t\t<\/div>\n\t\t\t\t<\/div>\n\t\t\t\t\t<\/div>\n\t\t<\/div>\n\t\t\t\t\t<\/div>\n\t\t<\/section>\n\t\t\t\t<section class=\"elementor-section elementor-top-section elementor-element elementor-element-679b8f4 elementor-section-boxed elementor-section-height-default elementor-section-height-default\" data-id=\"679b8f4\" data-element_type=\"section\" data-e-type=\"section\">\n\t\t\t\t\t\t<div class=\"elementor-container elementor-column-gap-default\">\n\t\t\t\t\t<div class=\"elementor-column elementor-col-100 elementor-top-column elementor-element elementor-element-e615981\" data-id=\"e615981\" data-element_type=\"column\" data-e-type=\"column\">\n\t\t\t<div class=\"elementor-widget-wrap elementor-element-populated\">\n\t\t\t\t\t\t<div class=\"elementor-element elementor-element-e1b0497 elementor-widget elementor-widget-text-editor\" data-id=\"e1b0497\" data-element_type=\"widget\" data-e-type=\"widget\" data-widget_type=\"text-editor.default\">\n\t\t\t\t<div class=\"elementor-widget-container\">\n\t\t\t\t\t\t\t\t\tAktivkohle in Pulverform (PAC) \u00e4hnelt der <a href=\"\/de\/produkte\/granulierte-aktivkohle\/\"><span style=\"font-size: 16px; font-style: normal; font-weight: 400;\">aktivkohle in <\/span> <span style=\"font-size: 16px; font-style: normal; font-weight: 400;\">Granulatform (GAC),<\/span><\/a><span style=\"font-size: 16px;\"> da sie ebenfalls aus hochwertigem Kohle-, Holz- oder Kokosnussschalen-Rohmaterial hergestellt wird.\u00a0<\/span>Die Partikelgr\u00f6\u00dfe von PAC liegt in der Regel unter der US-Standardkorngr\u00f6\u00dfe von 80, wodurch sie sich ideal f\u00fcr die Wasseraufbereitung eignet.\n<h4><strong>Unsere PAC ist eine zuverl\u00e4ssige, wirtschaftliche Wasseraufbereitungsoption f\u00fcr die Geschmacks- und Geruchskontrolle und die Entfernung organischer Verbindungen.<\/strong><\/h4>\nDie Verwendung von PAC ist wirtschaftlich und \u00f6kologisch vorteilhaft, da sie die Betriebskosten senkt, nur minimalen Abfallschlamm produziert, die Ressourcen schont und eine hervorragende Wasserqualit\u00e4t bietet.\u00a0<span style=\"font-style: inherit; font-weight: inherit; background-color: var(--ast-global-color-5); color: var(--ast-global-color-3);\">Wasseraufbereitungsanlagen k\u00f6nnen die PAC von Carbon Activated Europe entweder regelm\u00e4\u00dfig oder je nach saisonalem Bedarf zur Geschmacks-, Farb- und Geruchskontrolle oder zur Entfernung organischer Chemikalien einsetzen.\u00a0<\/span><span style=\"font-style: inherit; font-weight: inherit; background-color: var(--ast-global-color-5); color: var(--ast-global-color-3);\">Sie wird auch in Luftreinigungssysteme eingebaut, um fl\u00fcchtige Verbindungen und Schwermetalle wie Quecksilber zu adsorbieren. Unsere Aktivkohleprodukte werden h\u00e4ufig in der Lebensmittel- und Getr\u00e4nkeindustrie eingesetzt, da sie sich ideal f\u00fcr die Entfernung von unerw\u00fcnschten Farb-, Geschmacks- und Geruchsstoffen eignen. Aktivkohle in Pulverform ist wirksam bei der Beseitigung von Tr\u00fcbungen, Ger\u00fcchen und Entf\u00e4rbungen in Wein, bei der Ver\u00e4nderung des Biergeschmacks und bei der Reinigung und Entf\u00e4rbung von Gelatine. Sie wird auch bei der Reinigung und Qualit\u00e4tskontrolle verschiedener anderer Lebensmittel- und Getr\u00e4nkeprodukte eingesetzt.<\/span>\n\n<span style=\"font-style: inherit; font-weight: inherit; background-color: var(--ast-global-color-5); color: var(--ast-global-color-3);\">\u00a0<\/span>\t\t\t\t\t\t\t\t<\/div>\n\t\t\t\t<\/div>\n\t\t\t\t\t<\/div>\n\t\t<\/div>\n\t\t\t\t\t<\/div>\n\t\t<\/section>\n\t\t\t\t<section class=\"elementor-section elementor-top-section elementor-element elementor-element-203e4e4 elementor-section-boxed elementor-section-height-default elementor-section-height-default\" data-id=\"203e4e4\" data-element_type=\"section\" data-e-type=\"section\" data-settings=\"{&quot;background_background&quot;:&quot;classic&quot;}\">\n\t\t\t\t\t\t<div class=\"elementor-container elementor-column-gap-default\">\n\t\t\t\t\t<div class=\"elementor-column elementor-col-100 elementor-top-column elementor-element elementor-element-fc50a31\" data-id=\"fc50a31\" data-element_type=\"column\" data-e-type=\"column\">\n\t\t\t<div class=\"elementor-widget-wrap elementor-element-populated\">\n\t\t\t\t\t\t<div class=\"elementor-element elementor-element-afc6824 elementor-widget elementor-widget-heading\" data-id=\"afc6824\" data-element_type=\"widget\" data-e-type=\"widget\" data-widget_type=\"heading.default\">\n\t\t\t\t<div class=\"elementor-widget-container\">\n\t\t\t\t\t<h2 class=\"elementor-heading-title elementor-size-default\">Brosch\u00fcre lesen<\/h2>\t\t\t\t<\/div>\n\t\t\t\t<\/div>\n\t\t\t\t\t<\/div>\n\t\t<\/div>\n\t\t\t\t\t<\/div>\n\t\t<\/section>\n\t\t\t\t<section class=\"elementor-section elementor-top-section elementor-element elementor-element-1e9ab4d elementor-section-boxed elementor-section-height-default elementor-section-height-default\" data-id=\"1e9ab4d\" data-element_type=\"section\" data-e-type=\"section\" data-settings=\"{&quot;background_background&quot;:&quot;classic&quot;}\">\n\t\t\t\t\t\t<div class=\"elementor-container elementor-column-gap-default\">\n\t\t\t\t\t<div class=\"elementor-column elementor-col-33 elementor-top-column elementor-element elementor-element-92f6502\" data-id=\"92f6502\" data-element_type=\"column\" data-e-type=\"column\">\n\t\t\t<div class=\"elementor-widget-wrap elementor-element-populated\">\n\t\t\t\t\t\t<div class=\"elementor-element elementor-element-671c541 elementor-widget elementor-widget-text-editor\" data-id=\"671c541\" data-element_type=\"widget\" data-e-type=\"widget\" data-widget_type=\"text-editor.default\">\n\t\t\t\t<div class=\"elementor-widget-container\">\n\t\t\t\t\t\t\t\t\t<p><strong>Neben einer Reihe von spezifikationskonformen Filtergef\u00e4\u00dfen f\u00fcr Anwendungen in der Dampf- und Fl\u00fcssigphase bieten wir auch Aktivkohle und verschiedene andere Arten von Filtermedien an.<\/strong><\/p>\n<p><strong> <\/strong><\/p>\n<ul type=\"square\">\n<li>Aktivkohle-Austauschservice inklusive Lieferung von Filtermedien<\/li>\n<li>Lieferung und Installation von Fl\u00fcssigkeits- und Dampffiltersystemen<\/li>\n<li>spezialisiert auf kommunale Trinkwasser- und Abwasseraufbereitungsanlagen<\/li>\n<li>Geruchskontrolle<\/li>\n<li>fortschrittliche Materialhandhabungsger\u00e4te f\u00fcr den Austauschservice<\/li>\n<li>Leistungsgarantien und \u00fcberragende Durchlaufzeit<\/li>\n<li>Entsorgung von gef\u00e4hrlicher und ungef\u00e4hrlicher verbrauchter Aktivkohle<\/li>\n<li>Regenerierung verbrauchter Aktivkohle<\/li>\n<li>Zerkleinerung und Siebung von Aktivkohle zur Erf\u00fcllung der Gr\u00f6\u00dfenanforderungen<\/li>\n<li>kostenloser technischer Support<\/li>\n<li>Labortests auf alle Parameter<\/li>\n<li>Berichte zur Berechnung der Aktivkohlebelastung zur Bestimmung der Standzeit von Aktivkohle<\/li>\n<\/ul>\n\t\t\t\t\t\t\t\t<\/div>\n\t\t\t\t<\/div>\n\t\t\t\t\t<\/div>\n\t\t<\/div>\n\t\t\t\t<div class=\"elementor-column elementor-col-66 elementor-top-column elementor-element elementor-element-9eec7cb\" data-id=\"9eec7cb\" data-element_type=\"column\" data-e-type=\"column\">\n\t\t\t<div class=\"elementor-widget-wrap elementor-element-populated\">\n\t\t\t\t\t\t<div class=\"elementor-element elementor-element-097bb46 elementor-widget elementor-widget-image\" data-id=\"097bb46\" data-element_type=\"widget\" data-e-type=\"widget\" data-widget_type=\"image.default\">\n\t\t\t\t<div class=\"elementor-widget-container\">\n\t\t\t\t\t\t\t\t\t\t\t\t\t\t\t\t<a href=\"\/wp-content\/uploads\/2022\/08\/Carbon-Brochure_single-pages_ENG-1.pdf\">\n\t\t\t\t\t\t\t<img fetchpriority=\"high\" decoding=\"async\" width=\"487\" height=\"691\" src=\"https:\/\/www.carbonactivatedeurope.com\/wp-content\/uploads\/2025\/04\/CAE-Brochure-Image.webp\" class=\"attachment-large size-large wp-image-15378\" alt=\"\" srcset=\"https:\/\/www.carbonactivatedeurope.com\/wp-content\/uploads\/2025\/04\/CAE-Brochure-Image.webp 487w, https:\/\/www.carbonactivatedeurope.com\/wp-content\/uploads\/2025\/04\/CAE-Brochure-Image-211x300.webp 211w\" sizes=\"(max-width: 487px) 100vw, 487px\" \/>\t\t\t\t\t\t\t\t<\/a>\n\t\t\t\t\t\t\t\t\t\t\t\t\t\t\t<\/div>\n\t\t\t\t<\/div>\n\t\t\t\t\t<\/div>\n\t\t<\/div>\n\t\t\t\t\t<\/div>\n\t\t<\/section>\n\t\t\t\t<section class=\"elementor-section elementor-top-section elementor-element elementor-element-09b8d96 elementor-section-boxed elementor-section-height-default elementor-section-height-default\" data-id=\"09b8d96\" data-element_type=\"section\" data-e-type=\"section\" data-settings=\"{&quot;background_background&quot;:&quot;classic&quot;}\">\n\t\t\t\t\t\t<div class=\"elementor-container elementor-column-gap-default\">\n\t\t\t\t\t<div class=\"elementor-column elementor-col-100 elementor-top-column elementor-element elementor-element-ec8a304\" data-id=\"ec8a304\" data-element_type=\"column\" data-e-type=\"column\">\n\t\t\t<div class=\"elementor-widget-wrap elementor-element-populated\">\n\t\t\t\t\t\t<div class=\"elementor-element elementor-element-7840a55 elementor-align-center elementor-invisible elementor-widget elementor-widget-button\" data-id=\"7840a55\" data-element_type=\"widget\" data-e-type=\"widget\" data-settings=\"{&quot;_animation&quot;:&quot;bounce&quot;}\" data-widget_type=\"button.default\">\n\t\t\t\t<div class=\"elementor-widget-container\">\n\t\t\t\t\t\t\t\t\t<div class=\"elementor-button-wrapper\">\n\t\t\t\t\t<a class=\"elementor-button elementor-button-link elementor-size-md\" href=\"\/wp-content\/uploads\/2022\/08\/Carbon-Brochure_single-pages_ENG-1.pdf\">\n\t\t\t\t\t\t<span class=\"elementor-button-content-wrapper\">\n\t\t\t\t\t\t\t\t\t<span class=\"elementor-button-text\">Brosch\u00fcre anzeigen<\/span>\n\t\t\t\t\t<\/span>\n\t\t\t\t\t<\/a>\n\t\t\t\t<\/div>\n\t\t\t\t\t\t\t\t<\/div>\n\t\t\t\t<\/div>\n\t\t\t\t\t<\/div>\n\t\t<\/div>\n\t\t\t\t\t<\/div>\n\t\t<\/section>\n\t\t\t\t<\/div>\n\t\t","protected":false},"excerpt":{"rendered":"<p>Aktivkohle in Pulverform (PAC) Aktivkohle in Pulverform (PAC) \u00e4hnelt der aktivkohle in Granulatform (GAC), da sie ebenfalls aus hochwertigem Kohle-, Holz- oder Kokosnussschalen-Rohmaterial hergestellt wird.\u00a0Die Partikelgr\u00f6\u00dfe von PAC liegt in der Regel unter der US-Standardkorngr\u00f6\u00dfe von 80, wodurch sie sich ideal f\u00fcr die Wasseraufbereitung eignet. Unsere PAC ist eine zuverl\u00e4ssige, wirtschaftliche Wasseraufbereitungsoption f\u00fcr die Geschmacks- [&hellip;]<\/p>\n","protected":false},"author":5,"featured_media":0,"parent":13868,"menu_order":0,"comment_status":"closed","ping_status":"closed","template":"","meta":{"_monsterinsights_skip_tracking":false,"_monsterinsights_sitenote_active":false,"_monsterinsights_sitenote_note":"","_monsterinsights_sitenote_category":0,"site-sidebar-layout":"no-sidebar","site-content-layout":"page-builder","ast-site-content-layout":"full-width-container","site-content-style":"unboxed","site-sidebar-style":"unboxed","ast-global-header-display":"","ast-banner-title-visibility":"","ast-main-header-display":"","ast-hfb-above-header-display":"","ast-hfb-below-header-display":"","ast-hfb-mobile-header-display":"","site-post-title":"disabled","ast-breadcrumbs-content":"","ast-featured-img":"disabled","footer-sml-layout":"","theme-transparent-header-meta":"enabled","adv-header-id-meta":"","stick-header-meta":"","header-above-stick-meta":"","header-main-stick-meta":"","header-below-stick-meta":"","astra-migrate-meta-layouts":"default","ast-page-background-enabled":"default","ast-page-background-meta":{"desktop":{"background-color":"","background-image":"","background-repeat":"repeat","background-position":"center center","background-size":"auto","background-attachment":"scroll","background-type":"","background-media":"","overlay-type":"","overlay-color":"","overlay-gradient":""},"tablet":{"background-color":"","background-image":"","background-repeat":"repeat","background-position":"center center","background-size":"auto","background-attachment":"scroll","background-type":"","background-media":"","overlay-type":"","overlay-color":"","overlay-gradient":""},"mobile":{"background-color":"","background-image":"","background-repeat":"repeat","background-position":"center center","background-size":"auto","background-attachment":"scroll","background-type":"","background-media":"","overlay-type":"","overlay-color":"","overlay-gradient":""}},"ast-content-background-meta":{"desktop":{"background-color":"var(--ast-global-color-5)","background-image":"","background-repeat":"repeat","background-position":"center center","background-size":"auto","background-attachment":"scroll","background-type":"","background-media":"","overlay-type":"","overlay-color":"","overlay-gradient":""},"tablet":{"background-color":"var(--ast-global-color-5)","background-image":"","background-repeat":"repeat","background-position":"center center","background-size":"auto","background-attachment":"scroll","background-type":"","background-media":"","overlay-type":"","overlay-color":"","overlay-gradient":""},"mobile":{"background-color":"var(--ast-global-color-5)","background-image":"","background-repeat":"repeat","background-position":"center center","background-size":"auto","background-attachment":"scroll","background-type":"","background-media":"","overlay-type":"","overlay-color":"","overlay-gradient":""}},"footnotes":""},"class_list":["post-9001","page","type-page","status-publish","hentry"],"yoast_head":"<!-- This site is optimized with the Yoast SEO plugin v26.9 - https:\/\/yoast.com\/product\/yoast-seo-wordpress\/ -->\n<title>Aktivkohle in Pulverform - Carbon Activated Europe<\/title>\n<meta name=\"robots\" content=\"index, follow, max-snippet:-1, max-image-preview:large, max-video-preview:-1\" \/>\n<link rel=\"canonical\" href=\"https:\/\/www.carbonactivatedeurope.com\/de\/produkte\/aktivkohle-in-pulverform\/\" \/>\n<meta property=\"og:locale\" content=\"de_DE\" \/>\n<meta property=\"og:type\" content=\"article\" \/>\n<meta property=\"og:title\" content=\"Aktivkohle in Pulverform - Carbon Activated Europe\" \/>\n<meta property=\"og:description\" content=\"Aktivkohle in Pulverform (PAC) Aktivkohle in Pulverform (PAC) \u00e4hnelt der aktivkohle in Granulatform (GAC), da sie ebenfalls aus hochwertigem Kohle-, Holz- oder Kokosnussschalen-Rohmaterial hergestellt wird.\u00a0Die Partikelgr\u00f6\u00dfe von PAC liegt in der Regel unter der US-Standardkorngr\u00f6\u00dfe von 80, wodurch sie sich ideal f\u00fcr die Wasseraufbereitung eignet. Unsere PAC ist eine zuverl\u00e4ssige, wirtschaftliche Wasseraufbereitungsoption f\u00fcr die Geschmacks- [&hellip;]\" \/>\n<meta property=\"og:url\" content=\"https:\/\/www.carbonactivatedeurope.com\/de\/produkte\/aktivkohle-in-pulverform\/\" \/>\n<meta property=\"og:site_name\" content=\"Carbon Activated Europe\" \/>\n<meta property=\"article:modified_time\" content=\"2025-04-01T15:48:05+00:00\" \/>\n<meta property=\"og:image\" content=\"https:\/\/www.carbonactivatedeurope.com\/wp-content\/uploads\/2025\/04\/CAE-Brochure-Image.webp\" \/>\n<meta name=\"twitter:card\" content=\"summary_large_image\" \/>\n<meta name=\"twitter:label1\" content=\"Gesch\u00e4tzte Lesezeit\" \/>\n\t<meta name=\"twitter:data1\" content=\"2\u00a0Minuten\" \/>\n<script type=\"application\/ld+json\" class=\"yoast-schema-graph\">{\"@context\":\"https:\/\/schema.org\",\"@graph\":[{\"@type\":\"WebPage\",\"@id\":\"https:\/\/www.carbonactivatedeurope.com\/de\/produkte\/aktivkohle-in-pulverform\/\",\"url\":\"https:\/\/www.carbonactivatedeurope.com\/de\/produkte\/aktivkohle-in-pulverform\/\",\"name\":\"Aktivkohle in Pulverform - Carbon Activated Europe\",\"isPartOf\":{\"@id\":\"https:\/\/www.carbonactivatedeurope.com\/de\/#website\"},\"primaryImageOfPage\":{\"@id\":\"https:\/\/www.carbonactivatedeurope.com\/de\/produkte\/aktivkohle-in-pulverform\/#primaryimage\"},\"image\":{\"@id\":\"https:\/\/www.carbonactivatedeurope.com\/de\/produkte\/aktivkohle-in-pulverform\/#primaryimage\"},\"thumbnailUrl\":\"https:\/\/www.carbonactivatedeurope.com\/wp-content\/uploads\/2025\/04\/CAE-Brochure-Image.webp\",\"datePublished\":\"2022-11-24T20:02:19+00:00\",\"dateModified\":\"2025-04-01T15:48:05+00:00\",\"breadcrumb\":{\"@id\":\"https:\/\/www.carbonactivatedeurope.com\/de\/produkte\/aktivkohle-in-pulverform\/#breadcrumb\"},\"inLanguage\":\"de\",\"potentialAction\":[{\"@type\":\"ReadAction\",\"target\":[\"https:\/\/www.carbonactivatedeurope.com\/de\/produkte\/aktivkohle-in-pulverform\/\"]}]},{\"@type\":\"ImageObject\",\"inLanguage\":\"de\",\"@id\":\"https:\/\/www.carbonactivatedeurope.com\/de\/produkte\/aktivkohle-in-pulverform\/#primaryimage\",\"url\":\"https:\/\/www.carbonactivatedeurope.com\/wp-content\/uploads\/2025\/04\/CAE-Brochure-Image.webp\",\"contentUrl\":\"https:\/\/www.carbonactivatedeurope.com\/wp-content\/uploads\/2025\/04\/CAE-Brochure-Image.webp\"},{\"@type\":\"BreadcrumbList\",\"@id\":\"https:\/\/www.carbonactivatedeurope.com\/de\/produkte\/aktivkohle-in-pulverform\/#breadcrumb\",\"itemListElement\":[{\"@type\":\"ListItem\",\"position\":1,\"name\":\"Home\",\"item\":\"https:\/\/www.carbonactivatedeurope.com\/de\/\"},{\"@type\":\"ListItem\",\"position\":2,\"name\":\"Produkte\",\"item\":\"https:\/\/www.carbonactivatedeurope.com\/de\/produkte\/\"},{\"@type\":\"ListItem\",\"position\":3,\"name\":\"Aktivkohle in Pulverform\"}]},{\"@type\":\"WebSite\",\"@id\":\"https:\/\/www.carbonactivatedeurope.com\/de\/#website\",\"url\":\"https:\/\/www.carbonactivatedeurope.com\/de\/\",\"name\":\"Carbon Activated Europe\",\"description\":\"\",\"publisher\":{\"@id\":\"https:\/\/www.carbonactivatedeurope.com\/de\/#organization\"},\"potentialAction\":[{\"@type\":\"SearchAction\",\"target\":{\"@type\":\"EntryPoint\",\"urlTemplate\":\"https:\/\/www.carbonactivatedeurope.com\/de\/?s={search_term_string}\"},\"query-input\":{\"@type\":\"PropertyValueSpecification\",\"valueRequired\":true,\"valueName\":\"search_term_string\"}}],\"inLanguage\":\"de\"},{\"@type\":\"Organization\",\"@id\":\"https:\/\/www.carbonactivatedeurope.com\/de\/#organization\",\"name\":\"Carbon Activated Europe\",\"url\":\"https:\/\/www.carbonactivatedeurope.com\/de\/\",\"logo\":{\"@type\":\"ImageObject\",\"inLanguage\":\"de\",\"@id\":\"https:\/\/www.carbonactivatedeurope.com\/de\/#\/schema\/logo\/image\/\",\"url\":\"https:\/\/www.carbonactivatedeurope.com\/wp-content\/uploads\/2022\/07\/CAE-Logo-Blue.png\",\"contentUrl\":\"https:\/\/www.carbonactivatedeurope.com\/wp-content\/uploads\/2022\/07\/CAE-Logo-Blue.png\",\"width\":554,\"height\":275,\"caption\":\"Carbon Activated Europe\"},\"image\":{\"@id\":\"https:\/\/www.carbonactivatedeurope.com\/de\/#\/schema\/logo\/image\/\"},\"sameAs\":[\"https:\/\/www.linkedin.com\/company\/carbon-activated-europe\/posts\/?feedView=all\"]}]}<\/script>\n<!-- \/ Yoast SEO plugin. -->","yoast_head_json":{"title":"Aktivkohle in Pulverform - Carbon Activated Europe","robots":{"index":"index","follow":"follow","max-snippet":"max-snippet:-1","max-image-preview":"max-image-preview:large","max-video-preview":"max-video-preview:-1"},"canonical":"https:\/\/www.carbonactivatedeurope.com\/de\/produkte\/aktivkohle-in-pulverform\/","og_locale":"de_DE","og_type":"article","og_title":"Aktivkohle in Pulverform - Carbon Activated Europe","og_description":"Aktivkohle in Pulverform (PAC) Aktivkohle in Pulverform (PAC) \u00e4hnelt der aktivkohle in Granulatform (GAC), da sie ebenfalls aus hochwertigem Kohle-, Holz- oder Kokosnussschalen-Rohmaterial hergestellt wird.\u00a0Die Partikelgr\u00f6\u00dfe von PAC liegt in der Regel unter der US-Standardkorngr\u00f6\u00dfe von 80, wodurch sie sich ideal f\u00fcr die Wasseraufbereitung eignet. Unsere PAC ist eine zuverl\u00e4ssige, wirtschaftliche Wasseraufbereitungsoption f\u00fcr die Geschmacks- [&hellip;]","og_url":"https:\/\/www.carbonactivatedeurope.com\/de\/produkte\/aktivkohle-in-pulverform\/","og_site_name":"Carbon Activated Europe","article_modified_time":"2025-04-01T15:48:05+00:00","og_image":[{"url":"https:\/\/www.carbonactivatedeurope.com\/wp-content\/uploads\/2025\/04\/CAE-Brochure-Image.webp","type":"","width":"","height":""}],"twitter_card":"summary_large_image","twitter_misc":{"Gesch\u00e4tzte Lesezeit":"2\u00a0Minuten"},"schema":{"@context":"https:\/\/schema.org","@graph":[{"@type":"WebPage","@id":"https:\/\/www.carbonactivatedeurope.com\/de\/produkte\/aktivkohle-in-pulverform\/","url":"https:\/\/www.carbonactivatedeurope.com\/de\/produkte\/aktivkohle-in-pulverform\/","name":"Aktivkohle in Pulverform - Carbon Activated Europe","isPartOf":{"@id":"https:\/\/www.carbonactivatedeurope.com\/de\/#website"},"primaryImageOfPage":{"@id":"https:\/\/www.carbonactivatedeurope.com\/de\/produkte\/aktivkohle-in-pulverform\/#primaryimage"},"image":{"@id":"https:\/\/www.carbonactivatedeurope.com\/de\/produkte\/aktivkohle-in-pulverform\/#primaryimage"},"thumbnailUrl":"https:\/\/www.carbonactivatedeurope.com\/wp-content\/uploads\/2025\/04\/CAE-Brochure-Image.webp","datePublished":"2022-11-24T20:02:19+00:00","dateModified":"2025-04-01T15:48:05+00:00","breadcrumb":{"@id":"https:\/\/www.carbonactivatedeurope.com\/de\/produkte\/aktivkohle-in-pulverform\/#breadcrumb"},"inLanguage":"de","potentialAction":[{"@type":"ReadAction","target":["https:\/\/www.carbonactivatedeurope.com\/de\/produkte\/aktivkohle-in-pulverform\/"]}]},{"@type":"ImageObject","inLanguage":"de","@id":"https:\/\/www.carbonactivatedeurope.com\/de\/produkte\/aktivkohle-in-pulverform\/#primaryimage","url":"https:\/\/www.carbonactivatedeurope.com\/wp-content\/uploads\/2025\/04\/CAE-Brochure-Image.webp","contentUrl":"https:\/\/www.carbonactivatedeurope.com\/wp-content\/uploads\/2025\/04\/CAE-Brochure-Image.webp"},{"@type":"BreadcrumbList","@id":"https:\/\/www.carbonactivatedeurope.com\/de\/produkte\/aktivkohle-in-pulverform\/#breadcrumb","itemListElement":[{"@type":"ListItem","position":1,"name":"Home","item":"https:\/\/www.carbonactivatedeurope.com\/de\/"},{"@type":"ListItem","position":2,"name":"Produkte","item":"https:\/\/www.carbonactivatedeurope.com\/de\/produkte\/"},{"@type":"ListItem","position":3,"name":"Aktivkohle in Pulverform"}]},{"@type":"WebSite","@id":"https:\/\/www.carbonactivatedeurope.com\/de\/#website","url":"https:\/\/www.carbonactivatedeurope.com\/de\/","name":"Carbon Activated Europe","description":"","publisher":{"@id":"https:\/\/www.carbonactivatedeurope.com\/de\/#organization"},"potentialAction":[{"@type":"SearchAction","target":{"@type":"EntryPoint","urlTemplate":"https:\/\/www.carbonactivatedeurope.com\/de\/?s={search_term_string}"},"query-input":{"@type":"PropertyValueSpecification","valueRequired":true,"valueName":"search_term_string"}}],"inLanguage":"de"},{"@type":"Organization","@id":"https:\/\/www.carbonactivatedeurope.com\/de\/#organization","name":"Carbon Activated Europe","url":"https:\/\/www.carbonactivatedeurope.com\/de\/","logo":{"@type":"ImageObject","inLanguage":"de","@id":"https:\/\/www.carbonactivatedeurope.com\/de\/#\/schema\/logo\/image\/","url":"https:\/\/www.carbonactivatedeurope.com\/wp-content\/uploads\/2022\/07\/CAE-Logo-Blue.png","contentUrl":"https:\/\/www.carbonactivatedeurope.com\/wp-content\/uploads\/2022\/07\/CAE-Logo-Blue.png","width":554,"height":275,"caption":"Carbon Activated Europe"},"image":{"@id":"https:\/\/www.carbonactivatedeurope.com\/de\/#\/schema\/logo\/image\/"},"sameAs":["https:\/\/www.linkedin.com\/company\/carbon-activated-europe\/posts\/?feedView=all"]}]}},"_links":{"self":[{"href":"https:\/\/www.carbonactivatedeurope.com\/de\/wp-json\/wp\/v2\/pages\/9001","targetHints":{"allow":["GET"]}}],"collection":[{"href":"https:\/\/www.carbonactivatedeurope.com\/de\/wp-json\/wp\/v2\/pages"}],"about":[{"href":"https:\/\/www.carbonactivatedeurope.com\/de\/wp-json\/wp\/v2\/types\/page"}],"author":[{"embeddable":true,"href":"https:\/\/www.carbonactivatedeurope.com\/de\/wp-json\/wp\/v2\/users\/5"}],"replies":[{"embeddable":true,"href":"https:\/\/www.carbonactivatedeurope.com\/de\/wp-json\/wp\/v2\/comments?post=9001"}],"version-history":[{"count":8,"href":"https:\/\/www.carbonactivatedeurope.com\/de\/wp-json\/wp\/v2\/pages\/9001\/revisions"}],"predecessor-version":[{"id":15993,"href":"https:\/\/www.carbonactivatedeurope.com\/de\/wp-json\/wp\/v2\/pages\/9001\/revisions\/15993"}],"up":[{"embeddable":true,"href":"https:\/\/www.carbonactivatedeurope.com\/de\/wp-json\/wp\/v2\/pages\/13868"}],"wp:attachment":[{"href":"https:\/\/www.carbonactivatedeurope.com\/de\/wp-json\/wp\/v2\/media?parent=9001"}],"curies":[{"name":"wp","href":"https:\/\/api.w.org\/{rel}","templated":true}]}}