{"id":8825,"date":"2022-11-17T21:30:48","date_gmt":"2022-11-17T21:30:48","guid":{"rendered":"https:\/\/testing.carbonactivatedeurope.com\/nachhaltigkeit\/"},"modified":"2025-04-01T16:21:40","modified_gmt":"2025-04-01T16:21:40","slug":"nachhaltigkeit","status":"publish","type":"page","link":"https:\/\/www.carbonactivatedeurope.com\/de\/nachhaltigkeit\/","title":{"rendered":"Nachhaltigkeit"},"content":{"rendered":"\t\t<div data-elementor-type=\"wp-post\" data-elementor-id=\"8825\" class=\"elementor elementor-8825 elementor-1842\">\n\t\t\t\t\t\t<section class=\"elementor-section elementor-top-section elementor-element elementor-element-1b5d768b elementor-section-content-middle elementor-section-boxed elementor-section-height-default elementor-section-height-default\" data-id=\"1b5d768b\" data-element_type=\"section\" data-e-type=\"section\" data-settings=\"{&quot;background_background&quot;:&quot;classic&quot;}\">\n\t\t\t\t\t\t\t<div class=\"elementor-background-overlay\"><\/div>\n\t\t\t\t\t\t\t<div class=\"elementor-container elementor-column-gap-no\">\n\t\t\t\t\t<div class=\"elementor-column elementor-col-100 elementor-top-column elementor-element elementor-element-1608c15b\" data-id=\"1608c15b\" data-element_type=\"column\" data-e-type=\"column\">\n\t\t\t<div class=\"elementor-widget-wrap elementor-element-populated\">\n\t\t\t\t\t\t<div class=\"elementor-element elementor-element-321a34b8 elementor-widget elementor-widget-heading\" data-id=\"321a34b8\" data-element_type=\"widget\" data-e-type=\"widget\" data-widget_type=\"heading.default\">\n\t\t\t\t<div class=\"elementor-widget-container\">\n\t\t\t\t\t<h1 class=\"elementor-heading-title elementor-size-default\">Erkl\u00e4rung zur Nachhaltigkeit<\/h1>\t\t\t\t<\/div>\n\t\t\t\t<\/div>\n\t\t\t\t\t<\/div>\n\t\t<\/div>\n\t\t\t\t\t<\/div>\n\t\t<\/section>\n\t\t\t\t<section class=\"elementor-section elementor-top-section elementor-element elementor-element-296422c elementor-section-boxed elementor-section-height-default elementor-section-height-default\" data-id=\"296422c\" data-element_type=\"section\" data-e-type=\"section\">\n\t\t\t\t\t\t<div class=\"elementor-container elementor-column-gap-default\">\n\t\t\t\t\t<div class=\"elementor-column elementor-col-100 elementor-top-column elementor-element elementor-element-7f500b3\" data-id=\"7f500b3\" data-element_type=\"column\" data-e-type=\"column\">\n\t\t\t<div class=\"elementor-widget-wrap elementor-element-populated\">\n\t\t\t\t\t\t<div class=\"elementor-element elementor-element-9cd7d84 elementor-widget elementor-widget-text-editor\" data-id=\"9cd7d84\" data-element_type=\"widget\" data-e-type=\"widget\" data-widget_type=\"text-editor.default\">\n\t\t\t\t<div class=\"elementor-widget-container\">\n\t\t\t\t\t\t\t\t\t<h4>Wir wollen als Unternehmen immer nachhaltiger werden und so die klare F\u00fchrungsposition in unserer Branche einnehmen. Wir laden Sie herzlich ein, uns auf diesem Weg zu mehr Nachhaltigkeit zu begleiten.<\/h4>\n<p>Wie alle pflichtbewussten Unternehmen sind wir davon \u00fcberzeugt, dass wir der Gesellschaft und der ganzen Welt gegen\u00fcber Verantwortung tragen.&nbsp;&nbsp;<span style=\"background-color: var(--ast-global-color-5); color: var(--ast-global-color-3); font-style: inherit; font-weight: inherit;\">Im Mittelpunkt dieser \u00dcberzeugung steht der Wunsch, unseren Kindern eine bessere und nachhaltigere Welt zu hinterlassen als die,&nbsp;<\/span><span style=\"font-style: inherit; font-weight: inherit; background-color: var(--ast-global-color-5); color: var(--ast-global-color-3);\">die wir heute bewohnen. Dieses Ziel k\u00f6nnen wir nur durch verantwortliches Handeln erreichen. Deshalb sind wir sicher:&nbsp;<\/span><span style=\"font-style: inherit; font-weight: inherit; background-color: var(--ast-global-color-5); color: var(--ast-global-color-3);\">Ohne eine sorgf\u00e4ltige Planung sind alle unternehmerischen Bem\u00fchungen um eine wirklich nachhaltige Zukunft von vornherein zum Scheitern verurteilt.&nbsp;<\/span><span style=\"font-style: inherit; font-weight: inherit; background-color: var(--ast-global-color-5); color: var(--ast-global-color-3);\">Deshalb geben wir gegen\u00fcber unseren Kunden und den Gemeinden, in denen unsere Produkte hergestellt werden, unseren Lieferkettenpartnern und unseren Mitarbeitern,&nbsp;<\/span><span style=\"font-style: inherit; font-weight: inherit; background-color: var(--ast-global-color-5); color: var(--ast-global-color-3);\">die bei Carbon Activated jeden Tag Gro\u00dfartiges bewirken, folgendes Versprechen in Bezug auf unsere Produkte und ihre Anwendung:<\/span><\/p>\t\t\t\t\t\t\t\t<\/div>\n\t\t\t\t<\/div>\n\t\t\t\t\t<\/div>\n\t\t<\/div>\n\t\t\t\t\t<\/div>\n\t\t<\/section>\n\t\t\t\t<section class=\"elementor-section elementor-top-section elementor-element elementor-element-2366518 elementor-section-boxed elementor-section-height-default elementor-section-height-default\" data-id=\"2366518\" data-element_type=\"section\" data-e-type=\"section\" data-settings=\"{&quot;background_background&quot;:&quot;classic&quot;}\">\n\t\t\t\t\t\t<div class=\"elementor-container elementor-column-gap-default\">\n\t\t\t\t\t<div class=\"elementor-column elementor-col-100 elementor-top-column elementor-element elementor-element-91dfa23\" data-id=\"91dfa23\" data-element_type=\"column\" data-e-type=\"column\">\n\t\t\t<div class=\"elementor-widget-wrap elementor-element-populated\">\n\t\t\t\t\t\t<div class=\"elementor-element elementor-element-1178322 elementor-widget elementor-widget-text-editor\" data-id=\"1178322\" data-element_type=\"widget\" data-e-type=\"widget\" data-widget_type=\"text-editor.default\">\n\t\t\t\t<div class=\"elementor-widget-container\">\n\t\t\t\t\t\t\t\t\tWir leisten durch konkrete Aktivit\u00e4ten einen Beitrag zu einer nachhaltigen Welt, indem wir etwa die Verantwortung f\u00fcr die Verringerung der\nUmweltauswirkungen unserer T\u00e4tigkeit \u00fcbernehmen und bei unseren Produkten und Serviceleistungen Innovationen entwickeln, die die Zukunft sichern und\nnachhaltigere L\u00f6sungen f\u00fcr unsere Kunden darstellen. Wir k\u00fcmmern uns um unsere Mitarbeiter, indem wir ein sicheres Arbeitsumfeld\nf\u00fcr sie und auch f\u00fcr die Bewohner der Gebiete, in denen wir t\u00e4tig sind, schaffen und erhalten. Dies wiederum sorgt daf\u00fcr, dass wir als Unternehmen langfristig funktionieren und hervorragende Leistungen erbringen k\u00f6nnen.<br>\n\nAls Unternehmen m\u00fcssen wir vieles ber\u00fccksichtigen und wollen dies f\u00fcr jeden Aspekt unseres Gesch\u00e4fts tun. Wir erheben nicht den Anspruch, alle\nL\u00f6sungen zu haben; vielmehr ist dies ein Weg und beginnt wie jeder Weg mit einem ersten Schritt. Indem wir aussagekr\u00e4ftige KPIs festlegen und\nuns nachhaltig auf Menschen, Prozesse und die Erde konzentrieren, sichern wir langfristig unseren zuk\u00fcnftigen Wohlstand und den unserer Kunden und Mitarbeiter.\t\t\t\t\t\t\t\t<\/div>\n\t\t\t\t<\/div>\n\t\t\t\t\t<\/div>\n\t\t<\/div>\n\t\t\t\t\t<\/div>\n\t\t<\/section>\n\t\t\t\t<section class=\"elementor-section elementor-top-section elementor-element elementor-element-50694df elementor-section-boxed elementor-section-height-default elementor-section-height-default\" data-id=\"50694df\" data-element_type=\"section\" data-e-type=\"section\">\n\t\t\t\t\t\t<div class=\"elementor-container elementor-column-gap-default\">\n\t\t\t\t\t<div class=\"elementor-column elementor-col-100 elementor-top-column elementor-element elementor-element-55058cd\" data-id=\"55058cd\" data-element_type=\"column\" data-e-type=\"column\">\n\t\t\t<div class=\"elementor-widget-wrap elementor-element-populated\">\n\t\t\t\t\t\t<div class=\"elementor-element elementor-element-100d25d elementor-widget elementor-widget-heading\" data-id=\"100d25d\" data-element_type=\"widget\" data-e-type=\"widget\" data-widget_type=\"heading.default\">\n\t\t\t\t<div class=\"elementor-widget-container\">\n\t\t\t\t\t<h2 class=\"elementor-heading-title elementor-size-default\">Carbon Activated hat sich voll und ganz der Einhaltung seines Nachhaltigkeitsversprechens verschrieben. Helfen Sie uns dabei, die Welt zu einem besseren Ort zu machen. <\/h2>\t\t\t\t<\/div>\n\t\t\t\t<\/div>\n\t\t\t\t\t<\/div>\n\t\t<\/div>\n\t\t\t\t\t<\/div>\n\t\t<\/section>\n\t\t\t\t<section class=\"elementor-section elementor-top-section elementor-element elementor-element-0be67f0 elementor-section-boxed elementor-section-height-default elementor-section-height-default\" data-id=\"0be67f0\" data-element_type=\"section\" data-e-type=\"section\">\n\t\t\t\t\t\t<div class=\"elementor-container elementor-column-gap-default\">\n\t\t\t\t\t<div class=\"elementor-column elementor-col-50 elementor-top-column elementor-element elementor-element-5f6a474\" data-id=\"5f6a474\" data-element_type=\"column\" data-e-type=\"column\">\n\t\t\t<div class=\"elementor-widget-wrap elementor-element-populated\">\n\t\t\t\t\t\t<div class=\"elementor-element elementor-element-497167d elementor-widget elementor-widget-text-editor\" data-id=\"497167d\" data-element_type=\"widget\" data-e-type=\"widget\" data-widget_type=\"text-editor.default\">\n\t\t\t\t<div class=\"elementor-widget-container\">\n\t\t\t\t\t\t\t\t\t<h3><strong>Erfolge und Ziele im Bereich Nachhaltigkeit<\/strong><\/h3><p><strong><em>Menschen<\/em><\/strong><br \/><strong>\u2022 4 Brandschutz\u00fcbungen pro Jahr an den Standorten<\/strong><br \/><strong>\u2022 Zugang zu Schulungsprogrammen<\/strong><br \/><strong>\u2022 mehr als 30 Stunden Sicherheitsschulungen f\u00fcr jeden<\/strong><br \/><strong>Mitarbeiter<\/strong><\/p><p><strong><em>Prozesse<\/em><\/strong><br \/><strong>\u2022 Erreichen des ISO-14001-Niveaus<\/strong><br \/><strong>\u2022 Umweltbeauftragte vor Ort<\/strong><\/p><p><strong><em>Erde<\/em><\/strong><br \/><strong>\u2022 Ecovardis-Nachhaltigkeitszertifizierung<\/strong><br \/><strong>\u2022 Gewicht des recycelten Papiers<\/strong><\/p>\t\t\t\t\t\t\t\t<\/div>\n\t\t\t\t<\/div>\n\t\t\t\t\t<\/div>\n\t\t<\/div>\n\t\t\t\t<div class=\"elementor-column elementor-col-50 elementor-top-column elementor-element elementor-element-08bbbe7\" data-id=\"08bbbe7\" data-element_type=\"column\" data-e-type=\"column\">\n\t\t\t<div class=\"elementor-widget-wrap elementor-element-populated\">\n\t\t\t\t\t\t<div class=\"elementor-element elementor-element-13edff1 elementor-widget elementor-widget-image\" data-id=\"13edff1\" data-element_type=\"widget\" data-e-type=\"widget\" data-widget_type=\"image.default\">\n\t\t\t\t<div class=\"elementor-widget-container\">\n\t\t\t\t\t\t\t\t\t\t\t\t\t\t\t<img fetchpriority=\"high\" decoding=\"async\" width=\"668\" height=\"444\" src=\"https:\/\/www.carbonactivatedeurope.com\/wp-content\/uploads\/2025\/04\/mission-image-home.webp\" class=\"attachment-large size-large wp-image-15326\" alt=\"\" srcset=\"https:\/\/www.carbonactivatedeurope.com\/wp-content\/uploads\/2025\/04\/mission-image-home.webp 668w, https:\/\/www.carbonactivatedeurope.com\/wp-content\/uploads\/2025\/04\/mission-image-home-300x199.webp 300w\" sizes=\"(max-width: 668px) 100vw, 668px\" \/>\t\t\t\t\t\t\t\t\t\t\t\t\t\t\t<\/div>\n\t\t\t\t<\/div>\n\t\t\t\t\t<\/div>\n\t\t<\/div>\n\t\t\t\t\t<\/div>\n\t\t<\/section>\n\t\t\t\t<section class=\"elementor-section elementor-top-section elementor-element elementor-element-b448664 elementor-section-boxed elementor-section-height-default elementor-section-height-default\" data-id=\"b448664\" data-element_type=\"section\" data-e-type=\"section\" data-settings=\"{&quot;background_background&quot;:&quot;classic&quot;}\">\n\t\t\t\t\t\t<div class=\"elementor-container elementor-column-gap-default\">\n\t\t\t\t\t<div class=\"elementor-column elementor-col-100 elementor-top-column elementor-element elementor-element-18c9116\" data-id=\"18c9116\" data-element_type=\"column\" data-e-type=\"column\">\n\t\t\t<div class=\"elementor-widget-wrap elementor-element-populated\">\n\t\t\t\t\t\t<div class=\"elementor-element elementor-element-cde5dcc elementor-widget elementor-widget-heading\" data-id=\"cde5dcc\" data-element_type=\"widget\" data-e-type=\"widget\" data-widget_type=\"heading.default\">\n\t\t\t\t<div class=\"elementor-widget-container\">\n\t\t\t\t\t<h2 class=\"elementor-heading-title elementor-size-default\">Ben\u00f6tigen Sie Unterst\u00fctzung bei einer Aktivkohlel\u00f6sung? <br>\nDann sind wir Ihr richtiger Ansprechpartner.<\/h2>\t\t\t\t<\/div>\n\t\t\t\t<\/div>\n\t\t\t\t<div class=\"elementor-element elementor-element-e79b226 elementor-align-center elementor-widget elementor-widget-button\" data-id=\"e79b226\" data-element_type=\"widget\" data-e-type=\"widget\" data-widget_type=\"button.default\">\n\t\t\t\t<div class=\"elementor-widget-container\">\n\t\t\t\t\t\t\t\t\t<div class=\"elementor-button-wrapper\">\n\t\t\t\t\t<a class=\"elementor-button elementor-button-link elementor-size-md\" href=\"\/de\/kontakt\/\">\n\t\t\t\t\t\t<span class=\"elementor-button-content-wrapper\">\n\t\t\t\t\t\t\t\t\t<span class=\"elementor-button-text\">Kontaktieren Sie uns<\/span>\n\t\t\t\t\t<\/span>\n\t\t\t\t\t<\/a>\n\t\t\t\t<\/div>\n\t\t\t\t\t\t\t\t<\/div>\n\t\t\t\t<\/div>\n\t\t\t\t\t<\/div>\n\t\t<\/div>\n\t\t\t\t\t<\/div>\n\t\t<\/section>\n\t\t\t\t<\/div>\n\t\t","protected":false},"excerpt":{"rendered":"<p>Erkl\u00e4rung zur Nachhaltigkeit Wir wollen als Unternehmen immer nachhaltiger werden und so die klare F\u00fchrungsposition in unserer Branche einnehmen. Wir laden Sie herzlich ein, uns auf diesem Weg zu mehr Nachhaltigkeit zu begleiten. Wie alle pflichtbewussten Unternehmen sind wir davon \u00fcberzeugt, dass wir der Gesellschaft und der ganzen Welt gegen\u00fcber Verantwortung tragen.&nbsp;&nbsp;Im Mittelpunkt dieser \u00dcberzeugung [&hellip;]<\/p>\n","protected":false},"author":5,"featured_media":0,"parent":0,"menu_order":0,"comment_status":"closed","ping_status":"closed","template":"","meta":{"_monsterinsights_skip_tracking":false,"_monsterinsights_sitenote_active":false,"_monsterinsights_sitenote_note":"","_monsterinsights_sitenote_category":0,"site-sidebar-layout":"no-sidebar","site-content-layout":"page-builder","ast-site-content-layout":"full-width-container","site-content-style":"unboxed","site-sidebar-style":"unboxed","ast-global-header-display":"","ast-banner-title-visibility":"","ast-main-header-display":"","ast-hfb-above-header-display":"","ast-hfb-below-header-display":"","ast-hfb-mobile-header-display":"","site-post-title":"disabled","ast-breadcrumbs-content":"","ast-featured-img":"disabled","footer-sml-layout":"","theme-transparent-header-meta":"enabled","adv-header-id-meta":"","stick-header-meta":"","header-above-stick-meta":"","header-main-stick-meta":"","header-below-stick-meta":"","astra-migrate-meta-layouts":"default","ast-page-background-enabled":"default","ast-page-background-meta":{"desktop":{"background-color":"","background-image":"","background-repeat":"repeat","background-position":"center center","background-size":"auto","background-attachment":"scroll","background-type":"","background-media":"","overlay-type":"","overlay-color":"","overlay-gradient":""},"tablet":{"background-color":"","background-image":"","background-repeat":"repeat","background-position":"center center","background-size":"auto","background-attachment":"scroll","background-type":"","background-media":"","overlay-type":"","overlay-color":"","overlay-gradient":""},"mobile":{"background-color":"","background-image":"","background-repeat":"repeat","background-position":"center center","background-size":"auto","background-attachment":"scroll","background-type":"","background-media":"","overlay-type":"","overlay-color":"","overlay-gradient":""}},"ast-content-background-meta":{"desktop":{"background-color":"var(--ast-global-color-5)","background-image":"","background-repeat":"repeat","background-position":"center center","background-size":"auto","background-attachment":"scroll","background-type":"","background-media":"","overlay-type":"","overlay-color":"","overlay-gradient":""},"tablet":{"background-color":"var(--ast-global-color-5)","background-image":"","background-repeat":"repeat","background-position":"center center","background-size":"auto","background-attachment":"scroll","background-type":"","background-media":"","overlay-type":"","overlay-color":"","overlay-gradient":""},"mobile":{"background-color":"var(--ast-global-color-5)","background-image":"","background-repeat":"repeat","background-position":"center center","background-size":"auto","background-attachment":"scroll","background-type":"","background-media":"","overlay-type":"","overlay-color":"","overlay-gradient":""}},"footnotes":""},"class_list":["post-8825","page","type-page","status-publish","hentry"],"yoast_head":"<!-- This site is optimized with the Yoast SEO plugin v26.9 - https:\/\/yoast.com\/product\/yoast-seo-wordpress\/ -->\n<title>Nachhaltigkeit - Carbon Activated Europe<\/title>\n<meta name=\"robots\" content=\"index, follow, max-snippet:-1, max-image-preview:large, max-video-preview:-1\" \/>\n<link rel=\"canonical\" href=\"https:\/\/www.carbonactivatedeurope.com\/de\/nachhaltigkeit\/\" \/>\n<meta property=\"og:locale\" content=\"de_DE\" \/>\n<meta property=\"og:type\" content=\"article\" \/>\n<meta property=\"og:title\" content=\"Nachhaltigkeit - Carbon Activated Europe\" \/>\n<meta property=\"og:description\" content=\"Erkl\u00e4rung zur Nachhaltigkeit Wir wollen als Unternehmen immer nachhaltiger werden und so die klare F\u00fchrungsposition in unserer Branche einnehmen. Wir laden Sie herzlich ein, uns auf diesem Weg zu mehr Nachhaltigkeit zu begleiten. Wie alle pflichtbewussten Unternehmen sind wir davon \u00fcberzeugt, dass wir der Gesellschaft und der ganzen Welt gegen\u00fcber Verantwortung tragen.&nbsp;&nbsp;Im Mittelpunkt dieser \u00dcberzeugung [&hellip;]\" \/>\n<meta property=\"og:url\" content=\"https:\/\/www.carbonactivatedeurope.com\/de\/nachhaltigkeit\/\" \/>\n<meta property=\"og:site_name\" content=\"Carbon Activated Europe\" \/>\n<meta property=\"article:modified_time\" content=\"2025-04-01T16:21:40+00:00\" \/>\n<meta property=\"og:image\" content=\"https:\/\/www.carbonactivatedeurope.com\/wp-content\/uploads\/2025\/04\/mission-image-home.webp\" \/>\n<meta name=\"twitter:card\" content=\"summary_large_image\" \/>\n<meta name=\"twitter:label1\" content=\"Gesch\u00e4tzte Lesezeit\" \/>\n\t<meta name=\"twitter:data1\" content=\"3\u00a0Minuten\" \/>\n<script type=\"application\/ld+json\" class=\"yoast-schema-graph\">{\"@context\":\"https:\/\/schema.org\",\"@graph\":[{\"@type\":\"WebPage\",\"@id\":\"https:\/\/www.carbonactivatedeurope.com\/de\/nachhaltigkeit\/\",\"url\":\"https:\/\/www.carbonactivatedeurope.com\/de\/nachhaltigkeit\/\",\"name\":\"Nachhaltigkeit - Carbon Activated Europe\",\"isPartOf\":{\"@id\":\"https:\/\/www.carbonactivatedeurope.com\/de\/#website\"},\"primaryImageOfPage\":{\"@id\":\"https:\/\/www.carbonactivatedeurope.com\/de\/nachhaltigkeit\/#primaryimage\"},\"image\":{\"@id\":\"https:\/\/www.carbonactivatedeurope.com\/de\/nachhaltigkeit\/#primaryimage\"},\"thumbnailUrl\":\"https:\/\/www.carbonactivatedeurope.com\/wp-content\/uploads\/2025\/04\/mission-image-home.webp\",\"datePublished\":\"2022-11-17T21:30:48+00:00\",\"dateModified\":\"2025-04-01T16:21:40+00:00\",\"breadcrumb\":{\"@id\":\"https:\/\/www.carbonactivatedeurope.com\/de\/nachhaltigkeit\/#breadcrumb\"},\"inLanguage\":\"de\",\"potentialAction\":[{\"@type\":\"ReadAction\",\"target\":[\"https:\/\/www.carbonactivatedeurope.com\/de\/nachhaltigkeit\/\"]}]},{\"@type\":\"ImageObject\",\"inLanguage\":\"de\",\"@id\":\"https:\/\/www.carbonactivatedeurope.com\/de\/nachhaltigkeit\/#primaryimage\",\"url\":\"https:\/\/www.carbonactivatedeurope.com\/wp-content\/uploads\/2025\/04\/mission-image-home.webp\",\"contentUrl\":\"https:\/\/www.carbonactivatedeurope.com\/wp-content\/uploads\/2025\/04\/mission-image-home.webp\"},{\"@type\":\"BreadcrumbList\",\"@id\":\"https:\/\/www.carbonactivatedeurope.com\/de\/nachhaltigkeit\/#breadcrumb\",\"itemListElement\":[{\"@type\":\"ListItem\",\"position\":1,\"name\":\"Home\",\"item\":\"https:\/\/www.carbonactivatedeurope.com\/de\/\"},{\"@type\":\"ListItem\",\"position\":2,\"name\":\"Nachhaltigkeit\"}]},{\"@type\":\"WebSite\",\"@id\":\"https:\/\/www.carbonactivatedeurope.com\/de\/#website\",\"url\":\"https:\/\/www.carbonactivatedeurope.com\/de\/\",\"name\":\"Carbon Activated Europe\",\"description\":\"\",\"publisher\":{\"@id\":\"https:\/\/www.carbonactivatedeurope.com\/de\/#organization\"},\"potentialAction\":[{\"@type\":\"SearchAction\",\"target\":{\"@type\":\"EntryPoint\",\"urlTemplate\":\"https:\/\/www.carbonactivatedeurope.com\/de\/?s={search_term_string}\"},\"query-input\":{\"@type\":\"PropertyValueSpecification\",\"valueRequired\":true,\"valueName\":\"search_term_string\"}}],\"inLanguage\":\"de\"},{\"@type\":\"Organization\",\"@id\":\"https:\/\/www.carbonactivatedeurope.com\/de\/#organization\",\"name\":\"Carbon Activated Europe\",\"url\":\"https:\/\/www.carbonactivatedeurope.com\/de\/\",\"logo\":{\"@type\":\"ImageObject\",\"inLanguage\":\"de\",\"@id\":\"https:\/\/www.carbonactivatedeurope.com\/de\/#\/schema\/logo\/image\/\",\"url\":\"https:\/\/www.carbonactivatedeurope.com\/wp-content\/uploads\/2022\/07\/CAE-Logo-Blue.png\",\"contentUrl\":\"https:\/\/www.carbonactivatedeurope.com\/wp-content\/uploads\/2022\/07\/CAE-Logo-Blue.png\",\"width\":554,\"height\":275,\"caption\":\"Carbon Activated Europe\"},\"image\":{\"@id\":\"https:\/\/www.carbonactivatedeurope.com\/de\/#\/schema\/logo\/image\/\"},\"sameAs\":[\"https:\/\/www.linkedin.com\/company\/carbon-activated-europe\/posts\/?feedView=all\"]}]}<\/script>\n<!-- \/ Yoast SEO plugin. -->","yoast_head_json":{"title":"Nachhaltigkeit - Carbon Activated Europe","robots":{"index":"index","follow":"follow","max-snippet":"max-snippet:-1","max-image-preview":"max-image-preview:large","max-video-preview":"max-video-preview:-1"},"canonical":"https:\/\/www.carbonactivatedeurope.com\/de\/nachhaltigkeit\/","og_locale":"de_DE","og_type":"article","og_title":"Nachhaltigkeit - Carbon Activated Europe","og_description":"Erkl\u00e4rung zur Nachhaltigkeit Wir wollen als Unternehmen immer nachhaltiger werden und so die klare F\u00fchrungsposition in unserer Branche einnehmen. Wir laden Sie herzlich ein, uns auf diesem Weg zu mehr Nachhaltigkeit zu begleiten. Wie alle pflichtbewussten Unternehmen sind wir davon \u00fcberzeugt, dass wir der Gesellschaft und der ganzen Welt gegen\u00fcber Verantwortung tragen.&nbsp;&nbsp;Im Mittelpunkt dieser \u00dcberzeugung [&hellip;]","og_url":"https:\/\/www.carbonactivatedeurope.com\/de\/nachhaltigkeit\/","og_site_name":"Carbon Activated Europe","article_modified_time":"2025-04-01T16:21:40+00:00","og_image":[{"url":"https:\/\/www.carbonactivatedeurope.com\/wp-content\/uploads\/2025\/04\/mission-image-home.webp","type":"","width":"","height":""}],"twitter_card":"summary_large_image","twitter_misc":{"Gesch\u00e4tzte Lesezeit":"3\u00a0Minuten"},"schema":{"@context":"https:\/\/schema.org","@graph":[{"@type":"WebPage","@id":"https:\/\/www.carbonactivatedeurope.com\/de\/nachhaltigkeit\/","url":"https:\/\/www.carbonactivatedeurope.com\/de\/nachhaltigkeit\/","name":"Nachhaltigkeit - Carbon Activated Europe","isPartOf":{"@id":"https:\/\/www.carbonactivatedeurope.com\/de\/#website"},"primaryImageOfPage":{"@id":"https:\/\/www.carbonactivatedeurope.com\/de\/nachhaltigkeit\/#primaryimage"},"image":{"@id":"https:\/\/www.carbonactivatedeurope.com\/de\/nachhaltigkeit\/#primaryimage"},"thumbnailUrl":"https:\/\/www.carbonactivatedeurope.com\/wp-content\/uploads\/2025\/04\/mission-image-home.webp","datePublished":"2022-11-17T21:30:48+00:00","dateModified":"2025-04-01T16:21:40+00:00","breadcrumb":{"@id":"https:\/\/www.carbonactivatedeurope.com\/de\/nachhaltigkeit\/#breadcrumb"},"inLanguage":"de","potentialAction":[{"@type":"ReadAction","target":["https:\/\/www.carbonactivatedeurope.com\/de\/nachhaltigkeit\/"]}]},{"@type":"ImageObject","inLanguage":"de","@id":"https:\/\/www.carbonactivatedeurope.com\/de\/nachhaltigkeit\/#primaryimage","url":"https:\/\/www.carbonactivatedeurope.com\/wp-content\/uploads\/2025\/04\/mission-image-home.webp","contentUrl":"https:\/\/www.carbonactivatedeurope.com\/wp-content\/uploads\/2025\/04\/mission-image-home.webp"},{"@type":"BreadcrumbList","@id":"https:\/\/www.carbonactivatedeurope.com\/de\/nachhaltigkeit\/#breadcrumb","itemListElement":[{"@type":"ListItem","position":1,"name":"Home","item":"https:\/\/www.carbonactivatedeurope.com\/de\/"},{"@type":"ListItem","position":2,"name":"Nachhaltigkeit"}]},{"@type":"WebSite","@id":"https:\/\/www.carbonactivatedeurope.com\/de\/#website","url":"https:\/\/www.carbonactivatedeurope.com\/de\/","name":"Carbon Activated Europe","description":"","publisher":{"@id":"https:\/\/www.carbonactivatedeurope.com\/de\/#organization"},"potentialAction":[{"@type":"SearchAction","target":{"@type":"EntryPoint","urlTemplate":"https:\/\/www.carbonactivatedeurope.com\/de\/?s={search_term_string}"},"query-input":{"@type":"PropertyValueSpecification","valueRequired":true,"valueName":"search_term_string"}}],"inLanguage":"de"},{"@type":"Organization","@id":"https:\/\/www.carbonactivatedeurope.com\/de\/#organization","name":"Carbon Activated Europe","url":"https:\/\/www.carbonactivatedeurope.com\/de\/","logo":{"@type":"ImageObject","inLanguage":"de","@id":"https:\/\/www.carbonactivatedeurope.com\/de\/#\/schema\/logo\/image\/","url":"https:\/\/www.carbonactivatedeurope.com\/wp-content\/uploads\/2022\/07\/CAE-Logo-Blue.png","contentUrl":"https:\/\/www.carbonactivatedeurope.com\/wp-content\/uploads\/2022\/07\/CAE-Logo-Blue.png","width":554,"height":275,"caption":"Carbon Activated Europe"},"image":{"@id":"https:\/\/www.carbonactivatedeurope.com\/de\/#\/schema\/logo\/image\/"},"sameAs":["https:\/\/www.linkedin.com\/company\/carbon-activated-europe\/posts\/?feedView=all"]}]}},"_links":{"self":[{"href":"https:\/\/www.carbonactivatedeurope.com\/de\/wp-json\/wp\/v2\/pages\/8825","targetHints":{"allow":["GET"]}}],"collection":[{"href":"https:\/\/www.carbonactivatedeurope.com\/de\/wp-json\/wp\/v2\/pages"}],"about":[{"href":"https:\/\/www.carbonactivatedeurope.com\/de\/wp-json\/wp\/v2\/types\/page"}],"author":[{"embeddable":true,"href":"https:\/\/www.carbonactivatedeurope.com\/de\/wp-json\/wp\/v2\/users\/5"}],"replies":[{"embeddable":true,"href":"https:\/\/www.carbonactivatedeurope.com\/de\/wp-json\/wp\/v2\/comments?post=8825"}],"version-history":[{"count":8,"href":"https:\/\/www.carbonactivatedeurope.com\/de\/wp-json\/wp\/v2\/pages\/8825\/revisions"}],"predecessor-version":[{"id":16052,"href":"https:\/\/www.carbonactivatedeurope.com\/de\/wp-json\/wp\/v2\/pages\/8825\/revisions\/16052"}],"wp:attachment":[{"href":"https:\/\/www.carbonactivatedeurope.com\/de\/wp-json\/wp\/v2\/media?parent=8825"}],"curies":[{"name":"wp","href":"https:\/\/api.w.org\/{rel}","templated":true}]}}