{"id":8742,"date":"2022-09-19T14:59:50","date_gmt":"2022-09-19T14:59:50","guid":{"rendered":"https:\/\/testing.carbonactivatedeurope.com\/laboruntersuchungen\/"},"modified":"2025-04-01T16:15:56","modified_gmt":"2025-04-01T16:15:56","slug":"laboruntersuchungen","status":"publish","type":"page","link":"https:\/\/www.carbonactivatedeurope.com\/de\/dienstleistungen\/laboruntersuchungen\/","title":{"rendered":"Laboruntersuchungen"},"content":{"rendered":"\t\t<div data-elementor-type=\"wp-post\" data-elementor-id=\"8742\" class=\"elementor elementor-8742 elementor-1233\">\n\t\t\t\t\t\t<section class=\"elementor-section elementor-top-section elementor-element elementor-element-39dabc18 elementor-section-content-middle elementor-section-boxed elementor-section-height-default elementor-section-height-default\" data-id=\"39dabc18\" data-element_type=\"section\" data-e-type=\"section\" data-settings=\"{&quot;background_background&quot;:&quot;classic&quot;}\">\n\t\t\t\t\t\t\t<div class=\"elementor-background-overlay\"><\/div>\n\t\t\t\t\t\t\t<div class=\"elementor-container elementor-column-gap-no\">\n\t\t\t\t\t<div class=\"elementor-column elementor-col-100 elementor-top-column elementor-element elementor-element-f60585f\" data-id=\"f60585f\" data-element_type=\"column\" data-e-type=\"column\">\n\t\t\t<div class=\"elementor-widget-wrap elementor-element-populated\">\n\t\t\t\t\t\t<div class=\"elementor-element elementor-element-438af913 elementor-invisible elementor-widget elementor-widget-heading\" data-id=\"438af913\" data-element_type=\"widget\" data-e-type=\"widget\" data-settings=\"{&quot;_animation&quot;:&quot;fadeIn&quot;}\" data-widget_type=\"heading.default\">\n\t\t\t\t<div class=\"elementor-widget-container\">\n\t\t\t\t\t<h1 class=\"elementor-heading-title elementor-size-default\">Laboruntersuchungen<\/h1>\t\t\t\t<\/div>\n\t\t\t\t<\/div>\n\t\t\t\t\t<\/div>\n\t\t<\/div>\n\t\t\t\t\t<\/div>\n\t\t<\/section>\n\t\t\t\t<section class=\"elementor-section elementor-top-section elementor-element elementor-element-f320f14 elementor-section-boxed elementor-section-height-default elementor-section-height-default\" data-id=\"f320f14\" data-element_type=\"section\" data-e-type=\"section\">\n\t\t\t\t\t\t<div class=\"elementor-container elementor-column-gap-default\">\n\t\t\t\t\t<div class=\"elementor-column elementor-col-100 elementor-top-column elementor-element elementor-element-44eb5e5\" data-id=\"44eb5e5\" data-element_type=\"column\" data-e-type=\"column\">\n\t\t\t<div class=\"elementor-widget-wrap elementor-element-populated\">\n\t\t\t\t\t\t<div class=\"elementor-element elementor-element-c399a54 elementor-widget elementor-widget-heading\" data-id=\"c399a54\" data-element_type=\"widget\" data-e-type=\"widget\" data-widget_type=\"heading.default\">\n\t\t\t\t<div class=\"elementor-widget-container\">\n\t\t\t\t\t<h2 class=\"elementor-heading-title elementor-size-default\">Wir verf\u00fcgen \u00fcber zwei Labore f\u00fcr die Pr\u00fcfung von Aktivkohleprodukten<\/h2>\t\t\t\t<\/div>\n\t\t\t\t<\/div>\n\t\t\t\t\t<\/div>\n\t\t<\/div>\n\t\t\t\t\t<\/div>\n\t\t<\/section>\n\t\t\t\t<section class=\"elementor-section elementor-top-section elementor-element elementor-element-aac7692 elementor-section-boxed elementor-section-height-default elementor-section-height-default\" data-id=\"aac7692\" data-element_type=\"section\" data-e-type=\"section\">\n\t\t\t\t\t\t<div class=\"elementor-container elementor-column-gap-default\">\n\t\t\t\t\t<div class=\"elementor-column elementor-col-100 elementor-top-column elementor-element elementor-element-81298eb\" data-id=\"81298eb\" data-element_type=\"column\" data-e-type=\"column\">\n\t\t\t<div class=\"elementor-widget-wrap elementor-element-populated\">\n\t\t\t\t\t\t<div class=\"elementor-element elementor-element-21b8a88 elementor-widget elementor-widget-text-editor\" data-id=\"21b8a88\" data-element_type=\"widget\" data-e-type=\"widget\" data-widget_type=\"text-editor.default\">\n\t\t\t\t<div class=\"elementor-widget-container\">\n\t\t\t\t\t\t\t\t\tIn unseren Forschungs- und Entwicklungsanlagen in Bristol und Los Angeles bieten wir Qualit\u00e4tspr\u00fcfungen f\u00fcr alle ein- und ausgehenden Kohleprodukte an. Unsere Labore sind auch f\u00fcr die Pr\u00fcfung von Kundenmustern ausgestattet, mit denen wir zu den derzeit verwendeten Kohleprodukten passende Produkte finden oder leistungsst\u00e4rkere Alternativen empfehlen k\u00f6nnen. F\u00fcr unsere Forschung verwenden wir nur die beste Ausr\u00fcstung.\n Dies ist nur eine weitere Ebene unseres Supportangebots, mit dem wir qualitativ hochwertige Produkte und fundierte technische Beratung f\u00fcr unsere Kunden gew\u00e4hrleisten.\t\t\t\t\t\t\t\t<\/div>\n\t\t\t\t<\/div>\n\t\t\t\t\t<\/div>\n\t\t<\/div>\n\t\t\t\t\t<\/div>\n\t\t<\/section>\n\t\t\t\t<section class=\"elementor-section elementor-top-section elementor-element elementor-element-1e9ab4d elementor-section-boxed elementor-section-height-default elementor-section-height-default\" data-id=\"1e9ab4d\" data-element_type=\"section\" data-e-type=\"section\" data-settings=\"{&quot;background_background&quot;:&quot;classic&quot;}\">\n\t\t\t\t\t\t<div class=\"elementor-container elementor-column-gap-default\">\n\t\t\t\t\t<div class=\"elementor-column elementor-col-33 elementor-top-column elementor-element elementor-element-92f6502\" data-id=\"92f6502\" data-element_type=\"column\" data-e-type=\"column\">\n\t\t\t<div class=\"elementor-widget-wrap elementor-element-populated\">\n\t\t\t\t\t\t<div class=\"elementor-element elementor-element-671c541 elementor-widget elementor-widget-text-editor\" data-id=\"671c541\" data-element_type=\"widget\" data-e-type=\"widget\" data-widget_type=\"text-editor.default\">\n\t\t\t\t<div class=\"elementor-widget-container\">\n\t\t\t\t\t\t\t\t\t<h3 class=\"text-uppercase\">QUALIT\u00c4TSKONTROLLE<\/h3>\n<p>Unsere Standardtestverfahren gew\u00e4hrleisten, dass die Produkte die erforderlichen Richtlinien f\u00fcr die Produktqualit\u00e4tskontrolle erf\u00fcllen.<\/p>\n<ul type=\"square\">\n<li>Versandanalyse<\/li>\n<li>Analyse von reaktivierter Kohle<\/li>\n<li>Siebung und Zerkleinerung<\/li>\n<li>Pr\u00fcfung von impr\u00e4gnierter Kohle<\/li>\n<li>Analyse von Kundenproben<\/li>\n<li>Analyse der Produktkonformit\u00e4t gem\u00e4\u00df den Spezifikationen f\u00fcr:\n<ul type=\"\">\n<li>ASTM \u2013 American Society for Testing and Materials<\/li>\n<li>AARL-Methoden \u2013 Anglo American Research Laboratory<\/li>\n<li>EN-Normen \u2013 Europ\u00e4ische Normen<\/li>\n<li>EPA \u2013 Environmental Protection Agency<\/li>\n<li>CA \u2013 Prop65<\/li>\n<li>USP \u2013 United States Pharmacopeia<\/li>\n<li>unsere internen Laborstandards<\/li>\n<\/ul>\n<\/li>\n<li>Schlie\u00dflich nutzen wir auch Qualit\u00e4tsmanagement-Software, um unsere Audits und Inspektionen durchzuf\u00fchren und die Einhaltung der Vorschriften auf allen Ebenen unserer Gesch\u00e4fts- und Laborabl\u00e4ufe zu gew\u00e4hrleisten<\/li>\n<\/ul>\n\t\t\t\t\t\t\t\t<\/div>\n\t\t\t\t<\/div>\n\t\t\t\t\t<\/div>\n\t\t<\/div>\n\t\t\t\t<div class=\"elementor-column elementor-col-66 elementor-top-column elementor-element elementor-element-9eec7cb\" data-id=\"9eec7cb\" data-element_type=\"column\" data-e-type=\"column\">\n\t\t\t<div class=\"elementor-widget-wrap elementor-element-populated\">\n\t\t\t\t\t\t<div class=\"elementor-element elementor-element-097bb46 elementor-widget elementor-widget-image\" data-id=\"097bb46\" data-element_type=\"widget\" data-e-type=\"widget\" data-widget_type=\"image.default\">\n\t\t\t\t<div class=\"elementor-widget-container\">\n\t\t\t\t\t\t\t\t\t\t\t\t\t\t\t<img decoding=\"async\" src=\"https:\/\/www.carbonactivatedeurope.com\/wp-content\/uploads\/elementor\/thumbs\/labority-testing-riwi4822zf6pgv58odb8wuw6b43y790ryj88dl3irq.webp\" title=\"labority-testing\" alt=\"labority-testing\" loading=\"lazy\" \/>\t\t\t\t\t\t\t\t\t\t\t\t\t\t\t<\/div>\n\t\t\t\t<\/div>\n\t\t\t\t\t<\/div>\n\t\t<\/div>\n\t\t\t\t\t<\/div>\n\t\t<\/section>\n\t\t\t\t<section class=\"elementor-section elementor-top-section elementor-element elementor-element-2488f30 elementor-section-boxed elementor-section-height-default elementor-section-height-default\" data-id=\"2488f30\" data-element_type=\"section\" data-e-type=\"section\">\n\t\t\t\t\t\t<div class=\"elementor-container elementor-column-gap-default\">\n\t\t\t\t\t<div class=\"elementor-column elementor-col-100 elementor-top-column elementor-element elementor-element-636cba0\" data-id=\"636cba0\" data-element_type=\"column\" data-e-type=\"column\">\n\t\t\t<div class=\"elementor-widget-wrap\">\n\t\t\t\t\t\t\t<\/div>\n\t\t<\/div>\n\t\t\t\t\t<\/div>\n\t\t<\/section>\n\t\t\t\t<section class=\"elementor-section elementor-top-section elementor-element elementor-element-24d8e68 elementor-section-boxed elementor-section-height-default elementor-section-height-default\" data-id=\"24d8e68\" data-element_type=\"section\" data-e-type=\"section\" data-settings=\"{&quot;background_background&quot;:&quot;classic&quot;}\">\n\t\t\t\t\t\t<div class=\"elementor-container elementor-column-gap-default\">\n\t\t\t\t\t<div class=\"elementor-column elementor-col-100 elementor-top-column elementor-element elementor-element-d19eed1\" data-id=\"d19eed1\" data-element_type=\"column\" data-e-type=\"column\">\n\t\t\t<div class=\"elementor-widget-wrap elementor-element-populated\">\n\t\t\t\t\t\t<div class=\"elementor-element elementor-element-c2e73c6 elementor-widget elementor-widget-heading\" data-id=\"c2e73c6\" data-element_type=\"widget\" data-e-type=\"widget\" data-widget_type=\"heading.default\">\n\t\t\t\t<div class=\"elementor-widget-container\">\n\t\t\t\t\t<h2 class=\"elementor-heading-title elementor-size-default\">Mithilfe von technischer Beratung und Laborpr\u00fcfungen ermitteln wir das richtige Produkt f\u00fcr Ihre Projektspezifikationen. Wenden Sie sich gern gleich heute an unsere Experten.<\/h2>\t\t\t\t<\/div>\n\t\t\t\t<\/div>\n\t\t\t\t<div class=\"elementor-element elementor-element-d77bd78 elementor-align-center elementor-widget elementor-widget-button\" data-id=\"d77bd78\" data-element_type=\"widget\" data-e-type=\"widget\" data-widget_type=\"button.default\">\n\t\t\t\t<div class=\"elementor-widget-container\">\n\t\t\t\t\t\t\t\t\t<div class=\"elementor-button-wrapper\">\n\t\t\t\t\t<a class=\"elementor-button elementor-button-link elementor-size-md\" href=\"\/de\/kontakt\/\">\n\t\t\t\t\t\t<span class=\"elementor-button-content-wrapper\">\n\t\t\t\t\t\t\t\t\t<span class=\"elementor-button-text\">Kontaktieren Sie uns<\/span>\n\t\t\t\t\t<\/span>\n\t\t\t\t\t<\/a>\n\t\t\t\t<\/div>\n\t\t\t\t\t\t\t\t<\/div>\n\t\t\t\t<\/div>\n\t\t\t\t\t<\/div>\n\t\t<\/div>\n\t\t\t\t\t<\/div>\n\t\t<\/section>\n\t\t\t\t<\/div>\n\t\t","protected":false},"excerpt":{"rendered":"<p>Laboruntersuchungen Wir verf\u00fcgen \u00fcber zwei Labore f\u00fcr die Pr\u00fcfung von Aktivkohleprodukten In unseren Forschungs- und Entwicklungsanlagen in Bristol und Los Angeles bieten wir Qualit\u00e4tspr\u00fcfungen f\u00fcr alle ein- und ausgehenden Kohleprodukte an. Unsere Labore sind auch f\u00fcr die Pr\u00fcfung von Kundenmustern ausgestattet, mit denen wir zu den derzeit verwendeten Kohleprodukten passende Produkte finden oder leistungsst\u00e4rkere Alternativen [&hellip;]<\/p>\n","protected":false},"author":5,"featured_media":0,"parent":8917,"menu_order":0,"comment_status":"closed","ping_status":"closed","template":"","meta":{"_monsterinsights_skip_tracking":false,"_monsterinsights_sitenote_active":false,"_monsterinsights_sitenote_note":"","_monsterinsights_sitenote_category":0,"site-sidebar-layout":"no-sidebar","site-content-layout":"page-builder","ast-site-content-layout":"full-width-container","site-content-style":"unboxed","site-sidebar-style":"unboxed","ast-global-header-display":"","ast-banner-title-visibility":"","ast-main-header-display":"","ast-hfb-above-header-display":"","ast-hfb-below-header-display":"","ast-hfb-mobile-header-display":"","site-post-title":"disabled","ast-breadcrumbs-content":"","ast-featured-img":"disabled","footer-sml-layout":"","theme-transparent-header-meta":"enabled","adv-header-id-meta":"","stick-header-meta":"","header-above-stick-meta":"","header-main-stick-meta":"","header-below-stick-meta":"","astra-migrate-meta-layouts":"default","ast-page-background-enabled":"default","ast-page-background-meta":{"desktop":{"background-color":"","background-image":"","background-repeat":"repeat","background-position":"center center","background-size":"auto","background-attachment":"scroll","background-type":"","background-media":"","overlay-type":"","overlay-color":"","overlay-gradient":""},"tablet":{"background-color":"","background-image":"","background-repeat":"repeat","background-position":"center center","background-size":"auto","background-attachment":"scroll","background-type":"","background-media":"","overlay-type":"","overlay-color":"","overlay-gradient":""},"mobile":{"background-color":"","background-image":"","background-repeat":"repeat","background-position":"center center","background-size":"auto","background-attachment":"scroll","background-type":"","background-media":"","overlay-type":"","overlay-color":"","overlay-gradient":""}},"ast-content-background-meta":{"desktop":{"background-color":"var(--ast-global-color-5)","background-image":"","background-repeat":"repeat","background-position":"center center","background-size":"auto","background-attachment":"scroll","background-type":"","background-media":"","overlay-type":"","overlay-color":"","overlay-gradient":""},"tablet":{"background-color":"var(--ast-global-color-5)","background-image":"","background-repeat":"repeat","background-position":"center center","background-size":"auto","background-attachment":"scroll","background-type":"","background-media":"","overlay-type":"","overlay-color":"","overlay-gradient":""},"mobile":{"background-color":"var(--ast-global-color-5)","background-image":"","background-repeat":"repeat","background-position":"center center","background-size":"auto","background-attachment":"scroll","background-type":"","background-media":"","overlay-type":"","overlay-color":"","overlay-gradient":""}},"footnotes":""},"class_list":["post-8742","page","type-page","status-publish","hentry"],"yoast_head":"<!-- This site is optimized with the Yoast SEO plugin v26.9 - https:\/\/yoast.com\/product\/yoast-seo-wordpress\/ -->\n<title>Laboruntersuchungen - Carbon Activated Europe<\/title>\n<meta name=\"robots\" content=\"index, follow, max-snippet:-1, max-image-preview:large, max-video-preview:-1\" \/>\n<link rel=\"canonical\" href=\"https:\/\/www.carbonactivatedeurope.com\/de\/dienstleistungen\/laboruntersuchungen\/\" \/>\n<meta property=\"og:locale\" content=\"de_DE\" \/>\n<meta property=\"og:type\" content=\"article\" \/>\n<meta property=\"og:title\" content=\"Laboruntersuchungen - Carbon Activated Europe\" \/>\n<meta property=\"og:description\" content=\"Laboruntersuchungen Wir verf\u00fcgen \u00fcber zwei Labore f\u00fcr die Pr\u00fcfung von Aktivkohleprodukten In unseren Forschungs- und Entwicklungsanlagen in Bristol und Los Angeles bieten wir Qualit\u00e4tspr\u00fcfungen f\u00fcr alle ein- und ausgehenden Kohleprodukte an. Unsere Labore sind auch f\u00fcr die Pr\u00fcfung von Kundenmustern ausgestattet, mit denen wir zu den derzeit verwendeten Kohleprodukten passende Produkte finden oder leistungsst\u00e4rkere Alternativen [&hellip;]\" \/>\n<meta property=\"og:url\" content=\"https:\/\/www.carbonactivatedeurope.com\/de\/dienstleistungen\/laboruntersuchungen\/\" \/>\n<meta property=\"og:site_name\" content=\"Carbon Activated Europe\" \/>\n<meta property=\"article:modified_time\" content=\"2025-04-01T16:15:56+00:00\" \/>\n<meta property=\"og:image\" content=\"https:\/\/www.carbonactivatedeurope.com\/wp-content\/uploads\/elementor\/thumbs\/labority-testing-r3pkuz4fpha9wbxp7fyxowug48e02wk4uopep3kdza.webp\" \/>\n<meta name=\"twitter:card\" content=\"summary_large_image\" \/>\n<meta name=\"twitter:label1\" content=\"Gesch\u00e4tzte Lesezeit\" \/>\n\t<meta name=\"twitter:data1\" content=\"2\u00a0Minuten\" \/>\n<script type=\"application\/ld+json\" class=\"yoast-schema-graph\">{\"@context\":\"https:\/\/schema.org\",\"@graph\":[{\"@type\":\"WebPage\",\"@id\":\"https:\/\/www.carbonactivatedeurope.com\/de\/dienstleistungen\/laboruntersuchungen\/\",\"url\":\"https:\/\/www.carbonactivatedeurope.com\/de\/dienstleistungen\/laboruntersuchungen\/\",\"name\":\"Laboruntersuchungen - Carbon Activated Europe\",\"isPartOf\":{\"@id\":\"https:\/\/www.carbonactivatedeurope.com\/de\/#website\"},\"primaryImageOfPage\":{\"@id\":\"https:\/\/www.carbonactivatedeurope.com\/de\/dienstleistungen\/laboruntersuchungen\/#primaryimage\"},\"image\":{\"@id\":\"https:\/\/www.carbonactivatedeurope.com\/de\/dienstleistungen\/laboruntersuchungen\/#primaryimage\"},\"thumbnailUrl\":\"https:\/\/www.carbonactivatedeurope.com\/wp-content\/uploads\/elementor\/thumbs\/labority-testing-r3pkuz4fpha9wbxp7fyxowug48e02wk4uopep3kdza.webp\",\"datePublished\":\"2022-09-19T14:59:50+00:00\",\"dateModified\":\"2025-04-01T16:15:56+00:00\",\"breadcrumb\":{\"@id\":\"https:\/\/www.carbonactivatedeurope.com\/de\/dienstleistungen\/laboruntersuchungen\/#breadcrumb\"},\"inLanguage\":\"de\",\"potentialAction\":[{\"@type\":\"ReadAction\",\"target\":[\"https:\/\/www.carbonactivatedeurope.com\/de\/dienstleistungen\/laboruntersuchungen\/\"]}]},{\"@type\":\"ImageObject\",\"inLanguage\":\"de\",\"@id\":\"https:\/\/www.carbonactivatedeurope.com\/de\/dienstleistungen\/laboruntersuchungen\/#primaryimage\",\"url\":\"https:\/\/www.carbonactivatedeurope.com\/wp-content\/uploads\/elementor\/thumbs\/labority-testing-r3pkuz4fpha9wbxp7fyxowug48e02wk4uopep3kdza.webp\",\"contentUrl\":\"https:\/\/www.carbonactivatedeurope.com\/wp-content\/uploads\/elementor\/thumbs\/labority-testing-r3pkuz4fpha9wbxp7fyxowug48e02wk4uopep3kdza.webp\"},{\"@type\":\"BreadcrumbList\",\"@id\":\"https:\/\/www.carbonactivatedeurope.com\/de\/dienstleistungen\/laboruntersuchungen\/#breadcrumb\",\"itemListElement\":[{\"@type\":\"ListItem\",\"position\":1,\"name\":\"Home\",\"item\":\"https:\/\/www.carbonactivatedeurope.com\/de\/\"},{\"@type\":\"ListItem\",\"position\":2,\"name\":\"Service\",\"item\":\"https:\/\/www.carbonactivatedeurope.com\/de\/dienstleistungen\/\"},{\"@type\":\"ListItem\",\"position\":3,\"name\":\"Laboruntersuchungen\"}]},{\"@type\":\"WebSite\",\"@id\":\"https:\/\/www.carbonactivatedeurope.com\/de\/#website\",\"url\":\"https:\/\/www.carbonactivatedeurope.com\/de\/\",\"name\":\"Carbon Activated Europe\",\"description\":\"\",\"publisher\":{\"@id\":\"https:\/\/www.carbonactivatedeurope.com\/de\/#organization\"},\"potentialAction\":[{\"@type\":\"SearchAction\",\"target\":{\"@type\":\"EntryPoint\",\"urlTemplate\":\"https:\/\/www.carbonactivatedeurope.com\/de\/?s={search_term_string}\"},\"query-input\":{\"@type\":\"PropertyValueSpecification\",\"valueRequired\":true,\"valueName\":\"search_term_string\"}}],\"inLanguage\":\"de\"},{\"@type\":\"Organization\",\"@id\":\"https:\/\/www.carbonactivatedeurope.com\/de\/#organization\",\"name\":\"Carbon Activated Europe\",\"url\":\"https:\/\/www.carbonactivatedeurope.com\/de\/\",\"logo\":{\"@type\":\"ImageObject\",\"inLanguage\":\"de\",\"@id\":\"https:\/\/www.carbonactivatedeurope.com\/de\/#\/schema\/logo\/image\/\",\"url\":\"https:\/\/www.carbonactivatedeurope.com\/wp-content\/uploads\/2022\/07\/CAE-Logo-Blue.png\",\"contentUrl\":\"https:\/\/www.carbonactivatedeurope.com\/wp-content\/uploads\/2022\/07\/CAE-Logo-Blue.png\",\"width\":554,\"height\":275,\"caption\":\"Carbon Activated Europe\"},\"image\":{\"@id\":\"https:\/\/www.carbonactivatedeurope.com\/de\/#\/schema\/logo\/image\/\"},\"sameAs\":[\"https:\/\/www.linkedin.com\/company\/carbon-activated-europe\/posts\/?feedView=all\"]}]}<\/script>\n<!-- \/ Yoast SEO plugin. -->","yoast_head_json":{"title":"Laboruntersuchungen - Carbon Activated Europe","robots":{"index":"index","follow":"follow","max-snippet":"max-snippet:-1","max-image-preview":"max-image-preview:large","max-video-preview":"max-video-preview:-1"},"canonical":"https:\/\/www.carbonactivatedeurope.com\/de\/dienstleistungen\/laboruntersuchungen\/","og_locale":"de_DE","og_type":"article","og_title":"Laboruntersuchungen - Carbon Activated Europe","og_description":"Laboruntersuchungen Wir verf\u00fcgen \u00fcber zwei Labore f\u00fcr die Pr\u00fcfung von Aktivkohleprodukten In unseren Forschungs- und Entwicklungsanlagen in Bristol und Los Angeles bieten wir Qualit\u00e4tspr\u00fcfungen f\u00fcr alle ein- und ausgehenden Kohleprodukte an. Unsere Labore sind auch f\u00fcr die Pr\u00fcfung von Kundenmustern ausgestattet, mit denen wir zu den derzeit verwendeten Kohleprodukten passende Produkte finden oder leistungsst\u00e4rkere Alternativen [&hellip;]","og_url":"https:\/\/www.carbonactivatedeurope.com\/de\/dienstleistungen\/laboruntersuchungen\/","og_site_name":"Carbon Activated Europe","article_modified_time":"2025-04-01T16:15:56+00:00","og_image":[{"url":"https:\/\/www.carbonactivatedeurope.com\/wp-content\/uploads\/elementor\/thumbs\/labority-testing-r3pkuz4fpha9wbxp7fyxowug48e02wk4uopep3kdza.webp","type":"","width":"","height":""}],"twitter_card":"summary_large_image","twitter_misc":{"Gesch\u00e4tzte Lesezeit":"2\u00a0Minuten"},"schema":{"@context":"https:\/\/schema.org","@graph":[{"@type":"WebPage","@id":"https:\/\/www.carbonactivatedeurope.com\/de\/dienstleistungen\/laboruntersuchungen\/","url":"https:\/\/www.carbonactivatedeurope.com\/de\/dienstleistungen\/laboruntersuchungen\/","name":"Laboruntersuchungen - Carbon Activated Europe","isPartOf":{"@id":"https:\/\/www.carbonactivatedeurope.com\/de\/#website"},"primaryImageOfPage":{"@id":"https:\/\/www.carbonactivatedeurope.com\/de\/dienstleistungen\/laboruntersuchungen\/#primaryimage"},"image":{"@id":"https:\/\/www.carbonactivatedeurope.com\/de\/dienstleistungen\/laboruntersuchungen\/#primaryimage"},"thumbnailUrl":"https:\/\/www.carbonactivatedeurope.com\/wp-content\/uploads\/elementor\/thumbs\/labority-testing-r3pkuz4fpha9wbxp7fyxowug48e02wk4uopep3kdza.webp","datePublished":"2022-09-19T14:59:50+00:00","dateModified":"2025-04-01T16:15:56+00:00","breadcrumb":{"@id":"https:\/\/www.carbonactivatedeurope.com\/de\/dienstleistungen\/laboruntersuchungen\/#breadcrumb"},"inLanguage":"de","potentialAction":[{"@type":"ReadAction","target":["https:\/\/www.carbonactivatedeurope.com\/de\/dienstleistungen\/laboruntersuchungen\/"]}]},{"@type":"ImageObject","inLanguage":"de","@id":"https:\/\/www.carbonactivatedeurope.com\/de\/dienstleistungen\/laboruntersuchungen\/#primaryimage","url":"https:\/\/www.carbonactivatedeurope.com\/wp-content\/uploads\/elementor\/thumbs\/labority-testing-r3pkuz4fpha9wbxp7fyxowug48e02wk4uopep3kdza.webp","contentUrl":"https:\/\/www.carbonactivatedeurope.com\/wp-content\/uploads\/elementor\/thumbs\/labority-testing-r3pkuz4fpha9wbxp7fyxowug48e02wk4uopep3kdza.webp"},{"@type":"BreadcrumbList","@id":"https:\/\/www.carbonactivatedeurope.com\/de\/dienstleistungen\/laboruntersuchungen\/#breadcrumb","itemListElement":[{"@type":"ListItem","position":1,"name":"Home","item":"https:\/\/www.carbonactivatedeurope.com\/de\/"},{"@type":"ListItem","position":2,"name":"Service","item":"https:\/\/www.carbonactivatedeurope.com\/de\/dienstleistungen\/"},{"@type":"ListItem","position":3,"name":"Laboruntersuchungen"}]},{"@type":"WebSite","@id":"https:\/\/www.carbonactivatedeurope.com\/de\/#website","url":"https:\/\/www.carbonactivatedeurope.com\/de\/","name":"Carbon Activated Europe","description":"","publisher":{"@id":"https:\/\/www.carbonactivatedeurope.com\/de\/#organization"},"potentialAction":[{"@type":"SearchAction","target":{"@type":"EntryPoint","urlTemplate":"https:\/\/www.carbonactivatedeurope.com\/de\/?s={search_term_string}"},"query-input":{"@type":"PropertyValueSpecification","valueRequired":true,"valueName":"search_term_string"}}],"inLanguage":"de"},{"@type":"Organization","@id":"https:\/\/www.carbonactivatedeurope.com\/de\/#organization","name":"Carbon Activated Europe","url":"https:\/\/www.carbonactivatedeurope.com\/de\/","logo":{"@type":"ImageObject","inLanguage":"de","@id":"https:\/\/www.carbonactivatedeurope.com\/de\/#\/schema\/logo\/image\/","url":"https:\/\/www.carbonactivatedeurope.com\/wp-content\/uploads\/2022\/07\/CAE-Logo-Blue.png","contentUrl":"https:\/\/www.carbonactivatedeurope.com\/wp-content\/uploads\/2022\/07\/CAE-Logo-Blue.png","width":554,"height":275,"caption":"Carbon Activated Europe"},"image":{"@id":"https:\/\/www.carbonactivatedeurope.com\/de\/#\/schema\/logo\/image\/"},"sameAs":["https:\/\/www.linkedin.com\/company\/carbon-activated-europe\/posts\/?feedView=all"]}]}},"_links":{"self":[{"href":"https:\/\/www.carbonactivatedeurope.com\/de\/wp-json\/wp\/v2\/pages\/8742","targetHints":{"allow":["GET"]}}],"collection":[{"href":"https:\/\/www.carbonactivatedeurope.com\/de\/wp-json\/wp\/v2\/pages"}],"about":[{"href":"https:\/\/www.carbonactivatedeurope.com\/de\/wp-json\/wp\/v2\/types\/page"}],"author":[{"embeddable":true,"href":"https:\/\/www.carbonactivatedeurope.com\/de\/wp-json\/wp\/v2\/users\/5"}],"replies":[{"embeddable":true,"href":"https:\/\/www.carbonactivatedeurope.com\/de\/wp-json\/wp\/v2\/comments?post=8742"}],"version-history":[{"count":11,"href":"https:\/\/www.carbonactivatedeurope.com\/de\/wp-json\/wp\/v2\/pages\/8742\/revisions"}],"predecessor-version":[{"id":16040,"href":"https:\/\/www.carbonactivatedeurope.com\/de\/wp-json\/wp\/v2\/pages\/8742\/revisions\/16040"}],"up":[{"embeddable":true,"href":"https:\/\/www.carbonactivatedeurope.com\/de\/wp-json\/wp\/v2\/pages\/8917"}],"wp:attachment":[{"href":"https:\/\/www.carbonactivatedeurope.com\/de\/wp-json\/wp\/v2\/media?parent=8742"}],"curies":[{"name":"wp","href":"https:\/\/api.w.org\/{rel}","templated":true}]}}